{"id":100794,"date":"2020-09-03T10:12:03","date_gmt":"2020-09-03T10:12:03","guid":{"rendered":"https:\/\/essax.es\/?page_id=100794"},"modified":"2024-01-24T10:51:27","modified_gmt":"2024-01-24T10:51:27","slug":"guia-para-elegir-sillin","status":"publish","type":"page","link":"https:\/\/essax.es\/de\/guia-para-elegir-sillin","title":{"rendered":"Leitfaden zur Sattelauswahl"},"content":{"rendered":"<p>Die Wahl der richtigen Gr\u00f6\u00dfe beim Kauf eines Fahrrads ist f\u00fcr uns v\u00f6llig verinnerlicht und wei\u00df um die Bedeutung, die dies sp\u00e4ter im Gebrauch mit sich bringt. Das Gleiche gilt jedoch nicht f\u00fcr den Sattel, ein Bauteil, das f\u00fcr viele zweitrangig ist und von dem viele gar nicht wissen, dass es ihn in verschiedenen Breiten zu kaufen gibt.<\/p>\n<p>Obwohl wir uns dessen nicht ganz bewusst sind, st\u00fctzen wir das 60% beim Radfahren mit unserem Gewicht auf dem Sattel ab, was es neben der stundenlangen Dauernutzung unbedingt erforderlich macht, sorgf\u00e4ltig das Modell auszuw\u00e4hlen, das am besten zu uns passt.<\/p>\n<p><strong>Machen wir uns nichts vor; Es gibt KEINEN idealen Sattel, der f\u00fcr jeden passt. Das ist eine urbane Legende.<\/strong> Dasselbe Modell kann f\u00fcr einige der Favorit und f\u00fcr andere eine echte Folterbank sein, aus dem einfachen Grund, dass nicht alle K\u00f6rper gleich sind. Hier geben uns unser Aussehen, unser Gebrauch und unsere K\u00f6rperhaltung beim Treten gen\u00fcgend Informationen, um unsere Wahl zu treffen.<\/p>\n<p><span style=\"font-size: 18pt;\"><strong>Die Breite der S\u00e4ttel<\/strong><\/span><\/p>\n<p>Die Verwendung eines zu schmalen Sattels kann zu \u00fcberm\u00e4\u00dfigem Druck im Dammbereich und damit zu einer Unterbrechung des Blutflusses f\u00fchren. Aber eine zu breite Pedale f\u00fchrt zu Reibung, die unser Treten viel unbequemer und ineffizienter macht. L\u00f6sung? Bestimmen Sie unsere ideale Breite.<\/p>\n<p>Der Hauptgrund f\u00fcr unsere Wahl wird unsere Sitzknochenbreite sein, obwohl wir andere Faktoren wie die Art der Verwendung des Sattels (Stra\u00dfe, MTB, Triathlon...) und die K\u00f6rperhaltung, die wir einnehmen, nicht au\u00dfer Acht lassen sollten Normalerweise adoptieren wir, wenn wir mit dem Fahrrad fahren.<\/p>\n<p><span style=\"font-size: 18pt;\"><strong>Was sind die Ischione?<\/strong><\/span><\/p>\n<p><a href=\"https:\/\/essax.es\/wp-content\/uploads\/2020\/10\/isquiones-sillines-essax-01.jpg\"><img fetchpriority=\"high\" decoding=\"async\" class=\"aligncenter wp-image-100836 size-full\" src=\"https:\/\/essax.es\/wp-content\/uploads\/2020\/10\/isquiones-sillines-essax-01.jpg\" alt=\"\" width=\"596\" height=\"674\" srcset=\"https:\/\/essax.es\/wp-content\/uploads\/2020\/10\/isquiones-sillines-essax-01.jpg 596w, https:\/\/essax.es\/wp-content\/uploads\/2020\/10\/isquiones-sillines-essax-01-11x12.jpg 11w, https:\/\/essax.es\/wp-content\/uploads\/2020\/10\/isquiones-sillines-essax-01-265x300.jpg 265w, https:\/\/essax.es\/wp-content\/uploads\/2020\/10\/isquiones-sillines-essax-01-84x95.jpg 84w, https:\/\/essax.es\/wp-content\/uploads\/2020\/10\/isquiones-sillines-essax-01-200x226.jpg 200w, https:\/\/essax.es\/wp-content\/uploads\/2020\/10\/isquiones-sillines-essax-01-450x509.jpg 450w\" sizes=\"(max-width: 596px) 100vw, 596px\" \/><\/a>Die Sitzbeinknochen befinden sich im unteren Teil der H\u00fcfte und sind daf\u00fcr verantwortlich, unseren K\u00f6rper beim Sitzen zu st\u00fctzen. Au\u00dferdem sind sie mit dem Darmbein und dem Schambein verbunden, um die H\u00fcftgruppe zu bilden.<\/p>\n<p>Letzteres ist sehr anf\u00e4llig f\u00fcr Besch\u00e4digungen und Verletzungen, daher ist es wichtig, auf eine perfekte Unterst\u00fctzung des Sitzbeins zu achten, insbesondere bei Radfahrern, die viele Trainingskilometer absolvieren.<\/p>\n<p><span style=\"font-size: 18pt;\"><strong>Wie werden die Sitzknochen gemessen?<\/strong><\/span><\/p>\n<p>Obwohl ein biomechanischer Techniker die beste Option ist, um die Breite Ihrer Sitzknochen zu ermitteln, werden wir Ihnen eine hausgemachte, aber recht pr\u00e4zise Methode beibringen, die wir zu Hause mit Materialien durchf\u00fchren k\u00f6nnen, die wir alle zur Hand haben.<\/p>\n<p><a href=\"https:\/\/essax.es\/wp-content\/uploads\/2020\/10\/herramientas-medicion-isquiones-essax.jpg\"><img decoding=\"async\" class=\"size-full wp-image-100839 aligncenter\" src=\"https:\/\/essax.es\/wp-content\/uploads\/2020\/10\/herramientas-medicion-isquiones-essax.jpg\" alt=\"\" width=\"789\" height=\"149\" srcset=\"https:\/\/essax.es\/wp-content\/uploads\/2020\/10\/herramientas-medicion-isquiones-essax.jpg 789w, https:\/\/essax.es\/wp-content\/uploads\/2020\/10\/herramientas-medicion-isquiones-essax-18x3.jpg 18w, https:\/\/essax.es\/wp-content\/uploads\/2020\/10\/herramientas-medicion-isquiones-essax-300x57.jpg 300w, https:\/\/essax.es\/wp-content\/uploads\/2020\/10\/herramientas-medicion-isquiones-essax-768x145.jpg 768w, https:\/\/essax.es\/wp-content\/uploads\/2020\/10\/herramientas-medicion-isquiones-essax-769x145.jpg 769w, https:\/\/essax.es\/wp-content\/uploads\/2020\/10\/herramientas-medicion-isquiones-essax-84x16.jpg 84w, https:\/\/essax.es\/wp-content\/uploads\/2020\/10\/herramientas-medicion-isquiones-essax-200x38.jpg 200w, https:\/\/essax.es\/wp-content\/uploads\/2020\/10\/herramientas-medicion-isquiones-essax-450x85.jpg 450w\" sizes=\"(max-width: 789px) 100vw, 789px\" \/><\/a>Wir ben\u00f6tigen folgende:<\/p>\n<p>\u00b7 Ein St\u00fcck Wellpappe (das mit der gewellten Mittelschicht)<\/p>\n<p>\u00b7 Wei\u00dfe Kreide<\/p>\n<p>\u00b7 Kugelschreiber oder Bleistift<\/p>\n<p>\u00b7        Eine Regel<\/p>\n<p>Bei alledem gehen wir wie folgt vor:<\/p>\n<p><strong>1.<\/strong>\u00a0\u00a0\u00a0\u00a0\u00a0\u00a0 Idealerweise sollten wir den Test mit Radhosen machen, die aus einem sehr d\u00fcnnen Material bestehen und zweifellos dazu beitragen, dass sich die Abdr\u00fccke auf unseren Sitzknochen besser auf dem Karton widerspiegeln.<\/p>\n<p><strong>2.<\/strong>\u00a0\u00a0\u00a0\u00a0\u00a0\u00a0 Wir legen das St\u00fcck Pappe auf einen Stuhl oder Hocker und ber\u00fccksichtigen dabei, dass es sich um eine v\u00f6llig ebene und harte Oberfl\u00e4che handelt.<br \/>\n<strong><br \/>\n3.<\/strong>\u00a0\u00a0\u00a0\u00a0\u00a0\u00a0 Setzen Sie sich auf das St\u00fcck Pappe, halten Sie den R\u00fccken gerade und heben Sie die Zehen an. Halten Sie diese Haltung mindestens ein paar Minuten lang.<\/p>\n<p><strong><a href=\"https:\/\/essax.es\/wp-content\/uploads\/2020\/10\/prueba-isquiones-essax.jpg\"><img decoding=\"async\" class=\"aligncenter wp-image-100841 size-medium\" src=\"https:\/\/essax.es\/wp-content\/uploads\/2020\/10\/prueba-isquiones-essax-137x300.jpg\" alt=\"\" width=\"137\" height=\"300\" srcset=\"https:\/\/essax.es\/wp-content\/uploads\/2020\/10\/prueba-isquiones-essax-137x300.jpg 137w, https:\/\/essax.es\/wp-content\/uploads\/2020\/10\/prueba-isquiones-essax-5x12.jpg 5w, https:\/\/essax.es\/wp-content\/uploads\/2020\/10\/prueba-isquiones-essax-84x183.jpg 84w, https:\/\/essax.es\/wp-content\/uploads\/2020\/10\/prueba-isquiones-essax-200x437.jpg 200w, https:\/\/essax.es\/wp-content\/uploads\/2020\/10\/prueba-isquiones-essax.jpg 266w\" sizes=\"(max-width: 137px) 100vw, 137px\" \/><\/a><\/strong><\/p>\n<p><strong>4.<\/strong>\u00a0\u00a0\u00a0\u00a0\u00a0\u00a0 F\u00e4rben Sie den Karton mit wei\u00dfer Kreide. Damit werden Sie bereits die beiden Abdr\u00fccke erkennen, die beim St\u00fctzen der Sitzknochen entstehen werden.<\/p>\n<p><strong><a href=\"https:\/\/essax.es\/wp-content\/uploads\/2020\/10\/prueba-isquiones-essax-2.jpg\"><img loading=\"lazy\" decoding=\"async\" class=\"aligncenter wp-image-100843 size-medium\" src=\"https:\/\/essax.es\/wp-content\/uploads\/2020\/10\/prueba-isquiones-essax-2-300x271.jpg\" alt=\"\" width=\"300\" height=\"271\" srcset=\"https:\/\/essax.es\/wp-content\/uploads\/2020\/10\/prueba-isquiones-essax-2-300x271.jpg 300w, https:\/\/essax.es\/wp-content\/uploads\/2020\/10\/prueba-isquiones-essax-2-13x12.jpg 13w, https:\/\/essax.es\/wp-content\/uploads\/2020\/10\/prueba-isquiones-essax-2-84x76.jpg 84w, https:\/\/essax.es\/wp-content\/uploads\/2020\/10\/prueba-isquiones-essax-2-200x181.jpg 200w, https:\/\/essax.es\/wp-content\/uploads\/2020\/10\/prueba-isquiones-essax-2-450x407.jpg 450w, https:\/\/essax.es\/wp-content\/uploads\/2020\/10\/prueba-isquiones-essax-2.jpg 490w\" sizes=\"(max-width: 300px) 100vw, 300px\" \/><\/a><\/strong><\/p>\n<p>5. Zeichnen Sie einen Punkt in den mittleren Bereich jeder der beiden Markierungen. Messen Sie abschlie\u00dfend den Abstand zwischen beiden Punkten. Anhand des erhaltenen Ergebnisses k\u00f6nnen Sie anhand der folgenden Tabelle herausfinden, welche Sattelbreite ideal f\u00fcr Sie ist.<\/p>\n<p><a href=\"https:\/\/essax.es\/wp-content\/uploads\/2020\/10\/guia-tallas-sillines-essax-04.jpg\"><img loading=\"lazy\" decoding=\"async\" class=\"aligncenter size-full wp-image-100844\" src=\"https:\/\/essax.es\/wp-content\/uploads\/2020\/10\/guia-tallas-sillines-essax-04.jpg\" alt=\"\" width=\"843\" height=\"596\" srcset=\"https:\/\/essax.es\/wp-content\/uploads\/2020\/10\/guia-tallas-sillines-essax-04.jpg 843w, https:\/\/essax.es\/wp-content\/uploads\/2020\/10\/guia-tallas-sillines-essax-04-18x12.jpg 18w, https:\/\/essax.es\/wp-content\/uploads\/2020\/10\/guia-tallas-sillines-essax-04-300x212.jpg 300w, https:\/\/essax.es\/wp-content\/uploads\/2020\/10\/guia-tallas-sillines-essax-04-768x543.jpg 768w, https:\/\/essax.es\/wp-content\/uploads\/2020\/10\/guia-tallas-sillines-essax-04-769x544.jpg 769w, https:\/\/essax.es\/wp-content\/uploads\/2020\/10\/guia-tallas-sillines-essax-04-84x59.jpg 84w, https:\/\/essax.es\/wp-content\/uploads\/2020\/10\/guia-tallas-sillines-essax-04-200x141.jpg 200w, https:\/\/essax.es\/wp-content\/uploads\/2020\/10\/guia-tallas-sillines-essax-04-450x318.jpg 450w\" sizes=\"(max-width: 843px) 100vw, 843px\" \/><\/a><\/p>","protected":false},"excerpt":{"rendered":"<p>Elegir la talla correcta cuando compramos una bicicleta es algo que tenemos totalmente interiorizado, sabedores de la importancia que ello conlleva posteriormente durante su uso. Pero no podemos decir lo mismo sobre el sill\u00edn, un componente que muchos consideran secundario, y del que incluso muchos desconocen que se puede comprar con diferentes anchos. Aunque no [&hellip;]<\/p>","protected":false},"author":1,"featured_media":0,"parent":0,"menu_order":0,"comment_status":"closed","ping_status":"closed","template":"","meta":{"inline_featured_image":false,"footnotes":""},"class_list":["post-100794","page","type-page","status-publish","hentry"],"_links":{"self":[{"href":"https:\/\/essax.es\/de\/wp-json\/wp\/v2\/pages\/100794"}],"collection":[{"href":"https:\/\/essax.es\/de\/wp-json\/wp\/v2\/pages"}],"about":[{"href":"https:\/\/essax.es\/de\/wp-json\/wp\/v2\/types\/page"}],"author":[{"embeddable":true,"href":"https:\/\/essax.es\/de\/wp-json\/wp\/v2\/users\/1"}],"replies":[{"embeddable":true,"href":"https:\/\/essax.es\/de\/wp-json\/wp\/v2\/comments?post=100794"}],"version-history":[{"count":16,"href":"https:\/\/essax.es\/de\/wp-json\/wp\/v2\/pages\/100794\/revisions"}],"predecessor-version":[{"id":100858,"href":"https:\/\/essax.es\/de\/wp-json\/wp\/v2\/pages\/100794\/revisions\/100858"}],"wp:attachment":[{"href":"https:\/\/essax.es\/de\/wp-json\/wp\/v2\/media?parent=100794"}],"curies":[{"name":"wp","href":"https:\/\/api.w.org\/{rel}","templated":true}]}}