{"id":103480,"date":"2024-01-20T12:46:30","date_gmt":"2024-01-20T12:46:30","guid":{"rendered":"https:\/\/essax.es\/?page_id=103480"},"modified":"2025-04-14T13:12:57","modified_gmt":"2025-04-14T13:12:57","slug":"politica-de-privacidad","status":"publish","type":"page","link":"https:\/\/essax.es\/de\/politica-de-privacidad","title":{"rendered":"Datenschutzrichtlinie"},"content":{"rendered":"<p style=\"padding-left: 40px;\"><strong>1. Wer ist f\u00fcr den Schutz Ihrer personenbezogenen Daten verantwortlich?<\/strong><\/p>\n<p>ZYKLOO BUSINESS S.L. es la responsable de este sitio web y de todas las aplicaciones (m\u00f3viles) que se refieren a esta Pol\u00edtica de Privacidad. ZYKLOO BUSINESS S.L. se compromete a asumir toda la responsabilidad de la protecci\u00f3n y la seguridad de sus datos personales.<\/p>\n<p><strong>2. Welche personenbezogenen Daten werden erhoben?<\/strong><\/p>\n<p>Alle unsere Aktivit\u00e4ten basieren auf strengen ethischen Grunds\u00e4tzen und wir verpflichten uns, die Privatsph\u00e4re aller Besucher unserer Website und unserer (mobilen) Anwendungen zu sch\u00fctzen. Aus diesem Grund h\u00e4ngt die Art und Weise, wie wir Informationen sammeln und speichern, davon ab, wie unsere Website und die damit verbundenen Dienste genutzt werden.<\/p>\n<p style=\"padding-left: 40px;\"><strong>2.1 Daten, die durch Ihre Interaktion mit uns erfasst werden<\/strong><\/p>\n<p style=\"padding-left: 40px;\">Auf unseren Websites und (mobilen) Anwendungen kommen verschiedene Technologien zum Einsatz, um diese zu verbessern, benutzerfreundlicher, effizienter und sicherer zu machen. Diese Technologien k\u00f6nnen die automatische Erfassung von Daten sowohl durch uns als auch durch Dritte in unserem Auftrag beinhalten. Beispiele f\u00fcr diese Art von Technologien sind Cookies, Flash-Cookies und Webanalysen.<\/p>\n<p style=\"padding-left: 80px;\">2.1.1 Navigationsdaten (Click-Stream)<\/p>\n<p style=\"padding-left: 80px;\">Beim Besuch einer unserer Webseiten werden Daten von Ihrem Browser an unseren Server gesendet. Mithilfe dieser Daten k\u00f6nnen wir unsere Dienste optimieren und Ihr Erlebnis auf unseren Websites und Anwendungen verbessern. Die Daten werden automatisch von uns oder in unserem Auftrag durch Dritte erhoben und gespeichert. Zu diesen Daten k\u00f6nnen insbesondere geh\u00f6ren:<\/p>\n<p style=\"padding-left: 80px;\">_ die IP-Adresse des Besuchers<\/p>\n<p style=\"padding-left: 80px;\">_ Datum und Uhrzeit des Besuchs<\/p>\n<p style=\"padding-left: 80px;\">_ die verweisende URL (die Website, von der der Besucher kam)<\/p>\n<p style=\"padding-left: 80px;\">_ die auf unserer Website besuchten Seiten<\/p>\n<p style=\"padding-left: 80px;\">_ Informationen \u00fcber den verwendeten Browser (Browsertyp und -version, Betriebssystem usw.).<\/p>\n<p style=\"padding-left: 80px;\">2.1.2 Was Sie \u00fcber Cookies wissen sollten<\/p>\n<p style=\"padding-left: 80px;\">Zun\u00e4chst einmal: Was sind Cookies?<\/p>\n<p style=\"padding-left: 80px;\">Cookies sind kleine Textdateien, die auf Ihrem Computer oder Mobilger\u00e4t gespeichert werden. F\u00fcr die Zwecke dieses Abschnitts verwenden wir \u201eCookies\u201c als generisches Konzept f\u00fcr Techniken wie Cookies, Flash-Cookies, Web-Beacons und JavaScript. Cookies nehmen nicht viel Platz in Anspruch und werden nach Ablauf automatisch gel\u00f6scht. Einige Cookies verfallen am Ende Ihrer Internetsitzung, andere werden f\u00fcr eine begrenzte Zeit gespeichert.<\/p>\n<p style=\"padding-left: 80px;\">Zweitens... warum verwenden wir Cookies?<\/p>\n<p style=\"padding-left: 80px;\">ZYKLOO BUSINESS S.L. utiliza cookies para asegurarse de que su visita a nuestro sitio web sea lo m\u00e1s agradable posible. Existen distintos tipos de cookies con usos diferentes. Algunas simplemente le permiten navegar por el sitio web y ver ciertas funciones. Algunas nos dan una idea sobre su experiencia de navegaci\u00f3n, por ejemplo cuando tiene problemas para encontrar lo que est\u00e1 buscando, para que podamos mejorar y hacer que su pr\u00f3xima visita sea lo m\u00e1s agradable posible.<\/p>\n<p style=\"padding-left: 80px;\">Als n\u00e4chstes\u2026 welche verschiedenen Arten von Cookies verwenden wir?<\/p>\n<p style=\"padding-left: 80px;\">Las cookies m\u00e1s importantes son las cookies necesarias. \u00c9stas son esenciales y le ayudan a navegar en el sitio web y a utilizar las funciones b\u00e1sicas. Luego est\u00e1n las cookies funcionales que le permiten guardar su cesta de compra, crear una lista de deseos y guardar sus datos de env\u00edo para un proceso de compra m\u00e1s r\u00e1pido. Utilizamos las cookies de rendimiento para mejorar nuestro sitio web. Tambi\u00e9n nos gusta mostrarle ofertas relevantes. Para gestionar esto, recopilamos datos de navegaci\u00f3n. Las cookies de interacci\u00f3n le permiten interactuar con medios sociales o enviar comentarios. Cookies dirigidas. Estas cookies recogen sus preferencias para mostrarle anuncios relevantes fuera de los sitios de ZYKLOO BUSINESS S.L.. A continuaci\u00f3n, encontrar\u00e1 un resumen m\u00e1s detallado de los tipos de cookies que utilizamos:<\/p>\n<p style=\"padding-left: 80px;\">NOTWENDIGE COOKIES: Sie sind unerl\u00e4sslich und helfen Ihnen beim Navigieren, Navigieren auf der Website und beim Anzeigen bestimmter Funktionen. Diese Cookies stellen beispielsweise sicher, dass Ihr Warenkorb w\u00e4hrend aller Schritte Ihres Kaufvorgangs gespeichert wird.<\/p>\n<p style=\"padding-left: 80px;\">FUNKTIONALE COOKIES: dienen dazu, Ihnen ein noch zufriedenstellenderes Kundenerlebnis zu bieten. Diese Cookies helfen Ihnen, Ihren Warenkorb zu speichern und daran zu erinnern und erm\u00f6glichen Ihnen das Erstellen einer Wunschliste.<\/p>\n<p style=\"padding-left: 80px;\">PERFORMANCE-COOKIES: Helfen uns, das Kaufverhalten unserer Besucher zu verstehen. Dadurch k\u00f6nnen wir unsere Website weiter verbessern, um das Einkaufen f\u00fcr Sie einfacher und angenehmer zu gestalten.<\/p>\n<p style=\"padding-left: 80px;\">INTERAKTIONS-COOKIES: werden verwendet, um Ihre Meinung auszudr\u00fccken. Wir freuen uns \u00fcber Ihre Meinung zu unseren Produkten, unserer Website und uns im Allgemeinen. Mithilfe dieser Cookies k\u00f6nnen Sie in den sozialen Medien mitteilen, ob Sie uns m\u00f6gen oder weiterempfehlen, und mit unseren Servicebetreibern chatten. Sie k\u00f6nnen aber auch andere (potenzielle) Kunden von uns beraten, indem Sie unsere Produkte bewerten und bewerten.<\/p>\n<p style=\"padding-left: 80px;\">ZIELCOOKIES: Merken sich Ihre Produkt- und Kaufpr\u00e4ferenzen. Wir sind der Meinung, dass Relevanz in der Werbung von entscheidender Bedeutung ist. Diese Cookies erm\u00f6glichen es uns, Ihre Pr\u00e4ferenzen mit unseren Werbetreibenden zu teilen. Wenn Sie beispielsweise auf Google surfen, kann sich die angezeigte Anzeige besser an Ihre Vorlieben anpassen.<\/p>\n<p style=\"padding-left: 80px;\">Und schlie\u00dflich ... was ist, wenn Sie keine Kekse m\u00f6gen?<\/p>\n<p style=\"padding-left: 80px;\">Sie k\u00f6nnen Ihre Browsereinstellungen \u00e4ndern, um Cookies ohne Ihre ausdr\u00fcckliche Zustimmung zu l\u00f6schen oder zu verhindern, dass sie auf Ihrem Computer oder Mobilger\u00e4t gespeichert werden. Der \u201eHilfe\u201c-Bereich Ihres Browsers sollte Ihnen Informationen dar\u00fcber geben, wie Sie Ihre Cookie-Einstellungen verwalten. Erfahren Sie hier, wie es f\u00fcr Ihren Browser funktioniert:<\/p>\n<p style=\"padding-left: 80px;\">Internet Explorer: http:\/\/support.microsoft.com\/gp\/cookies\/en<\/p>\n<p style=\"padding-left: 80px;\">Mozilla Firefox: http:\/\/support.mozilla.com\/en-US\/kb\/Cookies<\/p>\n<p style=\"padding-left: 80px;\">GoogleChrome: http:\/\/www.google.com\/support\/chrome\/bin\/answer.py?hl=en&amp;answer=95647<\/p>\n<p style=\"padding-left: 80px;\">Safari: http:\/\/support.apple.com\/kb\/PH5042<\/p>\n<p style=\"padding-left: 80px;\">Opera: http:\/\/www.opera.com\/browser\/tutorials\/security\/privacy\/<\/p>\n<p style=\"padding-left: 80px;\">Adobe (Plugin f\u00fcr Flash-Cookies): http:\/\/www.adobe.com\/security\/flashplayer\/articles\/lso\/<\/p>\n<p style=\"padding-left: 40px;\"><strong>2.2 Von Ihnen bereitgestellte Daten<\/strong><\/p>\n<p style=\"padding-left: 40px;\">Zus\u00e4tzlich zu den automatisch erfassten Daten verarbeiten wir auch die Daten, die Sie uns mitteilen. Dazu geh\u00f6ren unter anderem:<\/p>\n<p style=\"padding-left: 40px;\">_ Ihre Kontaktinformationen, einschlie\u00dflich Ihres Vor- und Nachnamens, Ihrer Rechnungs- oder Lieferadresse, Ihres Geburtsdatums und Ihrer E-Mail-Adresse sowie optional Ihrer Telefonnummer. Wir ben\u00f6tigen Ihre E-Mail-Adresse und (optional) Ihre Telefonnummer, damit wir Sie kontaktieren k\u00f6nnen, wenn wir Fragen oder Informationen zu Ihrer Bestellung haben;<\/p>\n<p style=\"padding-left: 40px;\">_ Sonstige f\u00fcr die Abwicklung Ihrer Bestellung notwendige Informationen, wie z. B. Informationen zu den von Ihnen bestellten Produkten, die Rechnungs- und Lieferadresse sowie Ihre Bank- oder Kreditkartendaten;<\/p>\n<p style=\"padding-left: 40px;\">_ Wenn Sie ein Online-Profil erstellt haben, die in diesem Profil gespeicherten Pr\u00e4ferenzen und Interessen (weitere Informationen zu Profilen finden Sie weiter unten);<\/p>\n<p style=\"padding-left: 40px;\">_ Wenn Sie den Kundendienst kontaktiert haben, die Details und den Verlauf dieses Kontakts.<\/p>\n<p style=\"padding-left: 40px;\">Alle diese Daten zeichnen sich dadurch aus, dass Sie es sind, der die Informationen bereitstellt. Wir verwenden diese Informationen f\u00fcr die in dieser Datenschutzrichtlinie beschriebenen Zwecke. Sie k\u00f6nnen Ihre personenbezogenen Daten jederzeit berichtigen und der weiteren Verarbeitung widersprechen (siehe Abschnitt 5).<\/p>\n<p><strong>3. Verwendung der erhobenen Daten<\/strong><\/p>\n<p>Wir werden Ihre personenbezogenen Daten f\u00fcr Zwecke im Zusammenhang mit Ihrer Bestellung verwenden; zum Beispiel, um Sie \u00fcber den Status Ihrer Bestellung oder Lieferung zu informieren, technischen Support zu leisten oder Garantieleistungen zu erbringen. Wir nutzen Ihre Daten ggf. zur Beurteilung Ihrer Bonit\u00e4t, wof\u00fcr wir uns ggf. Dritter bedienen.<\/p>\n<p>Wenn Sie uns Ihre personenbezogenen Daten im Zusammenhang mit einer Werbeaktion, Veranstaltung, (mobilen) Anwendung usw. zur Verf\u00fcgung gestellt haben, senden wir Ihnen m\u00f6glicherweise E-Mails und andere Nachrichten im Zusammenhang mit der von Ihnen angeforderten Dienstleistung.<\/p>\n<p>Wenn Sie den Kundenservice kontaktieren, verwenden wir Ihre personenbezogenen Daten (einschlie\u00dflich Ihrer Kontakthistorie), damit der Kundenservice Ihr Anliegen bearbeiten und Ihnen den bestm\u00f6glichen Service bieten kann.<\/p>\n<p>Wenn Sie uns beim Verkauf eines Produkts oder einer Dienstleistung Ihre personenbezogenen Daten mitgeteilt haben, informieren wir Sie \u00fcber \u00e4hnliche Produkte oder Dienstleistungen. Wir k\u00f6nnen Sie auch nach dem Verkauf eines Produkts oder einer Dienstleistung kontaktieren, um Ihr Feedback einzuholen. Sollte ein Verkaufsprozess unterbrochen werden, senden wir Ihnen eine Erinnerungs-E-Mail. Sie k\u00f6nnen diese Benachrichtigungen sofort und kostenlos abbestellen, indem Sie auf einen Link in der entsprechenden E-Mail oder anderen Nachricht klicken (siehe Abschnitt 5 unten).<\/p>\n<p>Con su consentimiento expreso podemos ponernos en contacto con usted a trav\u00e9s de los datos de contacto suministrados por usted (incluidos por correo ordinario, correo electr\u00f3nico, SMS, tel\u00e9fono o por cualquier otro medio electr\u00f3nico) con fines de marketing, publicidad y estudios de opini\u00f3n de ZYKLOO BUSINESS S.L.. Esto incluye, por ejemplo, informaci\u00f3n relacionada con productos de ZYKLOO BUSINESS S.L., actividades de comercio electr\u00f3nico, ofertas especiales, promociones, as\u00ed como informaci\u00f3n sobre aperturas de tiendas locales, actividades de tiendas locales de ZYKLOO BUSINESS S.L. o eventos deportivos. Para poder contactarle en relaci\u00f3n con informaci\u00f3n que sea de especial inter\u00e9s para usted, analizaremos y usaremos de forma combinada su interacci\u00f3n en general con ZYKLOO BUSINESS S.L. (como, por ejemplo, su comportamiento de compra en tiendas virtuales, en tiendas f\u00edsicas ZYKLOO BUSINESS S.L., su uso de programas de fidelizaci\u00f3n, sus calificaciones y evaluaciones de productos, su historial de contactos con nuestro departamento de atenci\u00f3n al cliente, sus resultados de apertura y clics en el bolet\u00edn de noticias, su comportamiento de navegaci\u00f3n (seguimiento web), los tipos de boletines de noticias a los que usted est\u00e1 suscrito, su participaci\u00f3n en promociones o eventos, sus interacciones con mi coach y su uso de aplicaciones (m\u00f3viles)). Nosotros podremos proporcionar sus datos de contacto a ZYKLOO BUSINESS S.L. con fines de marketing, publicidad y estudios de opini\u00f3n. En el apartado 5 encontrar\u00e1 informaci\u00f3n sobre sus derechos, por ejemplo c\u00f3mo puede retirar su consentimiento o corregir sus datos personales.<\/p>\n<p><strong>4. Offenlegung von Informationen<\/strong><\/p>\n<p>Uno de nuestros principios fundamentales es que trataremos sus datos con cuidado y confidencialidad. Nosotros no venderemos sus datos a terceros. Si lo exige la ley, sus datos ser\u00e1n revelados a terceros. Siempre y cuando lo permita la legislaci\u00f3n aplicable, podremos transferir sus datos a otras empresas del grupo ZYKLOO BUSINESS S.L.<\/p>\n<p>Nosotros podremos utilizar proveedores de servicios y procesadores de datos que trabajen en nombre de ZYKLOO BUSINESS S.L. Los servicios pueden incluir servicios de alojamiento de sistemas y de mantenimiento, servicios de an\u00e1lisis, servicios de mensajer\u00eda por email, servicios de entrega, gesti\u00f3n de transacciones de pago, controles de solvencia y de direcci\u00f3n, etc. Se concede a estos terceros el acceso a dichos datos personales que precisan para poder prestar el servicio correspondiente. Los proveedores de servicios y los procesadores de datos est\u00e1n obligados contractualmente a tratar la informaci\u00f3n con la m\u00e1s estricta confidencialidad. Adem\u00e1s, se les proh\u00edbe contractualmente usar los datos en cualquier forma distinta de la exigida. Se han emprendido los pasos necesarios para garantizar que nuestros proveedores de servicios y los procesadores que trabajan en nombre de ZYKLOO BUSINESS S.L. protegen la confidencialidad de sus datos.<\/p>\n<p>Es kann vorkommen, dass wir nicht personenbezogene Daten anonym an unsere Partner weitergeben. Zu diesen nicht personenbezogenen Daten z\u00e4hlen beispielsweise Informationen \u00fcber die Anzahl der Besucher einer Website oder einer (mobilen) Anwendung in einem bestimmten Zeitraum. Im Allgemeinen werden diese Informationen nur in aggregierter Form weitergegeben.<\/p>\n<p><strong>5. Ihre Rechte<\/strong><\/p>\n<p>Wenn Sie uns \u00fcber unsere Websites oder andere Kan\u00e4le personenbezogene Daten mitteilen, erfolgt dies ausschlie\u00dflich auf freiwilliger Basis. Wenn Sie sich daf\u00fcr entscheiden, die angeforderten Informationen nicht bereitzustellen, k\u00f6nnen Sie bestimmte Kundenvorteile nicht nutzen. In einigen F\u00e4llen k\u00f6nnen nur Personen, die uns die erforderlichen personenbezogenen Daten zur Verf\u00fcgung gestellt haben, Produkte bestellen, bestimmte Dienstleistungen in Anspruch nehmen und die auf unserer Website und (mobilen) Anwendung verf\u00fcgbaren Aktivit\u00e4ten und Angebote anderweitig nutzen. Da uns Transparenz und Fairplay besonders am Herzen liegen, bieten wir Ihnen je nach Einzelfall verschiedene M\u00f6glichkeiten an, damit Sie die Kontrolle \u00fcber Ihre Daten behalten. Zu diesen Optionen kann die Online-Anzeige und Bearbeitung Ihrer Daten geh\u00f6ren. Dies kann auch die Abmeldung von bestimmten Diensten oder die L\u00f6schung von Benutzerkonten oder der Erhalt von Informationen \u00fcber gespeicherte Daten sein.<\/p>\n<p style=\"padding-left: 40px;\"><strong>5.1 Widerspruchs- und Abmelderecht<\/strong><\/p>\n<p style=\"padding-left: 40px;\">Los emails que ZYKLOO BUSINESS S.L. le env\u00eda que, por ejemplo, contienen un bolet\u00edn de noticias o contenidos de marketing, incluyen la opci\u00f3n de darse de baja para la recepci\u00f3n de tales emails siguiendo las instrucciones pertinentes en el correspondiente email. Si no quiere seguir recibiendo nuestros emails, puede hacer clic en dicho hiperv\u00ednculo de baja y dejaremos de enviarle emails en lo sucesivo.<\/p>\n<p style=\"padding-left: 40px;\">Wenn Sie nicht m\u00f6chten, dass Informationen \u00fcber Ihr Verhalten auf unserer Website oder (mobilen) Anwendung erfasst und ausgewertet werden, k\u00f6nnen Sie der Datenerfassung f\u00fcr Webanalysen widersprechen, wie in Abschnitt 9 unten beschrieben.<\/p>\n<p style=\"padding-left: 40px;\">Si no desea recibir informaci\u00f3n promocional y ofertas en general, incluidas las que se comunican por correo ordinario, por email, por SMS, por tel\u00e9fono o por cualquier otro medio electr\u00f3nico, o si desea retirar su consentimiento, puede tambi\u00e9n escribir en todo momento a ZYKLOO BUSINESS S.L. \u2013 C\/Lope de Vega, 48, Nave C, 03630 Sax (Alicante), con la referencia: data protection, o enviar un email a enlace a nuestro de Servicio de Atenci\u00f3n al Cliente: info@essax.es . En caso de que tengamos dudas sobre su identidad, podemos pedirle que se identifique (por ejemplo, enviando una copia de su pasaporte). A diferencia de otros gastos habituales de comunicaci\u00f3n, esto es gratuito.<\/p>\n<p style=\"padding-left: 40px;\">F\u00fcr andere Arten von Nachrichten, die Sie m\u00f6glicherweise erhalten, wie z. B. Wartungsank\u00fcndigungen oder Verwaltungsbenachrichtigungen, k\u00f6nnen Sie den Empfang dieser Nachrichten nur dann ablehnen, wenn Sie Ihr Konto l\u00f6schen, da solche Nachrichten ein obligatorischer Bestandteil von Benutzerkonten und der entsprechenden Nutzung unserer Websites sind (mobile Anwendungen. Sie k\u00f6nnen Ihr Konto auch l\u00f6schen, indem Sie eine E-Mail an den Link zu unserem Kundenservice senden: info@essax.es.<\/p>\n<p style=\"padding-left: 40px;\"><strong>5.2 Zugangsrecht<\/strong><\/p>\n<p style=\"padding-left: 40px;\">Sie haben jederzeit das Recht auf Auskunft \u00fcber Ihre gespeicherten personenbezogenen Daten, deren Herkunft und Empf\u00e4nger sowie den Zweck der Datenspeicherung. Sie k\u00f6nnen Informationen \u00fcber die gespeicherten personenbezogenen Daten erhalten, indem Sie die Kontaktdaten im Abschnitt \u201eKontaktinformationen\u201c unten verwenden.<\/p>\n<p style=\"padding-left: 40px;\"><strong>5.3 Recht auf Berichtigung und L\u00f6schung<\/strong><\/p>\n<p style=\"padding-left: 40px;\">Sie haben das Recht, die Berichtigung, Erg\u00e4nzung, L\u00f6schung oder Sperrung der \u00fcber Sie gespeicherten personenbezogenen Daten zu verlangen. Wir teilen Ihnen innerhalb von zehn Tagen nach Eingang Ihres Antrags mit, ob und in welchem Umfang wir Ihrem Antrag stattgeben. Sollten wir Ihrer Anfrage aus irgendeinem Grund nicht nachkommen k\u00f6nnen, teilen wir Ihnen die Gr\u00fcnde mit.<\/p>\n<p><strong>6. Informationssicherheit und Datenintegrit\u00e4t<\/strong><\/p>\n<p>Wir ergreifen geeignete technische und organisatorische Ma\u00dfnahmen, um personenbezogene Daten vor unbeabsichtigter oder unrechtm\u00e4\u00dfiger Zerst\u00f6rung oder unbefugtem Verlust, \u00c4nderung, Verwendung, Offenlegung oder unbefugtem Zugriff zu sch\u00fctzen, insbesondere wenn die Verarbeitung die \u00dcbertragung der Daten \u00fcber Netzwerke oder jede andere rechtswidrige Form der Verarbeitung und unsachgem\u00e4\u00dfen Gebrauchs umfasst verwenden.<\/p>\n<p><strong>7. Schutz personenbezogener Daten Minderj\u00e4hriger<\/strong><\/p>\n<p>La protecci\u00f3n de los datos personales de los menores es extremadamente importante. ZYKLOO BUSINESS S.L. considera que tiene la responsabilidad de proteger la privacidad de los menores y, consecuentemente, no tiene intenci\u00f3n de recopilar datos de menores de 18 a\u00f1os. Animamos a los padres y otros cuidadores a que naveguen por Internet junto con sus hijos y disfruten de Internet de manera responsable.<\/p>\n<p>Wenn ein Minderj\u00e4hriger unter 18 Jahren versucht, sich zu registrieren und einen Kauf zu t\u00e4tigen, wird die Zustimmung der Eltern\/Betreuer zur Best\u00e4tigung dieses Vorgangs eingeholt. Die im Rahmen des Besuchs des Minderj\u00e4hrigen bereitgestellten und erhobenen Daten (z. B. durch Cookies) k\u00f6nnen wie oben beschrieben verwendet werden.<\/p>\n<p>Aus diesem Grund bitten wir Eltern und andere Betreuer, die Internetnutzung von Kindern zu \u00fcberwachen und zu beaufsichtigen, um sie zu sch\u00fctzen.<\/p>\n<p><strong>8. Soziale Netzwerke<\/strong><\/p>\n<p>Unsere Website und (mobilen) Anwendungen bieten soziale Konnektoren zu verschiedenen sozialen Netzwerken. Wenn Sie sich f\u00fcr die Interaktion mit einem sozialen Netzwerk entscheiden, werden Ihre Aktivit\u00e4ten auf unserer Website oder \u00fcber unsere (mobilen) Anwendungen auch sozialen Netzwerken wie Facebook und Twitter zug\u00e4nglich gemacht.<\/p>\n<p>Wenn Sie w\u00e4hrend Ihres Besuchs auf einer unserer Websites oder (mobilen) Anwendungen bei einem dieser sozialen Netzwerke angemeldet sind, kann das soziale Netzwerk diese Informationen Ihrem Profil hinzuf\u00fcgen. Wenn Sie mit einem der sozialen Konnektoren interagieren, werden diese Informationen an das soziale Netzwerk \u00fcbermittelt. Wenn Sie eine solche Daten\u00fcbertragung nicht w\u00fcnschen, loggen Sie sich vor dem Betreten unserer Websites oder (mobilen) Anwendungen aus dem sozialen Netzwerk aus.<\/p>\n<p>Es liegt nicht in unserer Macht, diese Erhebung und Weitergabe von Daten durch soziale Konnektoren zu beeinflussen. Bitte lesen Sie die Datenschutzrichtlinien dieser sozialen Netzwerke, um detaillierte Informationen zur Erhebung und \u00dcbermittlung personenbezogener Daten, zu Ihren Rechten und zur Erzielung zufriedenstellender Datenschutzeinstellungen zu erhalten.<\/p>\n<p>Facebook: http:\/\/www.facebook.com\/about\/privacy\/<\/p>\n<p>Twitter: http:\/\/twitter.com\/privacy<\/p>\n<p>Google +: http:\/\/www.google.com\/intl\/en\/policies\/privacy\/<\/p>\n<p><strong>9. Geolocation-Dienste<\/strong><\/p>\n<p>Wir bieten Standortdienste in einigen unserer (mobilen) Anwendungen an, beispielsweise Google Maps und Bing Maps. Wenn Sie diese (mobilen) Anwendungen nutzen, erhalten diese m\u00f6glicherweise Informationen \u00fcber Ihren tats\u00e4chlichen Standort (z. B. GPS-Signale, die von einem mobilen Ger\u00e4t gesendet werden) oder Informationen, die zur Sch\u00e4tzung Ihres Standorts verwendet werden k\u00f6nnen. Im Allgemeinen k\u00f6nnen Sie Ihre Ortungsdienste in den Einstellungen Ihres Ger\u00e4ts oder Browsers aktivieren oder deaktivieren.<\/p>\n<p>Utilizamos el servicio de Google Maps o el servicio de Bing Maps para ayudarle a encontrar la tienda ZYKLOO BUSINESS S.L. m\u00e1s cercana. Para facilitar este proceso, cargamos una imagen de Google Maps o Bing Maps, y guardamos los datos de la ruta y la imagen del mapa en nuestro servidor.<\/p>\n<p>Weitere Informationen zu Google Maps und seinen Datenschutzbestimmungen finden Sie in den Datenschutzbestimmungen.<\/p>\n<p>Google: http:\/\/www.google.com\/intl\/en\/policies\/privacy\/<\/p>\n<p>Weitere Informationen zu Bing Maps und seiner Datenschutzrichtlinie finden Sie in der Datenschutzerkl\u00e4rung.<\/p>\n<p>Bing Maps: http:\/\/privacy.microsoft.com\/en-us\/maps.mspx<\/p>\n<p><strong>10. Retargeting-Technologien<\/strong><\/p>\n<p>Unsere Website und (mobile) Anwendung verwenden Internet-Retargeting-Technologie. Dadurch k\u00f6nnen wir unseren Besuchern, die sich bereits f\u00fcr unseren Shop und unsere Produkte interessiert haben, auf den Websites unserer Partner Werbung f\u00fcr uns anzeigen. Wir sind der Meinung, dass die Anzeige personalisierter, auf den Interessen des Nutzers basierender Werbung f\u00fcr unsere Kunden interessanter ist als Werbung, die keinen pers\u00f6nlichen Bezug aufweist.<\/p>\n<p>Dar\u00fcber hinaus arbeiten wir mit anderen Unternehmen zusammen, die Tracking-Technologien verwenden, um in unserem Namen Anzeigen im Internet zu schalten. Diese Unternehmen erfassen m\u00f6glicherweise Informationen \u00fcber Ihre Besuche auf unserer Website oder (mobilen) Anwendungen und Ihre Interaktion mit unserer Kommunikation, einschlie\u00dflich Werbung.<\/p>\n<p>Retargeting-Technologien analysieren Ihre Cookies und zeigen Ihnen Werbung basierend auf Ihrem Surfverhalten an. Weitere Informationen zu Cookies finden Sie in Abschnitt 2 dieser Datenschutzerkl\u00e4rung.<\/p>\n<p>Mit dieser Technologie speichern wir keine personenbezogenen Daten \u00fcber Sie und der Einsatz unserer Retargeting-Technologie erfolgt im Einklang mit den geltenden Datenschutzbestimmungen.<\/p>\n<p><strong>11. Kontaktinformationen<\/strong><\/p>\n<p>Wenn Sie Fragen zur Verarbeitung Ihrer personenbezogenen Daten oder zu unserer Datenschutzerkl\u00e4rung haben, k\u00f6nnen Sie sich gerne an uns wenden. Unsere Kontaktdaten sind:<\/p>\n<p>ZYKLOO BUSINESS S.L.<\/p>\n<p>C\/ Lope de Vega 48, Nave C<br \/>\n03630 Sax (Alicante)<\/p>\n<p>Sie k\u00f6nnen eine E-Mail an unseren Kundenservice senden: info@essax.es<\/p>","protected":false},"excerpt":{"rendered":"<p>1. Qui\u00e9n es responsable de la protecci\u00f3n de sus datos personales ZYKLOO BUSINESS S.L. es la responsable de este sitio web y de todas las aplicaciones (m\u00f3viles) que se refieren a esta Pol\u00edtica de Privacidad. ZYKLOO BUSINESS S.L. se compromete a asumir toda la responsabilidad de la protecci\u00f3n y la seguridad de sus datos personales. [&hellip;]<\/p>","protected":false},"author":1,"featured_media":0,"parent":0,"menu_order":0,"comment_status":"closed","ping_status":"closed","template":"","meta":{"inline_featured_image":false,"footnotes":""},"class_list":["post-103480","page","type-page","status-publish","hentry"],"_links":{"self":[{"href":"https:\/\/essax.es\/de\/wp-json\/wp\/v2\/pages\/103480"}],"collection":[{"href":"https:\/\/essax.es\/de\/wp-json\/wp\/v2\/pages"}],"about":[{"href":"https:\/\/essax.es\/de\/wp-json\/wp\/v2\/types\/page"}],"author":[{"embeddable":true,"href":"https:\/\/essax.es\/de\/wp-json\/wp\/v2\/users\/1"}],"replies":[{"embeddable":true,"href":"https:\/\/essax.es\/de\/wp-json\/wp\/v2\/comments?post=103480"}],"version-history":[{"count":4,"href":"https:\/\/essax.es\/de\/wp-json\/wp\/v2\/pages\/103480\/revisions"}],"predecessor-version":[{"id":104421,"href":"https:\/\/essax.es\/de\/wp-json\/wp\/v2\/pages\/103480\/revisions\/104421"}],"wp:attachment":[{"href":"https:\/\/essax.es\/de\/wp-json\/wp\/v2\/media?parent=103480"}],"curies":[{"name":"wp","href":"https:\/\/api.w.org\/{rel}","templated":true}]}}