{"id":103490,"date":"2024-01-20T12:54:27","date_gmt":"2024-01-20T12:54:27","guid":{"rendered":"https:\/\/essax.es\/?page_id=103490"},"modified":"2025-04-14T13:05:10","modified_gmt":"2025-04-14T13:05:10","slug":"aviso-legal","status":"publish","type":"page","link":"https:\/\/essax.es\/de\/aviso-legal","title":{"rendered":"Rechtliche Warnung"},"content":{"rendered":"<p>El presente aviso legal regula el uso del servicio prestado por ZYKLOO BUSINESS S.L. bajo su marca comercial Essax, en esta p\u00e1gina web, www.essax.es, con usted, el usuario que accede a \u00e9l.<\/p>\n<p><strong>EIGENTUM DER WEBSITE<\/strong><br \/>\nZYKLOO BUSINESS S.L., en cumplimiento de la ley 34\/2002, de 11 de julio, de Servicios de la Sociedad de la Informaci\u00f3n y Comercio Electr\u00f3nico (LSSI), le informa de los siguientes datos de titularidad del sitio web:<\/p>\n<p>Denominaci\u00f3n social: ZYKLOO BUSINESS S.L<br \/>\nCIF: B75437707<br \/>\nDomicilio social: Calle Lope de Vega, 48, Nave C, 03630 Sax (Alicante)<br \/>\nKontakttelefonnummer: 966 967 620<br \/>\nE-Mail: info@essax.es<br \/>\nWebsite: www.essax.es<\/p>\n<p><strong>OBJEKT<\/strong><br \/>\nZYKLOO BUSINESS S.L., informa que la p\u00e1gina web www.essax.es tiene como objeto informar al p\u00fablico general de los productos y servicios que realiza, utilizando esta p\u00e1gina para poder recibir solicitudes de compra de dichos productos.<\/p>\n<p><strong>LINKS ZU EXTERNEN SEITEN<\/strong><br \/>\nAuf der Essax-Website k\u00f6nnen sich Links zu Seiten Dritter befinden. Essax hat keine Kontrolle \u00fcber diese Seiten Dritter und ist daher nicht f\u00fcr die Inhalte, Dienste oder Links verantwortlich, die sie anbieten. Der Nutzer ist auf eigenes Risiko f\u00fcr die Verbindungen verantwortlich, die er von der Essax-Seite aus zu Websites Dritter herstellt.<\/p>\n<p><strong>LOPD \u2013 DATENSCHUTZRICHTLINIE F\u00dcR PERSONENBEZOGENE DATEN<\/strong><br \/>\nEn cumplimiento de lo establecido en la Ley Org\u00e1nica 15\/1999, de 13 de diciembre, de Protecci\u00f3n de Datos de Car\u00e1cter Personal, ZYKLOO BUSINESS S.L. informa a sus clientes de que cuantos datos personales le faciliten ser\u00e1n incluidos en un fichero automatizado de datos de car\u00e1cter personal, creado y mantenido bajo la responsabilidad de ZYKLOO BUSINESS S.L..<\/p>\n<p>Der Zweck dieser Datei besteht darin, die Bearbeitung von Bestellungen zu erleichtern und kommerzielle Angebote zu Produkten und Dienstleistungen zu senden, die f\u00fcr unsere Kunden in Zukunft von Interesse sein k\u00f6nnten, sofern der Benutzer dies w\u00e4hrend des Registrierungsvorgangs oder des Kaufs von Produkten angibt.<\/p>\n<p>ZYKLOO BUSINESS S.L. garantiza la seguridad y confidencialidad de los datos facilitados. De este modo, se compromete al cumplimiento de su obligaci\u00f3n de secreto de los datos de car\u00e1cter personal y de su deber de guardarlos y adoptar todas las medidas necesarias para evitar su alteraci\u00f3n, p\u00e9rdida, tratamiento o uso no autorizado. Por lo tanto, toda la informaci\u00f3n sobre nuestros clientes no ser\u00e1 utilizada con prop\u00f3sitos comerciales ni ser\u00e1 cedida a terceros.<\/p>\n<p>Essax-Kunden k\u00f6nnen jederzeit ihr Recht auf Zugang, Berichtigung, L\u00f6schung und Widerspruch aus\u00fcben, indem sie eine E-Mail an info@essax.es senden<\/p>\n<p><strong>GEISTIGES EIGENTUM<\/strong><br \/>\nTodos los derechos de propiedad intelectual de los dise\u00f1os gr\u00e1ficos, textos, im\u00e1genes, aplicaciones software y dem\u00e1s contenidos de esta p\u00e1gina web son titularidad exclusiva de ZYKLOO BUSINESS S.L. o dispone de acuerdos con terceros mediante los cuales dispone de derechos su uso. Por lo tanto queda prohibida la reproducci\u00f3n, distribuci\u00f3n, transformaci\u00f3n y comunicaci\u00f3n p\u00fablica total o parcial de la p\u00e1gina web y de sus contenidos en otras p\u00e1ginas web, redes telem\u00e1ticas, medios o soportes anal\u00f3gicos, digitales o de cualquier otro tipo sin la autorizaci\u00f3n previa y por escrito de ZYKLOO BUSINESS S.L. y en su caso de terceros colaboradores.<\/p>\n<p>Alle auf dieser Website ver\u00f6ffentlichten Handelsnamen oder Warenzeichen jeglicher Art sind Eigentum ihrer Inhaber und gesetzlich gesch\u00fctzt.<\/p>\n<p><strong>\u00c4NDERUNGEN<\/strong><br \/>\nZYKLOO BUSINESS S.L. se reserva el derecho a actualizar, a\u00f1adir, modificar o suprimir cualquier contenido, informaci\u00f3n y servicio en la p\u00e1gina web como considere oportuno en cualquier momento sin previo aviso as\u00ed como a modificar los t\u00e9rminos y modificaciones de uso de la p\u00e1gina web.<\/p>\n<p><strong>NUTZUNGSBEDINGUNGEN<\/strong><br \/>\nEs ist Ihnen als Nutzer ausdr\u00fccklich untersagt, diese Website und die angebotenen Dienste entgegen Treu und Glauben und insbesondere in nicht abschlie\u00dfender Weise zu nutzen.<\/p>\n<p>Eine Verwendung, die im Widerspruch zu den spanischen Gesetzen oder den Vorschriften der Europ\u00e4ischen Union steht oder die Rechte Dritter verletzt, oder Handlungen, die gegen die Privatsph\u00e4re von Personen versto\u00dfen.<\/p>\n<p>Die Ver\u00f6ffentlichung von Informationen auf anderen Websites, Telematiknetzen, analogen oder digitalen Medien, die auf diese Website verweisen und gewaltt\u00e4tige, obsz\u00f6ne, beleidigende, illegale, rassistische, fremdenfeindliche oder diffamierende Inhalte enthalten.<\/p>\n<p>Die Nutzung von Nachrichten oder Mitteilungen in jedem Format oder Medium im Namen von Essax.<\/p>\n<p>Spam oder Versenden unerw\u00fcnschter Massen-E-Mails an die Server, auf denen sich die Website befindet, oder an Essax-E-Mail-Adressen.<\/p>\n<p>Sie werden es unterlassen, die Dienste der Website f\u00fcr illegale Zwecke oder Zwecke zu nutzen oder in irgendeiner Weise die normale Nutzung der auf dieser Website angebotenen Dienste zu besch\u00e4digen, zu deaktivieren, zu \u00fcberlasten oder zu verhindern.<\/p>\n<p><strong>VERANTWORTLICHKEITEN<\/strong><br \/>\nZYKLOO BUSINESS S.L. no se responsabiliza del mal funcionamiento de las l\u00edneas telef\u00f3nicas por las que se realizan las conexiones a internet.<\/p>\n<p>ZYKLOO BUSINESS S.L. no puede garantizar que la disponibilidad del servicio y de la p\u00e1gina web ser\u00e1 continua e ininterrumpida debido a problemas de la red de internet o en los servidores en los que se aloja la p\u00e1gina web.<\/p>\n<p>ZYKLOO BUSINESS S.L. no garantiza la inexistencia de errores en el acceso al sitio web, su contenidos, ni que \u00e9ste se encuentre actualizado aunque desarrollar\u00e1 sus mejores esfuerzos para evitarlos, subsanarlos o actualizarlos. Las fotos y especificaciones incluidas en este cat\u00e1logo online est\u00e1n sujetas a modificaciones sin previo aviso.<\/p>\n<p>ZYKLOO BUSINESS S.L. no se hace responsable de los posibles errores de seguridad que se puedan producir ni de los posibles da\u00f1os que puedan causarse en los sistemas inform\u00e1ticos del usuario, los ficheros almacenados en el mismo, como consecuencia de la presencia de virus en el ordenador del usuario utilizado para el uso de los servicios ofrecidos en esta p\u00e1gina web, de un mal funcionamiento del navegador o del uso de versiones no actualizadas de los mismos.<\/p>","protected":false},"excerpt":{"rendered":"<p>El presente aviso legal regula el uso del servicio prestado por ZYKLOO BUSINESS S.L. bajo su marca comercial Essax, en esta p\u00e1gina web, www.essax.es, con usted, el usuario que accede a \u00e9l. TITULARIDAD DEL SITIO WEB ZYKLOO BUSINESS S.L., en cumplimiento de la ley 34\/2002, de 11 de julio, de Servicios de la Sociedad de [&hellip;]<\/p>","protected":false},"author":1,"featured_media":0,"parent":0,"menu_order":0,"comment_status":"closed","ping_status":"closed","template":"","meta":{"inline_featured_image":false,"footnotes":""},"class_list":["post-103490","page","type-page","status-publish","hentry"],"_links":{"self":[{"href":"https:\/\/essax.es\/de\/wp-json\/wp\/v2\/pages\/103490"}],"collection":[{"href":"https:\/\/essax.es\/de\/wp-json\/wp\/v2\/pages"}],"about":[{"href":"https:\/\/essax.es\/de\/wp-json\/wp\/v2\/types\/page"}],"author":[{"embeddable":true,"href":"https:\/\/essax.es\/de\/wp-json\/wp\/v2\/users\/1"}],"replies":[{"embeddable":true,"href":"https:\/\/essax.es\/de\/wp-json\/wp\/v2\/comments?post=103490"}],"version-history":[{"count":3,"href":"https:\/\/essax.es\/de\/wp-json\/wp\/v2\/pages\/103490\/revisions"}],"predecessor-version":[{"id":104416,"href":"https:\/\/essax.es\/de\/wp-json\/wp\/v2\/pages\/103490\/revisions\/104416"}],"wp:attachment":[{"href":"https:\/\/essax.es\/de\/wp-json\/wp\/v2\/media?parent=103490"}],"curies":[{"name":"wp","href":"https:\/\/api.w.org\/{rel}","templated":true}]}}