{"id":99892,"date":"2020-08-03T10:08:28","date_gmt":"2020-08-03T10:08:28","guid":{"rendered":"https:\/\/essax.es\/?page_id=99892"},"modified":"2024-01-22T11:18:21","modified_gmt":"2024-01-22T11:18:21","slug":"tiendas-comprar-sillin-essax","status":"publish","type":"page","link":"https:\/\/essax.es\/de\/tiendas-comprar-sillin-essax","title":{"rendered":"Shops"},"content":{"rendered":"<p>Finden Sie die n\u00e4chstgelegene Verkaufsstelle. Wenn Sie ein Gesch\u00e4ft betreiben und daran interessiert sind, unsere S\u00e4ttel zu verkaufen, kontaktieren Sie uns und wir informieren Sie ausf\u00fchrlich \u00fcber die verschiedenen Typen und Preise: <a href=\"https:\/\/essax.es\/de\/contacto\/\"><strong>Kontakt<\/strong><\/a><\/p>\n<p><strong><div id=\"locatoraid-form-container\"><div class=\"hc-mb3\"><form class=\"hcj2-observe hc-mb2 hclc_search_form_class\" id=\"hclc_search_form_363\" action=\"https:\/\/essax.es\/index.php?hcs=locatoraid&#038;hcrand=1228&#038;hca=search:search\/_SEARCH_\/product\/_PRODUCT_\/lat\/_LAT_\/lng\/_LNG_\/limit\/2000\" data-action=\"https:\/\/essax.es\/index.php?hcs=locatoraid&amp;hcrand=1228&amp;hca=search%3Asearch%2F_SEARCH_%2Fproduct%2F_PRODUCT_%2Flat%2F_LAT_%2Flng%2F_LNG_%2Flimit%2F2000\" data-radius-link=\"https:\/\/essax.es\/index.php?hcs=locatoraid&amp;hcrand=1228&amp;hca=search%2Fradius%3Asearch%2F_SEARCH_%2Fproduct%2F_PRODUCT_%2Flat%2F_LAT_%2Flng%2F_LNG_%2Flimit%2F2000%2Fradius%2F10_25_50_100_200_500\" data-start=\"\" data-locate=\"1\" onsubmit=\"return false;\" method=\"post\" accept-charset=\"utf-8\" data-trp-original-action=\"https:\/\/essax.es\/index.php?hcs=locatoraid&amp;hcrand=1228&amp;hca=search%3Asearch%2F_SEARCH_%2Fproduct%2F_PRODUCT_%2Flat%2F_LAT_%2Flng%2F_LNG_%2Flimit%2F2000\"><input type=\"hidden\" name=\"hc_nonce\" value=\"f5c025dff5\"\/><div style=\"display:none\"><input type=\"hidden\" name=\"hc-hc_csrf_token\" value=\"6f8c57f90d8c2e31be8d14459539e89f\"\/><\/div><div><div class=\"hc-block\"><div id=\"locatoraid-search-form-inputs-button\"><div class=\"hc-clearfix hc-mxn2\"><div class=\"hc-col hc-col-8 hc-mb2 hc-px2\"><div id=\"locatoraid-search-form-inputs\"><div><div class=\"hc-block\"><div id=\"locatoraid-search-form-search\"><input type=\"text\" name=\"hc-search\" class=\"hc-field hc-xs-block hc-block\" style=\"margin:0;\" placeholder=\"Adresse\"\/><\/div><\/div><div class=\"hc-block hc-mt2\"><div id=\"locatoraid-search-form-locate\"><a href=\"#\" class=\"hcj2-locate-me\" id=\"locatoraid-search-form-locate-me\">Lokalisiere mich<\/a><\/div><\/div><div class=\"hc-block hc-mt2\"><div id=\"locatoraid-search-form-locate2\"><div class=\"hcj2-my-location\" id=\"locatoraid-search-form-my-location\" style=\"display: none;\">Mein Standort<\/div><\/div><\/div><\/div><input type=\"hidden\" name=\"hc-locatelat\" id=\"locatoraid-search-form-lat\"\/><input type=\"hidden\" name=\"hc-locatelng\" id=\"locatoraid-search-form-lng\"\/><\/div><\/div><div class=\"hc-col hc-col-4 hc-mb2 hc-px2\"><div><input type=\"submit\" title=\"Suche\" value=\"Suche\" class=\"hc-block\" id=\"locatoraid-search-form-button\"\/><input type=\"button\" title=\"Zur\u00fccksetzen\" value=\"Zur\u00fccksetzen\" class=\"hc-block hcj2-reset-my-location\" id=\"locatoraid-search-form-reset-location\" style=\"display: none;\"\/><\/div><\/div><\/div><\/div><\/div><div class=\"hc-block hc-mt2\"><a class=\"hcj2-more-results\" id=\"locatoraid-search-more-results\" style=\"display: none; cursor: pointer;\">Mehr Ergebnisse<\/a><\/div><\/div><input type=\"hidden\" name=\"trp-form-language\" value=\"de\"\/><\/form><\/div><\/div><div id=\"locatoraid-map-list-container\"><div id=\"hclc_grid\"><div class=\"hc-clearfix hc-mxn2\"><div class=\"hc-col hc-col-8 hc-mb2 hc-px2\"><div id=\"hclc_map_806\" class=\"hclc_map_class hc-mb3-xs hc-border\" style=\"height: 400px; width: 100%;\" data-linktolist-label=\"\"><\/div><div id=\"hclc_map_806_template\" style=\"display: none;\">&lt;div class=&quot;hc-black hc-bg-lightsilver hc-p2 hc-rounded lpr-location lpr-location-inmap&quot;&gt;&lt;div class=&quot;hc-bold lpr-location-name&quot;&gt;{{=Name}}&lt;\/div&gt;&lt;div class=&quot;hc-italic lpr-location-address&quot;&gt;{{=Adresse}}&lt;\/div&gt;{{Distanz}}&lt;div class=&quot;hc-bold lpr-location-distance&quot;&gt;{{=Entfernung}}&lt;\/div&gt;{{\/distance}}{{Telefon}}&lt;div class=&quot;lpr-location-phone&quot;&gt;&lt;div class=&quot;hc-inline-block hc-mr1 lpr-location-label&quot;&gt;Telefon&lt;\/div&gt;{{=Telefon}}&lt;\/div&gt;{{\/Telefon}}{{Website}}&lt;div class=&quot;lpr-location-website&quot;&gt;{{=Website}}&lt;\/div&gt;{{\/Website}}{{Wegbeschreibung}}&lt;div class=&quot;lpr-location-directions&quot;&gt;{{=Wegbeschreibung}}&lt;\/div&gt;{{\/Richtungen}}&lt;\/div&gt;<\/div><\/div><div class=\"hc-col hc-col-4 hc-mb2 hc-px2\"><div id=\"hclc_list_952\" class=\"hclc_list_class hc-mb3-xs hc-relative\" style=\"height: 400px; overflow-y: scroll; display: none;\" data-group-jump=\"0\" data-list-style=\"height: 400px; overflow-y: scroll;\"><\/div><div id=\"hclc_list_952_template\" style=\"display: none;\">{{Priorit&auml;t}}&lt;div class=&quot;hc-p2 hc-border hc-rounded hc-mb1 hc-border-green lpr-location lpr-location-inlist lpr-location-featured&quot;&gt;{{:Priorit&auml;t}}&lt;div class=&quot;hc-p2 hc-border hc-rounded hc-mb1 lpr-location lpr-location-inlist&quot;&gt;{{\/Priorit&auml;t}}&lt;div class=&quot;hc-bold lpr-location-name&quot;&gt;{{=Name}}&lt;\/div&gt;&lt;div class=&quot;hc-italic lpr-location-address&quot;&gt;{{=Adresse}}&lt;\/div&gt;{{Distanz}}&lt;div class=&quot;hc-bold lpr-location-distance&quot;&gt;{{=Entfernung}}&lt;\/div&gt;{{\/distance}}{{Telefon}}&lt;div class=&quot;lpr-location-phone&quot;&gt;&lt;div class=&quot;hc-inline-block hc-mr1 lpr-location-label&quot;&gt;Telefon&lt;\/div&gt;{{=Telefon}}&lt;\/div&gt;{{\/Telefon}}{{Website}}&lt;div class=&quot;lpr-location-website&quot;&gt;{{=Website}}&lt;\/div&gt;{{\/Website}}{{Wegbeschreibung}}&lt;div class=&quot;lpr-location-directions&quot;&gt;{{=Wegbeschreibung}}&lt;\/div&gt;{{\/directions}}{{priority}}&lt;\/div&gt;{{:Priorit&auml;t}}&lt;\/div&gt;{{\/Priorit&auml;t}}<\/div><div style=\"display: none;\" id=\"hclc_list_952_template_no_results\">&lt;div class=&quot;hc-p2 hc-border hc-rounded&quot;&gt;Ohne Ergebnisse&lt;\/div&gt;<\/div><\/div><\/div><\/div><\/div><div style=\"margin: 1em auto; text-align: center; font-size: .7em; opacity: .5;\"><a target=\"_blank\" href=\"https:\/\/www.locatoraid.com\/\" rel=\"noopener\">Erstellen Sie einen Filialfinder<\/a> von Locatoraid<\/div><\/strong><\/p>\n<p>&nbsp;<\/p>","protected":false},"excerpt":{"rendered":"<p>Finden Sie die n\u00e4chstgelegene Verkaufsstelle. Wenn Sie ein Gesch\u00e4ft betreiben und daran interessiert sind, unsere S\u00e4ttel zu verkaufen, kontaktieren Sie uns und wir informieren Sie ausf\u00fchrlich \u00fcber die verschiedenen Typen und Preise: Kontakt &nbsp;<\/p>","protected":false},"author":1,"featured_media":0,"parent":0,"menu_order":0,"comment_status":"closed","ping_status":"closed","template":"","meta":{"inline_featured_image":false,"footnotes":""},"class_list":["post-99892","page","type-page","status-publish","hentry"],"_links":{"self":[{"href":"https:\/\/essax.es\/de\/wp-json\/wp\/v2\/pages\/99892"}],"collection":[{"href":"https:\/\/essax.es\/de\/wp-json\/wp\/v2\/pages"}],"about":[{"href":"https:\/\/essax.es\/de\/wp-json\/wp\/v2\/types\/page"}],"author":[{"embeddable":true,"href":"https:\/\/essax.es\/de\/wp-json\/wp\/v2\/users\/1"}],"replies":[{"embeddable":true,"href":"https:\/\/essax.es\/de\/wp-json\/wp\/v2\/comments?post=99892"}],"version-history":[{"count":25,"href":"https:\/\/essax.es\/de\/wp-json\/wp\/v2\/pages\/99892\/revisions"}],"predecessor-version":[{"id":103517,"href":"https:\/\/essax.es\/de\/wp-json\/wp\/v2\/pages\/99892\/revisions\/103517"}],"wp:attachment":[{"href":"https:\/\/essax.es\/de\/wp-json\/wp\/v2\/media?parent=99892"}],"curies":[{"name":"wp","href":"https:\/\/api.w.org\/{rel}","templated":true}]}}