{"id":100040,"date":"2020-08-10T08:02:27","date_gmt":"2020-08-10T08:02:27","guid":{"rendered":"https:\/\/essax.es\/?post_type=product&#038;p=100040"},"modified":"2024-09-15T09:30:17","modified_gmt":"2024-09-15T09:30:17","slug":"adrenaline-r-fluor-limited-edition-cromo","status":"publish","type":"product","link":"https:\/\/essax.es\/de\/product\/adrenaline-r-fluor-limited-edition-cromo","title":{"rendered":"Rennradsattel \u2013 Chrom \u2013 180 gr. \u2013 Mod. Adrenaline R Fluor Limited Edition"},"content":{"rendered":"<p>Zweifellos stehen wir vor dem Flaggschiff der Marke, dem mit Abstand meistverkauften Modell in unserem Katalog in unseren 13 Lebensjahren.<\/p>\n<p>Seine gro\u00dfe Anzahl an Kombinationsm\u00f6glichkeiten in Bezug auf Farben, B\u00fcgel und Breiten sowie eine kontinuierliche formelle Verbesserung Jahr f\u00fcr Jahr haben den Adrenaline R in dieser Zeit zum bevorzugten Sattel f\u00fcr den 99% von gesponserten Radfahrern und Teams gemacht; daf\u00fcr muss es einen Grund geben\u2026<\/p>\n<p>Die Fluor Limited Edition war eine ganz besondere Sattelserie, die damals in verschiedenen Medien gro\u00dfen Einfluss hatte. Allerletzte Einheiten! Verpassen Sie Ihr nicht!<\/p>\n<h4>Der meistverkaufte Chromsattel auf dem Markt, jetzt in limitierter Auflage<\/h4>\n<p>Er <strong>Adrenaline R Fluor Limited Edition Sattel<\/strong> Es ist das Ergebnis der perfekten Kombination aus Innovation, Qualit\u00e4t und Stil. Dieser in Spanien von Hand gefertigte Sattel stellt den H\u00f6hepunkt jahrelanger Erfahrung und Hingabe bei der Herstellung von Hochleistungs-Fahrradkomponenten dar.<\/p>\n<h4>High-End-Funktionen<\/h4>\n<p>Mit einem Gewicht von nur 180 Gramm liegt die Adrenaline R Fluor Limited Edition auf Augenh\u00f6he mit den prestigetr\u00e4chtigsten und teuersten Modellen von Marken wie Selle Italia und Prologo und bietet die gleichen Funktionen zu einem viel g\u00fcnstigeren Preis. Sein ergonomisches Design und die hochwertigen Materialien bei der Herstellung garantieren ein komfortables und effizientes Fahrerlebnis.<\/p>\n<h4>Design und Materialien<\/h4>\n<p>Die Adrenaline R Fluor Limited Edition zeichnet sich nicht nur durch ihre Leichtigkeit aus, sondern auch durch ihre Robustheit und Langlebigkeit. Die verchromten Schienen sorgen f\u00fcr hervorragende Festigkeit und Flexibilit\u00e4t, w\u00e4hrend der rutschfeste Mikrofaserbezug f\u00fcr eine stabile und bequeme Position w\u00e4hrend der gesamten Strecke sorgt.<\/p>\n<h4>Limitierte Auflage, beschr\u00e4nkte Auflage<\/h4>\n<p>Diese limitierte Auflage des Adrenaline R Fluor ist eine einzigartige Gelegenheit f\u00fcr Radfahrer, die einen exklusiven, hochwertigen Sattel suchen. Da nur wenige Einheiten zum Verkauf stehen, wird dieses Modell zu einem begehrten St\u00fcck f\u00fcr Radsportbegeisterte und Profis. Sein fluoreszierendes Farbdesign verleiht nicht nur einen Hauch von Stil und Unterscheidung, sondern verbessert auch die Sichtbarkeit und Sicherheit im Stra\u00dfenverkehr.<\/p>\n<h4>Hergestellt in Spanien<\/h4>\n<p>Jeder Adrenaline R Fluor Limited Edition-Sattel wird in Spanien nach h\u00f6chsten Qualit\u00e4tsstandards handgefertigt. Dieser handwerkliche Prozess gew\u00e4hrleistet eine sorgf\u00e4ltige Liebe zum Detail und f\u00fchrt zu einem Endprodukt, das die Erwartungen der anspruchsvollsten Radfahrer \u00fcbertrifft.<\/p>\n<h4>Komfort und Leistung<\/h4>\n<p>Der Adrenaline R Fluor wurde entwickelt, um auf den l\u00e4ngsten und anspruchsvollsten Ausfl\u00fcgen h\u00f6chsten Komfort zu bieten. Der hochdichte Schaumstoff passt sich der Anatomie des Fahrers an, verteilt den Druck gleichm\u00e4\u00dfig und reduziert Schmerzpunkte. Dar\u00fcber hinaus erm\u00f6glicht sein ergonomisches und aerodynamisches Design eine h\u00f6here Effizienz beim Treten und verbessert die Leistung mit jedem Kilometer.<\/p>\n<h4>Vergleich mit f\u00fchrenden Marken<\/h4>\n<p>Trotz ihres konkurrenzf\u00e4higen Preises steht die Adrenaline R Fluor Limited Edition den Modellen Selle Italia oder Prologo in nichts nach. Tats\u00e4chlich macht ihn seine Kombination aus Leichtigkeit, Haltbarkeit und Komfort zu einer bevorzugten Option f\u00fcr Radfahrer, die das Beste suchen, ohne mehr bezahlen zu m\u00fcssen.<\/p>\n<h3>Abschluss<\/h3>\n<p>Wenn Sie auf der Suche nach einem Sattel sind, der Qualit\u00e4t, Exklusivit\u00e4t und Leistung vereint, dann ist der <strong>Adrenaline R Fluor Limited Edition<\/strong> Es ist die perfekte Wahl. Nutzen Sie diese einmalige Gelegenheit und sichern Sie sich einen der letzten verf\u00fcgbaren S\u00e4ttel in dieser limitierten Auflage. Verpassen Sie nicht die Gelegenheit, Ihr Erlebnis auf zwei R\u00e4dern mit einem in Spanien handgefertigten Sattel zu verbessern, der so konzipiert ist, dass er mit den teuersten Modellen auf dem Markt mithalten und diese sogar \u00fcbertreffen kann. Entscheiden Sie sich f\u00fcr die Adrenaline R Fluor Limited Edition und bringen Sie Ihr Radfahren auf die n\u00e4chste Stufe!<\/p>","protected":false},"excerpt":{"rendered":"<p>Sin ning\u00fan g\u00e9nero de dudas nos encontramos ante el buque insignia de la marca, el modelo m\u00e1s vendido de nuestro cat\u00e1logo en nuestros 13 a\u00f1os de vida, y con diferencia. Su gran cantidad de combinaciones en cuanto a colores, varillas y anchos, adem\u00e1s de una continua mejora formal a\u00f1o tras a\u00f1os, han hecho del Adrenaline [&hellip;]<\/p>","protected":false},"featured_media":100043,"comment_status":"open","ping_status":"closed","template":"","meta":{"inline_featured_image":false},"product_brand":[],"product_cat":[158],"product_tag":[149,150,231,230,232,152,151],"class_list":{"0":"post-100040","1":"product","2":"type-product","3":"status-publish","4":"has-post-thumbnail","6":"product_cat-outlet","7":"product_tag-adrenaline","8":"product_tag-adrenaline-r","9":"product_tag-amarillo","10":"product_tag-fluor","11":"product_tag-fluor-limited-edition","12":"product_tag-road-saddle","13":"product_tag-sillin-carretera","14":"pa_ancho-130-mm","15":"pa_ancho-142-mm","16":"pa_color-amarillo","17":"pa_rail-cromo","19":"first","20":"instock","21":"sale","22":"taxable","23":"shipping-taxable","24":"purchasable","25":"product-type-variable"},"exclude_global_add_ons":[],"addons":[],"_links":{"self":[{"href":"https:\/\/essax.es\/de\/wp-json\/wp\/v2\/product\/100040"}],"collection":[{"href":"https:\/\/essax.es\/de\/wp-json\/wp\/v2\/product"}],"about":[{"href":"https:\/\/essax.es\/de\/wp-json\/wp\/v2\/types\/product"}],"replies":[{"embeddable":true,"href":"https:\/\/essax.es\/de\/wp-json\/wp\/v2\/comments?post=100040"}],"wp:featuredmedia":[{"embeddable":true,"href":"https:\/\/essax.es\/de\/wp-json\/wp\/v2\/media\/100043"}],"wp:attachment":[{"href":"https:\/\/essax.es\/de\/wp-json\/wp\/v2\/media?parent=100040"}],"wp:term":[{"taxonomy":"product_brand","embeddable":true,"href":"https:\/\/essax.es\/de\/wp-json\/wp\/v2\/product_brand?post=100040"},{"taxonomy":"product_cat","embeddable":true,"href":"https:\/\/essax.es\/de\/wp-json\/wp\/v2\/product_cat?post=100040"},{"taxonomy":"product_tag","embeddable":true,"href":"https:\/\/essax.es\/de\/wp-json\/wp\/v2\/product_tag?post=100040"}],"curies":[{"name":"wp","href":"https:\/\/api.w.org\/{rel}","templated":true}]}}