{"id":100054,"date":"2020-08-10T08:26:38","date_gmt":"2020-08-10T08:26:38","guid":{"rendered":"https:\/\/essax.es\/?post_type=product&#038;p=100054"},"modified":"2025-10-24T09:22:28","modified_gmt":"2025-10-24T09:22:28","slug":"226-acero","status":"publish","type":"product","link":"https:\/\/essax.es\/de\/product\/226-acero","title":{"rendered":"Fahrradsattel \u2013 Stahl \u2013 195 gr. \u2013 Mod. 226"},"content":{"rendered":"<p>Viele haben es im Kopf, und es gibt sogar solche, die es sich t\u00e4towieren lassen. Aber f\u00fcr jeden repr\u00e4sentiert diese Zahl die Anstrengung, das monatelange Training und die Trennung von Familie oder Freunden, das Opfer, den Ruhm ...<\/p>\n<p>226 sind die Kilometer, die dich davon trennen, ein Mann aus Eisen zu sein, von der Ewigkeit.<\/p>","protected":false},"excerpt":{"rendered":"<p>Muchos lo tienen metido en la cabeza, e incluso los hay quienes lo llevan tatuado. Pero para todos este n\u00famero representa el esfuerzo, los meses entrenando y arrebatados a la familia o los amigos, el sacrificio, la gloria\u2026 226 son los kil\u00f3metros que te separan de ser un hombre de hierro, de ser eterno.<\/p>","protected":false},"featured_media":100052,"comment_status":"open","ping_status":"closed","template":"","meta":{"inline_featured_image":false},"product_brand":[],"product_cat":[158],"product_tag":[233,234,201,200,199],"class_list":{"0":"post-100054","1":"product","2":"type-product","3":"status-publish","4":"has-post-thumbnail","6":"product_cat-outlet","7":"product_tag-233","8":"product_tag-ironman","9":"product_tag-tri","10":"product_tag-triathlon","11":"product_tag-triatlon","12":"pa_ancho-136-mm","13":"pa_color-blanco-negro","14":"pa_rail-acero","16":"first","17":"instock","18":"sale","19":"taxable","20":"shipping-taxable","21":"purchasable","22":"product-type-variable"},"exclude_global_add_ons":[],"addons":[],"_links":{"self":[{"href":"https:\/\/essax.es\/de\/wp-json\/wp\/v2\/product\/100054"}],"collection":[{"href":"https:\/\/essax.es\/de\/wp-json\/wp\/v2\/product"}],"about":[{"href":"https:\/\/essax.es\/de\/wp-json\/wp\/v2\/types\/product"}],"replies":[{"embeddable":true,"href":"https:\/\/essax.es\/de\/wp-json\/wp\/v2\/comments?post=100054"}],"wp:featuredmedia":[{"embeddable":true,"href":"https:\/\/essax.es\/de\/wp-json\/wp\/v2\/media\/100052"}],"wp:attachment":[{"href":"https:\/\/essax.es\/de\/wp-json\/wp\/v2\/media?parent=100054"}],"wp:term":[{"taxonomy":"product_brand","embeddable":true,"href":"https:\/\/essax.es\/de\/wp-json\/wp\/v2\/product_brand?post=100054"},{"taxonomy":"product_cat","embeddable":true,"href":"https:\/\/essax.es\/de\/wp-json\/wp\/v2\/product_cat?post=100054"},{"taxonomy":"product_tag","embeddable":true,"href":"https:\/\/essax.es\/de\/wp-json\/wp\/v2\/product_tag?post=100054"}],"curies":[{"name":"wp","href":"https:\/\/api.w.org\/{rel}","templated":true}]}}