{"id":100104,"date":"2020-08-10T09:15:58","date_gmt":"2020-08-10T09:15:58","guid":{"rendered":"https:\/\/essax.es\/?post_type=product&#038;p=100104"},"modified":"2024-09-14T14:53:40","modified_gmt":"2024-09-14T14:53:40","slug":"adrenaline-xc-fluor-limited-edition-cromo","status":"publish","type":"product","link":"https:\/\/essax.es\/de\/product\/adrenaline-xc-fluor-limited-edition-cromo","title":{"rendered":"Fahrradsattel \u2013 Chrom \u2013 180 gr. \u2013 Mod. Adrenaline XC Fluor Limited Edition"},"content":{"rendered":"<p>Das Flaggschiff der Marke, das meistverkaufte Modell in unserem Katalog in den 13 Jahren unseres Bestehens, konnte nicht umhin, eine Version f\u00fcr MTB und Gravel zu haben.<\/p>\n<p>Zu der gro\u00dfen Anzahl an Kombinationen in Bezug auf Farben, B\u00fcgel und Breiten m\u00fcssen wir neben einer kontinuierlichen formalen Verbesserung Jahr f\u00fcr Jahr wie bei der Stra\u00dfenversion auch die Kevlar-Seitenverst\u00e4rkungen hinzuf\u00fcgen, um sie vor den unvermeidlichen St\u00fcrzen in diesen Disziplinen zu sch\u00fctzen sorgen f\u00fcr eine l\u00e4ngere Nutzungsdauer.<\/p>\n<p>Die Fluor Limited Edition war eine ganz besondere Sattelserie, die damals in verschiedenen Medien gro\u00dfen Einfluss hatte. Allerletzte Einheiten! Verpassen Sie Ihr nicht!<\/p>","protected":false},"excerpt":{"rendered":"<p>El buque insignia de la marca, el modelo m\u00e1s vendido de nuestro cat\u00e1logo en nuestros 13 a\u00f1os de vida, no pod\u00eda dejar de tener su versi\u00f3n para mtb y gravel. A la gran cantidad de combinaciones en cuanto a colores, varillas y anchos, adem\u00e1s de una continua mejora formal a\u00f1o tras a\u00f1o al igual que [&hellip;]<\/p>","protected":false},"featured_media":100102,"comment_status":"open","ping_status":"closed","template":"","meta":{"inline_featured_image":false},"product_brand":[],"product_cat":[158],"product_tag":[149,189,193,230,232,192,191,190],"class_list":{"0":"post-100104","1":"product","2":"type-product","3":"status-publish","4":"has-post-thumbnail","6":"product_cat-outlet","7":"product_tag-adrenaline","8":"product_tag-adrenaline-xc","9":"product_tag-ciclocross","10":"product_tag-fluor","11":"product_tag-fluor-limited-edition","12":"product_tag-gravel","13":"product_tag-mtb","14":"product_tag-xc","15":"pa_ancho-130-mm","16":"pa_ancho-142-mm","17":"pa_color-amarillo","18":"pa_color-naranja","19":"pa_color-verde","20":"pa_rail-cromo","22":"first","23":"instock","24":"sale","25":"taxable","26":"shipping-taxable","27":"purchasable","28":"product-type-variable"},"exclude_global_add_ons":[],"addons":[],"_links":{"self":[{"href":"https:\/\/essax.es\/de\/wp-json\/wp\/v2\/product\/100104"}],"collection":[{"href":"https:\/\/essax.es\/de\/wp-json\/wp\/v2\/product"}],"about":[{"href":"https:\/\/essax.es\/de\/wp-json\/wp\/v2\/types\/product"}],"replies":[{"embeddable":true,"href":"https:\/\/essax.es\/de\/wp-json\/wp\/v2\/comments?post=100104"}],"wp:featuredmedia":[{"embeddable":true,"href":"https:\/\/essax.es\/de\/wp-json\/wp\/v2\/media\/100102"}],"wp:attachment":[{"href":"https:\/\/essax.es\/de\/wp-json\/wp\/v2\/media?parent=100104"}],"wp:term":[{"taxonomy":"product_brand","embeddable":true,"href":"https:\/\/essax.es\/de\/wp-json\/wp\/v2\/product_brand?post=100104"},{"taxonomy":"product_cat","embeddable":true,"href":"https:\/\/essax.es\/de\/wp-json\/wp\/v2\/product_cat?post=100104"},{"taxonomy":"product_tag","embeddable":true,"href":"https:\/\/essax.es\/de\/wp-json\/wp\/v2\/product_tag?post=100104"}],"curies":[{"name":"wp","href":"https:\/\/api.w.org\/{rel}","templated":true}]}}