{"id":101634,"date":"2022-01-27T07:04:24","date_gmt":"2022-01-27T07:04:24","guid":{"rendered":"https:\/\/essax.es\/?post_type=product&#038;p=101634"},"modified":"2026-04-22T04:46:33","modified_gmt":"2026-04-22T04:46:33","slug":"eon-cromo","status":"publish","type":"product","link":"https:\/\/essax.es\/de\/product\/eon-cromo","title":{"rendered":"Rennrad-\/MTB-Fahrradsattel \u2013 Chrom \u2013 200 g \u2013 Mod. E\u00f3n"},"content":{"rendered":"<p><a href=\"https:\/\/essax.es\/wp-content\/uploads\/2022\/01\/JSG7368-scaled.jpg\"><img fetchpriority=\"high\" decoding=\"async\" class=\"alignright size-medium wp-image-101997\" src=\"https:\/\/essax.es\/wp-content\/uploads\/2022\/01\/JSG7368-200x300.jpg\" alt=\"\" width=\"200\" height=\"300\" \/><\/a>In der griechischen Mythologie ist Aeon der Gott der Ewigkeit, der nicht \u00fcber Ziele oder Pl\u00e4ne nachdenkt, sondern vielmehr Handlungen f\u00f6rdert, die an sich einen Sinn haben. Das jetzt&quot;. Das \u201eTu es.\u201c Er beginnt&quot;. Nicht umsonst ist er der Gott, den Machado in seinem Werk \u201eWanderer, es gibt keinen Weg, der Weg entsteht durch Gehen\u201c anrief.<\/p>\n<p>Und der Name unseres neuen Sattels ist kein Zufall. E\u00f3n ist f\u00fcr Sie konzipiert, unabh\u00e4ngig von Ihrem Geschlecht, Ihrem Niveau oder Ihrer Radfahrdisziplin. Es richtet sich an diejenigen, f\u00fcr die das Ziel nicht so wichtig ist wie der Weg, den man zur\u00fccklegt, bevor man es erreicht.<\/p>\n<p>E\u00f3n ist eines der fortschrittlichsten Modelle, das bis heute unser Werk verlassen hat, f\u00fcr das Hunderte von biomechanischen Studien, Druckmessungen, Qualit\u00e4tstests und Wettbewerbstests erforderlich waren. Sein Design und seine Ergonomie wurden zwei Jahre lang gr\u00fcndlich untersucht, um sich an jede Art von Physiognomie anzupassen. Die gro\u00dfe Herausforderung bei seiner Entwicklung bestand darin, beim Treten eine ordnungsgem\u00e4\u00dfe Blutzirkulation im Dammbereich sicherzustellen. Dies wurde durch die Kombination einer gr\u00f6\u00dferen Breite (145 mm) zur besseren Gewichtsverteilung, einer k\u00fcrzeren Sattell\u00e4nge, dem Mittelspalt und dem gesamten L\u00e4ngskanal erreicht.<\/p>","protected":false},"excerpt":{"rendered":"<p>En la mitolog\u00eda griega, E\u00f3n es el dios de la eternidad, que no contempla ni los objetivos ni los planes, sino que promueve la acci\u00f3n que tenga sentido en s\u00ed misma. El &#8220;ahora&#8221;. El &#8220;hazlo&#8221;. El &#8220;empieza&#8221;. No en vano, es el dios que invocaba Machado en aquel &#8220;Caminante no hay camino, se hace camino [&hellip;]<\/p>","protected":false},"featured_media":101992,"comment_status":"open","ping_status":"closed","template":"","meta":{"inline_featured_image":false},"product_brand":[],"product_cat":[153,245,599,154],"product_tag":[284,281,282,152,151],"class_list":{"0":"post-101634","1":"product","2":"type-product","3":"status-publish","4":"has-post-thumbnail","6":"product_cat-sillines-carretera","7":"product_cat-essax-destacados","8":"product_cat-sillin-carretera-eon","9":"product_cat-mtb-gravel","10":"product_tag-cromo","11":"product_tag-eon","12":"product_tag-essax-eon","13":"product_tag-road-saddle","14":"product_tag-sillin-carretera","15":"pa_ancho-145-mm","16":"pa_ancho-155-mm","17":"pa_color-negro-negro","18":"pa_rail-cromo","20":"first","21":"instock","22":"featured","23":"taxable","24":"shipping-taxable","25":"purchasable","26":"product-type-variable"},"exclude_global_add_ons":[],"addons":[],"_links":{"self":[{"href":"https:\/\/essax.es\/de\/wp-json\/wp\/v2\/product\/101634"}],"collection":[{"href":"https:\/\/essax.es\/de\/wp-json\/wp\/v2\/product"}],"about":[{"href":"https:\/\/essax.es\/de\/wp-json\/wp\/v2\/types\/product"}],"replies":[{"embeddable":true,"href":"https:\/\/essax.es\/de\/wp-json\/wp\/v2\/comments?post=101634"}],"wp:featuredmedia":[{"embeddable":true,"href":"https:\/\/essax.es\/de\/wp-json\/wp\/v2\/media\/101992"}],"wp:attachment":[{"href":"https:\/\/essax.es\/de\/wp-json\/wp\/v2\/media?parent=101634"}],"wp:term":[{"taxonomy":"product_brand","embeddable":true,"href":"https:\/\/essax.es\/de\/wp-json\/wp\/v2\/product_brand?post=101634"},{"taxonomy":"product_cat","embeddable":true,"href":"https:\/\/essax.es\/de\/wp-json\/wp\/v2\/product_cat?post=101634"},{"taxonomy":"product_tag","embeddable":true,"href":"https:\/\/essax.es\/de\/wp-json\/wp\/v2\/product_tag?post=101634"}],"curies":[{"name":"wp","href":"https:\/\/api.w.org\/{rel}","templated":true}]}}