{"id":101644,"date":"2022-01-27T09:16:51","date_gmt":"2022-01-27T09:16:51","guid":{"rendered":"https:\/\/essax.es\/?post_type=product&#038;p=101644"},"modified":"2024-10-14T07:49:33","modified_gmt":"2024-10-14T07:49:33","slug":"maigmo-evo-cromo","status":"publish","type":"product","link":"https:\/\/essax.es\/de\/product\/maigmo-evo-cromo","title":{"rendered":"MTB-Fahrradsattel \u2013 Chrom \u2013 214 gr \u2013 Mod"},"content":{"rendered":"<p><img fetchpriority=\"high\" decoding=\"async\" class=\"alignright size-medium wp-image-101643\" src=\"https:\/\/essax.es\/wp-content\/uploads\/2022\/01\/essax-maigmo-evo-sillin-saddle-4-300x253.jpg\" alt=\"essax maigmo evo sillin saddle 4\" width=\"300\" height=\"253\" srcset=\"https:\/\/essax.es\/wp-content\/uploads\/2022\/01\/essax-maigmo-evo-sillin-saddle-4-300x253.jpg 300w, https:\/\/essax.es\/wp-content\/uploads\/2022\/01\/essax-maigmo-evo-sillin-saddle-4-14x12.jpg 14w, https:\/\/essax.es\/wp-content\/uploads\/2022\/01\/essax-maigmo-evo-sillin-saddle-4-768x648.jpg 768w, https:\/\/essax.es\/wp-content\/uploads\/2022\/01\/essax-maigmo-evo-sillin-saddle-4-769x649.jpg 769w, https:\/\/essax.es\/wp-content\/uploads\/2022\/01\/essax-maigmo-evo-sillin-saddle-4-84x71.jpg 84w, https:\/\/essax.es\/wp-content\/uploads\/2022\/01\/essax-maigmo-evo-sillin-saddle-4-200x169.jpg 200w, https:\/\/essax.es\/wp-content\/uploads\/2022\/01\/essax-maigmo-evo-sillin-saddle-4-450x380.jpg 450w, https:\/\/essax.es\/wp-content\/uploads\/2022\/01\/essax-maigmo-evo-sillin-saddle-4.jpg 800w\" sizes=\"(max-width: 300px) 100vw, 300px\" \/>Jeden Tag, wenn wir in unsere B\u00fcros gehen, haben wir das Gl\u00fcck, durch die Fenster einen beeindruckenden Ausblick auf den Naturpark Maigm\u00f3-Massiv zu genie\u00dfen, einen allgegenw\u00e4rtigen Koloss aus einem gro\u00dfen Teil der Provinz Alicante, auf dessen Pisten und Wegen wir t\u00e4glich unserer Leidenschaft nachgehen . mit dem MTB in absolut privilegierter Lage.<\/p>\n<p>Genau hier haben wir in den letzten Monaten unser neues Maigm\u00f3 EVO-Modell getestet und entwickelt. Ein Sattel, der speziell f\u00fcr die Aus\u00fcbung des E-MTB entwickelt wurde, einer Radsportdisziplin, die in den letzten Jahren eine wahre Explosion bei der Zahl der Sportler erlebt hat, die durch die zus\u00e4tzliche Unterst\u00fctzung, die der Elektromotor ihnen bietet, angezogen werden, um viel l\u00e4nger Freude an den Pedalen zu haben.<\/p>\n<p>Diese l\u00e4ngere Zeit auf dem Fahrrad hat seine Benutzer dazu ermutigt, immer steilere und anspruchsvollere Rampen zu wagen; Faktoren, die dazu gef\u00fchrt haben, dass wir ein Design mit einem h\u00f6heren Teil und einer St\u00fctzrampe entwickelt haben, die hilft, Kraft zu sparen und ein Zur\u00fcckrutschen auf diesem Gel\u00e4nde zu verhindern.<\/p>","protected":false},"excerpt":{"rendered":"<p>Cada d\u00eda que acudimos a nuestras oficinas, tenemos la suerte de presenciar por los ventanales unas impresionantes vistas del Parque Natural del Macizo del Maigm\u00f3, un coloso omnipresente desde gran parte de la provincia de Alicante, en cuyas pistas y senderos disfrutamos cada d\u00eda de nuestra pasi\u00f3n por el MTB en un paraje totalmente privilegiado. [&hellip;]<\/p>","protected":false},"featured_media":101639,"comment_status":"open","ping_status":"closed","template":"","meta":{"inline_featured_image":false},"product_brand":[],"product_cat":[158],"product_tag":[288,285,286,287,191],"class_list":{"0":"post-101644","1":"product","2":"type-product","3":"status-publish","4":"has-post-thumbnail","6":"product_cat-outlet","7":"product_tag-emtb","8":"product_tag-maigmo","9":"product_tag-maigmo-evo","10":"product_tag-montana","11":"product_tag-mtb","12":"pa_ancho-135-mm","13":"pa_color-negro-negro","14":"pa_rail-cromo","16":"first","17":"instock","18":"sale","19":"taxable","20":"shipping-taxable","21":"purchasable","22":"product-type-simple"},"exclude_global_add_ons":[],"addons":[],"_links":{"self":[{"href":"https:\/\/essax.es\/de\/wp-json\/wp\/v2\/product\/101644"}],"collection":[{"href":"https:\/\/essax.es\/de\/wp-json\/wp\/v2\/product"}],"about":[{"href":"https:\/\/essax.es\/de\/wp-json\/wp\/v2\/types\/product"}],"replies":[{"embeddable":true,"href":"https:\/\/essax.es\/de\/wp-json\/wp\/v2\/comments?post=101644"}],"wp:featuredmedia":[{"embeddable":true,"href":"https:\/\/essax.es\/de\/wp-json\/wp\/v2\/media\/101639"}],"wp:attachment":[{"href":"https:\/\/essax.es\/de\/wp-json\/wp\/v2\/media?parent=101644"}],"wp:term":[{"taxonomy":"product_brand","embeddable":true,"href":"https:\/\/essax.es\/de\/wp-json\/wp\/v2\/product_brand?post=101644"},{"taxonomy":"product_cat","embeddable":true,"href":"https:\/\/essax.es\/de\/wp-json\/wp\/v2\/product_cat?post=101644"},{"taxonomy":"product_tag","embeddable":true,"href":"https:\/\/essax.es\/de\/wp-json\/wp\/v2\/product_tag?post=101644"}],"curies":[{"name":"wp","href":"https:\/\/api.w.org\/{rel}","templated":true}]}}