{"id":101978,"date":"2022-09-07T07:15:19","date_gmt":"2022-09-07T07:15:19","guid":{"rendered":"https:\/\/essax.es\/?post_type=product&#038;p=101978"},"modified":"2025-10-24T09:22:27","modified_gmt":"2025-10-24T09:22:27","slug":"era-acero","status":"publish","type":"product","link":"https:\/\/essax.es\/de\/product\/era-acero","title":{"rendered":"MTB-Fahrradsattel \u2013 Stahl \u2013 280 g \u2013 Mod"},"content":{"rendered":"<p><a href=\"https:\/\/essax.es\/wp-content\/uploads\/2022\/09\/JSG7354-scaled.jpg\"><img fetchpriority=\"high\" decoding=\"async\" class=\"alignright size-medium wp-image-101986\" src=\"https:\/\/essax.es\/wp-content\/uploads\/2022\/09\/JSG7354-300x200.jpg\" alt=\"\" width=\"300\" height=\"200\" \/><\/a>Eine neue \u00c4ra von Komfort und Leistung. Dank unseres neuen Era-Sattels bist du bergauf genauso schnell unterwegs wie bergab. Mit seinem neuen ergonomischen Design und seinem hinteren Teil, der f\u00fcr mehr Halt und Stabilit\u00e4t sorgt, haben Sie in jeder Situation die Kontrolle \u00fcber das Fahrrad.<\/p>\n<p>Der neue Era-Sattel wurde entwickelt, um Ihre EMTB- und MTB-Ausfl\u00fcge zu verbessern und ist dank seines hohen Komforts auch perfekt f\u00fcr Gravel geeignet. Schlie\u00dflich bietet die 155-mm-Version gro\u00dfen Komfort f\u00fcr Ihre Stadtrouten.<\/p>","protected":false},"excerpt":{"rendered":"<p>Una nueva era de confort y rendimiento. Gracias a nuestro nuevo sill\u00edn Era, ir\u00e1s tan r\u00e1pido en las subidas como en las bajadas. Con su nuevo dise\u00f1o ergon\u00f3mico y su parte trasera creada para ofrecer un mayor agarre y estabilidad, tendr\u00e1s el control de la bicicleta en cualquier situaci\u00f3n. El nuevo sill\u00edn Era ha sido [&hellip;]<\/p>","protected":false},"featured_media":101979,"comment_status":"open","ping_status":"closed","template":"","meta":{"inline_featured_image":false},"product_brand":[],"product_cat":[153,608,609,154],"product_tag":[288,328,287,191],"class_list":{"0":"post-101978","1":"product","2":"type-product","3":"status-publish","4":"has-post-thumbnail","6":"product_cat-sillines-carretera","7":"product_cat-sillin-carretera-era","8":"product_cat-sillin-mtb-era","9":"product_cat-mtb-gravel","10":"product_tag-emtb","11":"product_tag-era","12":"product_tag-montana","13":"product_tag-mtb","14":"pa_ancho-145-mm","15":"pa_ancho-155-mm","16":"pa_color-negro-negro","17":"pa_rail-acero","19":"first","20":"instock","21":"taxable","22":"shipping-taxable","23":"purchasable","24":"product-type-variable"},"exclude_global_add_ons":[],"addons":[],"_links":{"self":[{"href":"https:\/\/essax.es\/de\/wp-json\/wp\/v2\/product\/101978"}],"collection":[{"href":"https:\/\/essax.es\/de\/wp-json\/wp\/v2\/product"}],"about":[{"href":"https:\/\/essax.es\/de\/wp-json\/wp\/v2\/types\/product"}],"replies":[{"embeddable":true,"href":"https:\/\/essax.es\/de\/wp-json\/wp\/v2\/comments?post=101978"}],"wp:featuredmedia":[{"embeddable":true,"href":"https:\/\/essax.es\/de\/wp-json\/wp\/v2\/media\/101979"}],"wp:attachment":[{"href":"https:\/\/essax.es\/de\/wp-json\/wp\/v2\/media?parent=101978"}],"wp:term":[{"taxonomy":"product_brand","embeddable":true,"href":"https:\/\/essax.es\/de\/wp-json\/wp\/v2\/product_brand?post=101978"},{"taxonomy":"product_cat","embeddable":true,"href":"https:\/\/essax.es\/de\/wp-json\/wp\/v2\/product_cat?post=101978"},{"taxonomy":"product_tag","embeddable":true,"href":"https:\/\/essax.es\/de\/wp-json\/wp\/v2\/product_tag?post=101978"}],"curies":[{"name":"wp","href":"https:\/\/api.w.org\/{rel}","templated":true}]}}