{"id":102012,"date":"2022-09-12T07:15:14","date_gmt":"2022-09-12T07:15:14","guid":{"rendered":"https:\/\/essax.es\/?post_type=product&#038;p=102012"},"modified":"2024-12-10T10:02:43","modified_gmt":"2024-12-10T10:02:43","slug":"aitana-titanio-2","status":"publish","type":"product","link":"https:\/\/essax.es\/de\/product\/aitana-titanio-2","title":{"rendered":"Sill\u00edn Bicicleta Carretera &#8211; Titanio &#8211; 140 gr &#8211; Mod. Aitana"},"content":{"rendered":"<p><a href=\"https:\/\/essax.es\/wp-content\/uploads\/2021\/11\/equipo-essax.jpg\"><img fetchpriority=\"high\" decoding=\"async\" class=\"alignright size-medium wp-image-101582\" src=\"https:\/\/essax.es\/wp-content\/uploads\/2021\/11\/equipo-essax-235x300.jpg\" alt=\"\" width=\"235\" height=\"300\" srcset=\"https:\/\/essax.es\/wp-content\/uploads\/2021\/11\/equipo-essax-235x300.jpg 235w, https:\/\/essax.es\/wp-content\/uploads\/2021\/11\/equipo-essax-9x12.jpg 9w, https:\/\/essax.es\/wp-content\/uploads\/2021\/11\/equipo-essax-768x979.jpg 768w, https:\/\/essax.es\/wp-content\/uploads\/2021\/11\/equipo-essax-769x980.jpg 769w, https:\/\/essax.es\/wp-content\/uploads\/2021\/11\/equipo-essax-84x107.jpg 84w, https:\/\/essax.es\/wp-content\/uploads\/2021\/11\/equipo-essax-200x255.jpg 200w, https:\/\/essax.es\/wp-content\/uploads\/2021\/11\/equipo-essax-450x574.jpg 450w, https:\/\/essax.es\/wp-content\/uploads\/2021\/11\/equipo-essax-600x765.jpg 600w, https:\/\/essax.es\/wp-content\/uploads\/2021\/11\/equipo-essax-620x790.jpg 620w, https:\/\/essax.es\/wp-content\/uploads\/2021\/11\/equipo-essax.jpg 800w\" sizes=\"(max-width: 235px) 100vw, 235px\" \/><\/a><\/p>\n<p>Wir stellen unseren neuen Aitana-Sattel vor: der maximale Ausdruck von Geschwindigkeit und unerreichbarer Leistung.<\/p>\n<p>Dank seiner neuen Carbon-Konstruktion und ultraleichten Materialien werden Sie es kaum bemerken, wenn es an Ihrem Fahrrad sitzt. Dieser Sattel wurde f\u00fcr diejenigen entwickelt, die die perfekte Balance zwischen Leichtigkeit und Widerstand suchen, damit Sie bei jedem Pedaltritt Ihr maximales Potenzial erreichen k\u00f6nnen. Die Gewichtsreduzierung beeintr\u00e4chtigt nicht die Haltbarkeit und stellt sicher, dass der Aitana-Sattel Sie bei all Ihren Radherausforderungen begleitet.<\/p>\n<p>Aber um diese hohe Leistung zu erreichen, haben wir Komfort und Ergonomie nicht vergessen. Der neue Aitana-Sattel beh\u00e4lt die ergonomischen Eigenschaften seiner Vorg\u00e4nger bei und erm\u00f6glicht Ihnen das Radfahren \u00fcber lange Strecken ohne Probleme oder Beschwerden. Das Design umfasst einen zentralen Kanal, der den Sauerstofffluss f\u00f6rdert, den Druck minimiert und Taubheitsgef\u00fchle verhindert, sodass Sie l\u00e4nger H\u00f6chstleistungen erbringen k\u00f6nnen. Dar\u00fcber hinaus sorgen das sorgf\u00e4ltig gestaltete Profil und die fortschrittlichen Materialien f\u00fcr eine hervorragende Gewichtsverteilung und D\u00e4mpfung, wodurch Erm\u00fcdungserscheinungen reduziert und Ihr Komfort in jedem Gel\u00e4nde erh\u00f6ht wird.<\/p>\n<p>Der Aitana-Sattel bietet Ihnen nicht nur Geschwindigkeit und Leistung, sondern auch ein unvergleichliches Fahrraderlebnis. Die Kombination aus modernster Technologie und Liebe zum Detail macht diesen Sattel zu einer unschlagbaren Option f\u00fcr die anspruchsvollsten Radfahrer.<\/p>\n<p>Rivalen werden dich nicht passieren sehen. Mit dem Aitana-Sattel sind Sie immer einen Schritt voraus und k\u00f6nnen jeden Kilometer mit der Gewissheit genie\u00dfen, das Beste unter sich zu haben. Verwandeln Sie jeden Ausflug in eine Gelegenheit, Ihre Grenzen zu \u00fcberschreiten und neue Grenzen zu entdecken, mit dem Aitana-Sattel von Essax.<\/p>","protected":false},"excerpt":{"rendered":"<p>Presentamos nuestro nuevo sill\u00edn Aitana: la m\u00e1xima expresi\u00f3n de velocidad y rendimiento inalcanzable. Gracias a su nueva construcci\u00f3n en carbono y materiales ultraligeros, apenas notar\u00e1s que est\u00e1 en tu bicicleta. Este sill\u00edn est\u00e1 dise\u00f1ado para aquellos que buscan el equilibrio perfecto entre ligereza y resistencia, permiti\u00e9ndote alcanzar tu m\u00e1ximo potencial en cada pedalada. La reducci\u00f3n [&hellip;]<\/p>","protected":false},"featured_media":102082,"comment_status":"open","ping_status":"closed","template":"","meta":{"inline_featured_image":false},"product_brand":[],"product_cat":[600,153],"product_tag":[175,334,331,333,184,332],"class_list":{"0":"post-102012","1":"product","2":"type-product","3":"status-publish","4":"has-post-thumbnail","6":"product_cat-sillin-carretera-aitana","7":"product_cat-sillines-carretera","8":"product_tag-carretera","9":"product_tag-ligero","10":"product_tag-light","11":"product_tag-performance","12":"product_tag-road","13":"product_tag-titanio","15":"first","16":"outofstock","17":"taxable","18":"shipping-taxable","19":"purchasable","20":"product-type-simple"},"exclude_global_add_ons":[],"addons":[],"_links":{"self":[{"href":"https:\/\/essax.es\/de\/wp-json\/wp\/v2\/product\/102012"}],"collection":[{"href":"https:\/\/essax.es\/de\/wp-json\/wp\/v2\/product"}],"about":[{"href":"https:\/\/essax.es\/de\/wp-json\/wp\/v2\/types\/product"}],"replies":[{"embeddable":true,"href":"https:\/\/essax.es\/de\/wp-json\/wp\/v2\/comments?post=102012"}],"wp:featuredmedia":[{"embeddable":true,"href":"https:\/\/essax.es\/de\/wp-json\/wp\/v2\/media\/102082"}],"wp:attachment":[{"href":"https:\/\/essax.es\/de\/wp-json\/wp\/v2\/media?parent=102012"}],"wp:term":[{"taxonomy":"product_brand","embeddable":true,"href":"https:\/\/essax.es\/de\/wp-json\/wp\/v2\/product_brand?post=102012"},{"taxonomy":"product_cat","embeddable":true,"href":"https:\/\/essax.es\/de\/wp-json\/wp\/v2\/product_cat?post=102012"},{"taxonomy":"product_tag","embeddable":true,"href":"https:\/\/essax.es\/de\/wp-json\/wp\/v2\/product_tag?post=102012"}],"curies":[{"name":"wp","href":"https:\/\/api.w.org\/{rel}","templated":true}]}}