{"id":102014,"date":"2022-09-12T08:57:01","date_gmt":"2022-09-12T08:57:01","guid":{"rendered":"https:\/\/essax.es\/?post_type=product&#038;p=102014"},"modified":"2026-03-24T10:39:40","modified_gmt":"2026-03-24T10:39:40","slug":"iris-acero","status":"publish","type":"product","link":"https:\/\/essax.es\/de\/product\/iris-acero","title":{"rendered":"Rennrad-\/MTB-Fahrradsattel \u2013 Stahl \u2013 280 g \u2013 Mod. Iris"},"content":{"rendered":"<p><a href=\"https:\/\/essax.es\/wp-content\/uploads\/2021\/11\/x-sauce.jpg\"><img fetchpriority=\"high\" decoding=\"async\" class=\"alignright size-medium wp-image-101586\" src=\"https:\/\/essax.es\/wp-content\/uploads\/2021\/11\/x-sauce-235x300.jpg\" alt=\"\" width=\"235\" height=\"300\" srcset=\"https:\/\/essax.es\/wp-content\/uploads\/2021\/11\/x-sauce-235x300.jpg 235w, https:\/\/essax.es\/wp-content\/uploads\/2021\/11\/x-sauce-9x12.jpg 9w, https:\/\/essax.es\/wp-content\/uploads\/2021\/11\/x-sauce-768x979.jpg 768w, https:\/\/essax.es\/wp-content\/uploads\/2021\/11\/x-sauce-769x980.jpg 769w, https:\/\/essax.es\/wp-content\/uploads\/2021\/11\/x-sauce-84x107.jpg 84w, https:\/\/essax.es\/wp-content\/uploads\/2021\/11\/x-sauce-200x255.jpg 200w, https:\/\/essax.es\/wp-content\/uploads\/2021\/11\/x-sauce-450x574.jpg 450w, https:\/\/essax.es\/wp-content\/uploads\/2021\/11\/x-sauce-600x765.jpg 600w, https:\/\/essax.es\/wp-content\/uploads\/2021\/11\/x-sauce-620x790.jpg 620w, https:\/\/essax.es\/wp-content\/uploads\/2021\/11\/x-sauce.jpg 800w\" sizes=\"(max-width: 235px) 100vw, 235px\" \/><\/a><\/p>\n<p>Maximaler Komfort. Der neue Iris-Sattel basiert auf der gleichen Struktur wie sein Bruder Aitana, jedoch mit einer Komfortanpassung auf h\u00f6chstem Niveau. Der Iris wurde sorgf\u00e4ltig entwickelt, um ein \u00fcberragendes Fahrerlebnis zu bieten. Er ist das Ergebnis eines benutzerorientierten Entwicklungsprozesses und einer detaillierten Analyse der Bed\u00fcrfnisse unserer Fahrer.<\/p>\n<p>Die Idee zum Iris entstand aufgrund des enormen Feedbacks unserer Kunden und Sportler, die einen bequemen Sattel f\u00fcr lange Tage auf dem Fahrrad suchen, sei es bei Ausfl\u00fcgen mit Freunden und der Familie oder auf einsamen Reisen. Ohne auf die fortschrittlichen ergonomischen Merkmale zu verzichten, die die Stra\u00dfenversion auszeichnen, verf\u00fcgt die Iris \u00fcber erhebliche Verbesserungen, um den Komfort zu maximieren, ohne die Leistung zu beeintr\u00e4chtigen.<\/p>\n<p>Mit unglaublichen Ergebnissen sowohl bei Kindern als auch bei Erwachsenen passt sich der Iris-Sattel perfekt an alle Altersgruppen und Erfahrungsstufen an. Sein vielseitiges und ergonomisches Design macht es zur idealen Wahl f\u00fcr jeden Radfahrertyp und bietet au\u00dfergew\u00f6hnlichen Komfort bei jedem Pedaltritt.<\/p>\n<p>Der Iris eignet sich sowohl f\u00fcr Berge als auch f\u00fcr Stra\u00dfen und ist der ergonomischste und vielseitigste Sattel in unserem Sortiment. Seine robuste und leichte Struktur in Kombination mit hochwertigen Materialien garantiert Haltbarkeit und Widerstandsf\u00e4higkeit, w\u00e4hrend sein sorgf\u00e4ltig ausgearbeitetes Design eine gleichm\u00e4\u00dfige Gewichtsverteilung gew\u00e4hrleistet, Druckstellen reduziert und Beschwerden bei langen Fahrten vermeidet.<\/p>\n<p>Die Iris ist nicht nur eine Verbesserung des Komforts, sondern auch der Leistung. Seine innovative Form und optimierte Polsterung erm\u00f6glichen eine gr\u00f6\u00dfere Bewegungsfreiheit und eine bessere K\u00f6rperhaltung, was zu einem effizienteren und angenehmeren Fahrraderlebnis f\u00fchrt. Egal, ob Sie raues Gel\u00e4nde in den Bergen bew\u00e4ltigen oder weite Strecken auf der Stra\u00dfe zur\u00fccklegen, der Iris gibt Ihnen die Unterst\u00fctzung, die Sie brauchen, um jede Herausforderung zu meistern.<\/p>\n<p>Der neue Iris-Sattel von Essax ist zweifellos eine Investition in Qualit\u00e4t und Komfort. Mit ihm kann man nichts falsch machen. Es ist die perfekte Option f\u00fcr alle, die bei ihren Radabenteuern das Beste an Ergonomie, Vielseitigkeit und Leistung suchen.<\/p>","protected":false},"excerpt":{"rendered":"<p>M\u00e1ximo confort. El nuevo sill\u00edn Iris est\u00e1 basado en la misma estructura que su hermano Aitana, pero con el ajuste de comodidad llevado al m\u00e1ximo nivel. Dise\u00f1ado meticulosamente para ofrecer una experiencia de ciclismo superior, el Iris es el resultado de un proceso de desarrollo centrado en el usuario y en el an\u00e1lisis detallado de [&hellip;]<\/p>","protected":false},"featured_media":102097,"comment_status":"open","ping_status":"closed","template":"","meta":{"inline_featured_image":false},"product_brand":[],"product_cat":[153,602,604,154],"product_tag":[340,175,337,339,338,287,184,336],"class_list":{"0":"post-102014","1":"product","2":"type-product","3":"status-publish","4":"has-post-thumbnail","6":"product_cat-sillines-carretera","7":"product_cat-sillin-carretera-iris","8":"product_cat-mtb-gravel-iris","9":"product_cat-mtb-gravel","10":"product_tag-acero","11":"product_tag-carretera","12":"product_tag-confort","13":"product_tag-fec","14":"product_tag-iris","15":"product_tag-montana","16":"product_tag-road","17":"product_tag-tmb","19":"first","20":"instock","21":"taxable","22":"shipping-taxable","23":"purchasable","24":"product-type-simple"},"exclude_global_add_ons":[],"addons":[],"_links":{"self":[{"href":"https:\/\/essax.es\/de\/wp-json\/wp\/v2\/product\/102014"}],"collection":[{"href":"https:\/\/essax.es\/de\/wp-json\/wp\/v2\/product"}],"about":[{"href":"https:\/\/essax.es\/de\/wp-json\/wp\/v2\/types\/product"}],"replies":[{"embeddable":true,"href":"https:\/\/essax.es\/de\/wp-json\/wp\/v2\/comments?post=102014"}],"wp:featuredmedia":[{"embeddable":true,"href":"https:\/\/essax.es\/de\/wp-json\/wp\/v2\/media\/102097"}],"wp:attachment":[{"href":"https:\/\/essax.es\/de\/wp-json\/wp\/v2\/media?parent=102014"}],"wp:term":[{"taxonomy":"product_brand","embeddable":true,"href":"https:\/\/essax.es\/de\/wp-json\/wp\/v2\/product_brand?post=102014"},{"taxonomy":"product_cat","embeddable":true,"href":"https:\/\/essax.es\/de\/wp-json\/wp\/v2\/product_cat?post=102014"},{"taxonomy":"product_tag","embeddable":true,"href":"https:\/\/essax.es\/de\/wp-json\/wp\/v2\/product_tag?post=102014"}],"curies":[{"name":"wp","href":"https:\/\/api.w.org\/{rel}","templated":true}]}}