{"id":102029,"date":"2022-09-12T10:12:55","date_gmt":"2022-09-12T10:12:55","guid":{"rendered":"https:\/\/essax.es\/?post_type=product&#038;p=102029"},"modified":"2024-12-10T10:01:27","modified_gmt":"2024-12-10T10:01:27","slug":"vanko","status":"publish","type":"product","link":"https:\/\/essax.es\/de\/product\/vanko","title":{"rendered":"MTB-Fahrradsattel \u2013 FeC \u2013 290 gr \u2013 Mod"},"content":{"rendered":"<p>Mit dem neuen Vanko-Sattel werden Sie sich nie unwohl f\u00fchlen. Da er jedem Schlag und dem schwierigsten Gel\u00e4nde standh\u00e4lt, gibt es nichts, was Sie schlagen kann.<\/p>\n<p>Basierend auf seinem d\u00fcnneren Bruder Tudons verf\u00fcgt der neue Vanko \u00fcber eine dickere Schaumstoffschicht, die tausende Stunden Komfort bietet. Wir wissen, dass Schaumstoff nicht alles ist, deshalb beh\u00e4lt er die gleichen ergonomischen Eigenschaften wie sein kleiner Bruder und erm\u00f6glicht es Ihnen, lange Strecken zu fahren, ohne sich auch nur einen Millimeter bewegen zu m\u00fcssen.<\/p>\n<h4>Design und Technologie<\/h4>\n<p>Der Vanko zeichnet sich nicht nur durch seine Robustheit aus, sondern auch durch sein Design, das auf die anspruchsvollsten Radfahrer zugeschnitten ist. Mit einer verst\u00e4rkten Innenstruktur und hochwertigen Materialien ist dieser Sattel bereit, den h\u00e4rtesten Herausforderungen standzuhalten. Die Carbonfaserschale bietet eine perfekte Kombination aus Steifigkeit und Flexibilit\u00e4t und gew\u00e4hrleistet so eine \u00fcberragende Leistung auf jedem Gel\u00e4nde.<\/p>\n<h4>Komfort ohne Kompromisse<\/h4>\n<p>Der im Vanko verwendete hochdichte Memory-Schaum passt sich perfekt an die Anatomie des Fahrers an, verteilt den Druck gleichm\u00e4\u00dfig und reduziert Schmerzpunkte. Dies f\u00fchrt zu mehr Komfort, selbst bei den l\u00e4ngsten und anspruchsvollsten Ausfl\u00fcgen. Dar\u00fcber hinaus sorgt der rutschfeste Mikrofaserbezug f\u00fcr einen stabilen Stand und verhindert ein Verrutschen beim Treten.<\/p>\n<h4>Fortschrittliche Ergonomie<\/h4>\n<p>Das ergonomische Design des Vanko wurde in Zusammenarbeit mit Biomechanik-Experten entwickelt und stellt sicher, dass jede Kurve und jedes Detail f\u00fcr Leistung und Komfort optimiert ist. Der zentrale Bereich des Sattels verf\u00fcgt \u00fcber einen Druckentlastungskanal, der Taubheitsgef\u00fchle reduziert und die Blutzirkulation verbessert, sodass Sie jeden Kilometer ohne Beschwerden genie\u00dfen k\u00f6nnen.<\/p>\n<h4>Vielseitigkeit und Anpassungsf\u00e4higkeit<\/h4>\n<p>Egal ob Berg-, Stra\u00dfen- oder Gravel-Fahrer, der Vanko passt sich allen Disziplinen an. Seine Titanschienen sorgen nicht nur f\u00fcr Stabilit\u00e4t und Haltbarkeit, sondern tragen auch dazu bei, das Gewicht des Sattels auf ein Minimum zu reduzieren, was f\u00fcr alle, die jedes Gramm ihrer Ausr\u00fcstung optimieren m\u00f6chten, von entscheidender Bedeutung ist.<\/p>\n<h4>Innovation und Haltbarkeit<\/h4>\n<p>Essax hat besonderen Wert auf die Langlebigkeit des Vanko gelegt. Jeder Sattel wird strengen Qualit\u00e4tspr\u00fcfungen unterzogen, um sicherzustellen, dass er den h\u00f6chsten Industriestandards entspricht. Ob Regen, sengende Sonne oder extremste Bedingungen, der Vanko ist so gebaut, dass er allem standh\u00e4lt, was die Stra\u00dfe auf Sie mit sich bringt.<\/p>\n<p>Es wird nichts geben, was Ihnen widerstehen kann! Mit dem Vanko-Sattel sind Sie mit dem Besten an Technik und Design ausgestattet, sodass jedes Abenteuer auf zwei R\u00e4dern zu einem unvergleichlichen Erlebnis wird. Vertrauen Sie der Robustheit und dem Komfort des Vanko und bringen Sie Ihre Leistung auf die n\u00e4chste Stufe.<\/p>","protected":false},"excerpt":{"rendered":"<p>El nuevo sill\u00edn Vanko nunca te har\u00e1 sentir inc\u00f3modo. Capaz de aguantar cualquier golpe y los terrenos m\u00e1s complicados, no habr\u00e1 nada que pueda contigo. Basado en su hermano m\u00e1s fino, Tudons, el nuevo Vanko tiene una capa m\u00e1s gruesa de espuma que ofrece miles de horas de confort. Sabemos que la espuma no lo [&hellip;]<\/p>","protected":false},"featured_media":102085,"comment_status":"open","ping_status":"closed","template":"","meta":{"inline_featured_image":false},"product_brand":[],"product_cat":[154,157,605],"product_tag":[288,192,287,191,203,341],"class_list":{"0":"post-102029","1":"product","2":"type-product","3":"status-publish","4":"has-post-thumbnail","6":"product_cat-mtb-gravel","7":"product_cat-urban","8":"product_cat-mtb-gravel-vanko","9":"product_tag-emtb","10":"product_tag-gravel","11":"product_tag-montana","12":"product_tag-mtb","13":"product_tag-urban","14":"product_tag-vanko","16":"first","17":"instock","18":"taxable","19":"shipping-taxable","20":"purchasable","21":"product-type-simple"},"exclude_global_add_ons":[],"addons":[],"_links":{"self":[{"href":"https:\/\/essax.es\/de\/wp-json\/wp\/v2\/product\/102029"}],"collection":[{"href":"https:\/\/essax.es\/de\/wp-json\/wp\/v2\/product"}],"about":[{"href":"https:\/\/essax.es\/de\/wp-json\/wp\/v2\/types\/product"}],"replies":[{"embeddable":true,"href":"https:\/\/essax.es\/de\/wp-json\/wp\/v2\/comments?post=102029"}],"wp:featuredmedia":[{"embeddable":true,"href":"https:\/\/essax.es\/de\/wp-json\/wp\/v2\/media\/102085"}],"wp:attachment":[{"href":"https:\/\/essax.es\/de\/wp-json\/wp\/v2\/media?parent=102029"}],"wp:term":[{"taxonomy":"product_brand","embeddable":true,"href":"https:\/\/essax.es\/de\/wp-json\/wp\/v2\/product_brand?post=102029"},{"taxonomy":"product_cat","embeddable":true,"href":"https:\/\/essax.es\/de\/wp-json\/wp\/v2\/product_cat?post=102029"},{"taxonomy":"product_tag","embeddable":true,"href":"https:\/\/essax.es\/de\/wp-json\/wp\/v2\/product_tag?post=102029"}],"curies":[{"name":"wp","href":"https:\/\/api.w.org\/{rel}","templated":true}]}}