{"id":103889,"date":"2024-10-16T11:44:47","date_gmt":"2024-10-16T11:44:47","guid":{"rendered":"https:\/\/essax.es\/?post_type=product&#038;p=103889"},"modified":"2024-12-10T08:55:10","modified_gmt":"2024-12-10T08:55:10","slug":"sillin-bicicleta-mtb-mod-era-xgr","status":"publish","type":"product","link":"https:\/\/essax.es\/de\/product\/sillin-bicicleta-mtb-mod-era-xgr","title":{"rendered":"Sill\u00edn Bicicleta MTB \u2013 Acero &#8211; 280gr \u2013  Mod. Era XGR"},"content":{"rendered":"<p style=\"text-align: left;\"><a href=\"https:\/\/essax.es\/wp-content\/uploads\/2022\/09\/JSG7354-scaled.jpg\"><img fetchpriority=\"high\" decoding=\"async\" class=\"alignright size-medium wp-image-101986\" src=\"https:\/\/essax.es\/wp-content\/uploads\/2022\/09\/JSG7354-300x200.jpg\" alt=\"\" width=\"300\" height=\"200\" \/><\/a><\/p>\n<div>\n<div><b>ERA XGR<\/b><\/div>\n<p>ERA y TUDONS XGR, son el fruto de largos a\u00f1os de estudios y desarrollo, que dan como resultado el una versi\u00f3n orientada a los amates del MTB y el Gravel. 245mm. de largo para una mayor libertad de pedaleo. Mayor superficie de apoyo con dos opciones de ancho 145mm. y 155mm, que junto a su espuma de amortiguaci\u00f3n progresiva aportan un confort inigualable.\u00a0\u00a0Gracias a su estudiado canal central,\u00a0\u00a0reducimos las presiones en la zona peritogenital, Lo cual nos da un plus de salud. Su Ergonom\u00eda ovalada y su parte trasera elevada permite una mayor sujeci\u00f3n de pelvis y un apoyo de la columna m\u00e1s estable, para que puedas sacarle m\u00e1s rendimiento a tus vatios (+8% seg\u00fan nuestros estudios). ERA XGR es el sill\u00edn indispensable para aquellos que quieren ir un paso m\u00e1s all\u00e1 en su experiencia de montar en bicicleta. Totalmente apto tanto para MTB, Gravel, y E-Bike.<\/p>\n<\/div>\n<div>Elige ERA XGR<\/div>\n<div>Elige:<\/div>\n<div>+ Libertad de pedaleo<\/div>\n<div>+ Confort<\/div>\n<div>+ Salud<\/div>\n<div>+ Vatios<\/div>\n<div><\/div>\n<p>&nbsp;<\/p>","protected":false},"excerpt":{"rendered":"<p>ERA XGR ERA y TUDONS XGR, son el fruto de largos a\u00f1os de estudios y desarrollo, que dan como resultado el una versi\u00f3n orientada a los amates del MTB y el Gravel. 245mm. de largo para una mayor libertad de pedaleo. Mayor superficie de apoyo con dos opciones de ancho 145mm. y 155mm, que junto [&hellip;]<\/p>","protected":false},"featured_media":103890,"comment_status":"open","ping_status":"closed","template":"","meta":{"inline_featured_image":false},"product_brand":[],"product_cat":[606,154],"product_tag":[192,294,297,190],"class_list":{"0":"post-103889","1":"product","2":"type-product","3":"status-publish","4":"has-post-thumbnail","6":"product_cat-mtb-gravel-eraxgr","7":"product_cat-mtb-gravel","8":"product_tag-gravel","9":"product_tag-mtb-saddle","10":"product_tag-sillin-mtb","11":"product_tag-xc","12":"pa_ancho-145-mm","13":"pa_color-marron","14":"pa_color-negro-negro","15":"pa_rail-acero","17":"first","18":"instock","19":"taxable","20":"shipping-taxable","21":"purchasable","22":"product-type-variable"},"exclude_global_add_ons":[],"addons":[],"_links":{"self":[{"href":"https:\/\/essax.es\/de\/wp-json\/wp\/v2\/product\/103889"}],"collection":[{"href":"https:\/\/essax.es\/de\/wp-json\/wp\/v2\/product"}],"about":[{"href":"https:\/\/essax.es\/de\/wp-json\/wp\/v2\/types\/product"}],"replies":[{"embeddable":true,"href":"https:\/\/essax.es\/de\/wp-json\/wp\/v2\/comments?post=103889"}],"wp:featuredmedia":[{"embeddable":true,"href":"https:\/\/essax.es\/de\/wp-json\/wp\/v2\/media\/103890"}],"wp:attachment":[{"href":"https:\/\/essax.es\/de\/wp-json\/wp\/v2\/media?parent=103889"}],"wp:term":[{"taxonomy":"product_brand","embeddable":true,"href":"https:\/\/essax.es\/de\/wp-json\/wp\/v2\/product_brand?post=103889"},{"taxonomy":"product_cat","embeddable":true,"href":"https:\/\/essax.es\/de\/wp-json\/wp\/v2\/product_cat?post=103889"},{"taxonomy":"product_tag","embeddable":true,"href":"https:\/\/essax.es\/de\/wp-json\/wp\/v2\/product_tag?post=103889"}],"curies":[{"name":"wp","href":"https:\/\/api.w.org\/{rel}","templated":true}]}}