{"id":103945,"date":"2024-10-17T12:15:16","date_gmt":"2024-10-17T12:15:16","guid":{"rendered":"https:\/\/essax.es\/?post_type=product&#038;p=103945"},"modified":"2024-12-10T10:00:59","modified_gmt":"2024-12-10T10:00:59","slug":"sillin-bicicleta-carretera-mtb-acero-280gr-mod-tudons","status":"publish","type":"product","link":"https:\/\/essax.es\/de\/product\/sillin-bicicleta-carretera-mtb-acero-280gr-mod-tudons","title":{"rendered":"Sill\u00edn Bicicleta Carretera \/ MTB &#8211; Acero &#8211; 280gr &#8211; Mod. Tudons"},"content":{"rendered":"<p><a href=\"https:\/\/essax.es\/wp-content\/uploads\/2022\/09\/JSG7385-scaled.jpg\"><img fetchpriority=\"high\" decoding=\"async\" class=\"alignright wp-image-102022\" src=\"https:\/\/essax.es\/wp-content\/uploads\/2022\/09\/JSG7385-300x200.jpg\" alt=\"\" width=\"500\" height=\"333\" \/><\/a><\/p>\n<p>Robust und vielseitig. Das waren die Ma\u00dfst\u00e4be, nach denen wir den neuen Tudons-Sattel entwickelt haben.<\/p>\n<p>Der neue Tudons-Sattel ist so vielseitig, dass wir ihn an verschiedenen Fahrradtypen getestet haben: EMTB-, Gravel-, Trekking- und Stra\u00dfenfahrr\u00e4dern, wobei wir bei jedem davon unglaubliche Ergebnisse erzielt haben. Unabh\u00e4ngig vom Gel\u00e4nde oder der Modalit\u00e4t hat sich der Tudons als vertrauensw\u00fcrdiger Begleiter erwiesen, der sich perfekt an verschiedene Bed\u00fcrfnisse und Fahrstile anpasst.<\/p>\n<p>Aufbauend auf der ergonomischen Grundlage seiner Geschwister haben wir einen abgedeckten Mittelteil eingef\u00fcgt, der alle wesentlichen ergonomischen Vorteile bietet. Dieser Zusatz optimiert nicht nur den Komfort durch die Reduzierung von Druckstellen, sondern tr\u00e4gt auch zu einer besseren Bel\u00fcftung und Luftzirkulation bei, was f\u00fcr lange Fahrtage von entscheidender Bedeutung ist.<\/p>\n<p>Dar\u00fcber hinaus haben wir die Festigkeit und Haltbarkeit der Sattelbaugruppe durch den Einsatz hochwertiger Materialien und fortschrittlicher Fertigungstechniken verbessert. Das Ergebnis ist ein Sattel, der nicht nur eine \u00fcberlegene Leistung in Bezug auf Komfort und Ergonomie bietet, sondern auch den anspruchsvollsten Bedingungen und intensiver Nutzung standh\u00e4lt, ohne seine Integrit\u00e4t zu beeintr\u00e4chtigen.<\/p>\n<p>Der Tudons kann der einzige Sattel sein, den Sie brauchen, unabh\u00e4ngig von der Modalit\u00e4t, die Sie praktizieren. Sein robustes Design und seine au\u00dfergew\u00f6hnliche Anpassungsf\u00e4higkeit sorgen daf\u00fcr, dass Sie immer bereit sind, sich jeder Herausforderung zu stellen, egal ob bei einem Offroad-Abenteuer, einer Fernstrecke oder einem gem\u00fctlichen Spaziergang durch die Stadt. Mit dem Tudons-Sattel sind Komfort, Widerstandsf\u00e4higkeit und Vielseitigkeit bei jedem Pedaltritt garantiert.<\/p>","protected":false},"excerpt":{"rendered":"<p>Robusto y vers\u00e1til. Esas fueron las normas que utilizamos para desarrollar el nuevo sill\u00edn Tudons. El nuevo sill\u00edn Tudons es tan vers\u00e1til que lo hemos probado en diferentes tipos de bicicletas: EMTB&#8217;s, Gravel, Trekking y Carretera, obteniendo resultados incre\u00edbles en cada una de ellas. No importa el terreno o la modalidad, el Tudons ha demostrado [&hellip;]<\/p>","protected":false},"featured_media":102091,"comment_status":"open","ping_status":"closed","template":"","meta":{"inline_featured_image":false},"product_brand":[],"product_cat":[153,154,601,603],"product_tag":[284,294,152,151,183,190],"class_list":{"0":"post-103945","1":"product","2":"type-product","3":"status-publish","4":"has-post-thumbnail","6":"product_cat-sillines-carretera","7":"product_cat-mtb-gravel","8":"product_cat-sillin-carretera-tudons","9":"product_cat-mtb-gravel-tudons","10":"product_tag-cromo","11":"product_tag-mtb-saddle","12":"product_tag-road-saddle","13":"product_tag-sillin-carretera","14":"product_tag-tudons","15":"product_tag-xc","17":"first","18":"instock","19":"taxable","20":"shipping-taxable","21":"purchasable","22":"product-type-simple"},"exclude_global_add_ons":[],"addons":[],"_links":{"self":[{"href":"https:\/\/essax.es\/de\/wp-json\/wp\/v2\/product\/103945"}],"collection":[{"href":"https:\/\/essax.es\/de\/wp-json\/wp\/v2\/product"}],"about":[{"href":"https:\/\/essax.es\/de\/wp-json\/wp\/v2\/types\/product"}],"replies":[{"embeddable":true,"href":"https:\/\/essax.es\/de\/wp-json\/wp\/v2\/comments?post=103945"}],"wp:featuredmedia":[{"embeddable":true,"href":"https:\/\/essax.es\/de\/wp-json\/wp\/v2\/media\/102091"}],"wp:attachment":[{"href":"https:\/\/essax.es\/de\/wp-json\/wp\/v2\/media?parent=103945"}],"wp:term":[{"taxonomy":"product_brand","embeddable":true,"href":"https:\/\/essax.es\/de\/wp-json\/wp\/v2\/product_brand?post=103945"},{"taxonomy":"product_cat","embeddable":true,"href":"https:\/\/essax.es\/de\/wp-json\/wp\/v2\/product_cat?post=103945"},{"taxonomy":"product_tag","embeddable":true,"href":"https:\/\/essax.es\/de\/wp-json\/wp\/v2\/product_tag?post=103945"}],"curies":[{"name":"wp","href":"https:\/\/api.w.org\/{rel}","templated":true}]}}