{"id":103968,"date":"2024-10-18T06:28:44","date_gmt":"2024-10-18T06:28:44","guid":{"rendered":"https:\/\/essax.es\/?post_type=product&#038;p=103968"},"modified":"2025-10-24T09:22:27","modified_gmt":"2025-10-24T09:22:27","slug":"sillin-bicicleta-mtb-carbono-160gr-mod-tudons-xgr","status":"publish","type":"product","link":"https:\/\/essax.es\/de\/product\/sillin-bicicleta-mtb-carbono-160gr-mod-tudons-xgr","title":{"rendered":"MTB-Fahrradsattel \u2013 Carbon \u2013 160gr \u2013 Mod. Tudons XGR"},"content":{"rendered":"<div><b>TUDONS XGR<\/b><\/div>\n<div>ERA y TUDONS XGR, son el fruto de largos a\u00f1os de estudios y desarrollo, que dan como resultado el una versi\u00f3n orientada a los amates del MTB y el Gravel. 245mm. de largo para una mayor libert<a href=\"https:\/\/essax.es\/wp-content\/uploads\/2022\/09\/JSG7385-scaled.jpg\"><img fetchpriority=\"high\" decoding=\"async\" class=\"wp-image-102022 alignright\" src=\"https:\/\/essax.es\/wp-content\/uploads\/2022\/09\/JSG7385-300x200.jpg\" alt=\"\" width=\"500\" height=\"333\" \/><\/a>ad de pedaleo. 140mm. de ancho, que facilitan la entrada y salida del sillin en las zonas mas t\u00e9cnicas. \u00a0alto confort gracias a su espuma de amortiguaci\u00f3n progresiva.\u00a0Gracias a su estudiado canal central,\u00a0\u00a0reducimos las presiones en la zona peritogenital, Lo cual nos da un plus de salud. Su Ergonom\u00eda ovalada y su parte trasera elevada permite una mayor sujeci\u00f3n de pelvis y un apoyo de la columna m\u00e1s estable, para que puedas sacarle m\u00e1s rendimiento a tus vatios (+8% seg\u00fan nuestros estudios). TUDONS XGR es el sill\u00edn de alto rendimiento ideal para todos aquellos que llevan la competici\u00f3n al m\u00e1ximo nivel en su ADN. \u00a0Totalmente apto \u00a0para MTB, y Gravel.<\/div>\n<div>Elige TUDONS XGR<\/div>\n<div>Elige:<\/div>\n<div>+ Libertad de pedaleo<\/div>\n<div>+ Confort<\/div>\n<div>+ Salud<\/div>\n<div>+ Rendimiento<\/div>\n<div>+ Vatios<\/div>\n<p>&nbsp;<\/p>\n<p>&nbsp;<\/p>\n<p>&nbsp;<\/p>\n<p>&nbsp;<\/p>","protected":false},"excerpt":{"rendered":"<p>TUDONS XGR ERA y TUDONS XGR, son el fruto de largos a\u00f1os de estudios y desarrollo, que dan como resultado el una versi\u00f3n orientada a los amates del MTB y el Gravel. 245mm. de largo para una mayor libertad de pedaleo. 140mm. de ancho, que facilitan la entrada y salida del sillin en las zonas [&hellip;]<\/p>","protected":false},"featured_media":103914,"comment_status":"open","ping_status":"closed","template":"","meta":{"inline_featured_image":false},"product_brand":[],"product_cat":[154,610],"product_tag":[192,294,297,190],"class_list":{"0":"post-103968","1":"product","2":"type-product","3":"status-publish","4":"has-post-thumbnail","6":"product_cat-mtb-gravel","7":"product_cat-mtb-gravel-tudonsxgr","8":"product_tag-gravel","9":"product_tag-mtb-saddle","10":"product_tag-sillin-mtb","11":"product_tag-xc","12":"pa_color-negro-blanco","13":"pa_color-marron-gris","14":"pa_color-marron-negro","15":"pa_rail-carbono","17":"first","18":"instock","19":"taxable","20":"shipping-taxable","21":"purchasable","22":"product-type-variable"},"exclude_global_add_ons":[],"addons":[],"_links":{"self":[{"href":"https:\/\/essax.es\/de\/wp-json\/wp\/v2\/product\/103968"}],"collection":[{"href":"https:\/\/essax.es\/de\/wp-json\/wp\/v2\/product"}],"about":[{"href":"https:\/\/essax.es\/de\/wp-json\/wp\/v2\/types\/product"}],"replies":[{"embeddable":true,"href":"https:\/\/essax.es\/de\/wp-json\/wp\/v2\/comments?post=103968"}],"wp:featuredmedia":[{"embeddable":true,"href":"https:\/\/essax.es\/de\/wp-json\/wp\/v2\/media\/103914"}],"wp:attachment":[{"href":"https:\/\/essax.es\/de\/wp-json\/wp\/v2\/media?parent=103968"}],"wp:term":[{"taxonomy":"product_brand","embeddable":true,"href":"https:\/\/essax.es\/de\/wp-json\/wp\/v2\/product_brand?post=103968"},{"taxonomy":"product_cat","embeddable":true,"href":"https:\/\/essax.es\/de\/wp-json\/wp\/v2\/product_cat?post=103968"},{"taxonomy":"product_tag","embeddable":true,"href":"https:\/\/essax.es\/de\/wp-json\/wp\/v2\/product_tag?post=103968"}],"curies":[{"name":"wp","href":"https:\/\/api.w.org\/{rel}","templated":true}]}}