{"id":99461,"date":"2020-07-22T08:23:19","date_gmt":"2020-07-22T08:23:19","guid":{"rendered":"https:\/\/essax.es\/?post_type=product&#038;p=99461"},"modified":"2025-11-03T08:11:00","modified_gmt":"2025-11-03T08:11:00","slug":"adrenaline-r-cromo","status":"publish","type":"product","link":"https:\/\/essax.es\/de\/product\/adrenaline-r-cromo","title":{"rendered":"Fahrradsattel \u2013 Chrom \u2013 180 gr. \u2013 Mod. Adrenaline R"},"content":{"rendered":"<p>Zweifellos stehen wir vor dem Flaggschiff der Marke, dem mit Abstand meistverkauften Modell in unserem Katalog in unseren 13 Lebensjahren.<\/p>\n<p>Seine gro\u00dfe Anzahl an Kombinationsm\u00f6glichkeiten in Bezug auf Farben, B\u00fcgel und Breiten sowie eine kontinuierliche formelle Verbesserung Jahr f\u00fcr Jahr haben den Adrenaline R in dieser Zeit zum bevorzugten Sattel f\u00fcr den 99% von gesponserten Radfahrern und Teams gemacht; daf\u00fcr muss es einen Grund geben\u2026<\/p>\n<p>Ausgestattet mit einem zentralen Kanal, um einen Teil des Drucks abzubauen, den unser Gewicht auf den Dammbereich aus\u00fcbt, ist er in verschiedenen Ausf\u00fchrungen und Reichweiten erh\u00e4ltlich. Aus der Chromstange, mit einem g\u00fcnstigeren Preis und fantastischen 180 gr. vom Gewicht bis hin zur beeindruckenden Kohlefaserversion und ihren spektakul\u00e4ren 135 g.<\/p>","protected":false},"excerpt":{"rendered":"<p>Sin ning\u00fan g\u00e9nero de dudas nos encontramos ante el buque insignia de la marca, el modelo m\u00e1s vendido de nuestro cat\u00e1logo en nuestros 13 a\u00f1os de vida, y con diferencia. Su gran cantidad de combinaciones en cuanto a colores, varillas y anchos, adem\u00e1s de una continua mejora formal a\u00f1o tras a\u00f1os, han hecho del Adrenaline [&hellip;]<\/p>","protected":false},"featured_media":101212,"comment_status":"open","ping_status":"closed","template":"","meta":{"inline_featured_image":false},"product_brand":[],"product_cat":[158],"product_tag":[149,150,152,151],"class_list":{"0":"post-99461","1":"product","2":"type-product","3":"status-publish","4":"has-post-thumbnail","6":"product_cat-outlet","7":"product_tag-adrenaline","8":"product_tag-adrenaline-r","9":"product_tag-road-saddle","10":"product_tag-sillin-carretera","11":"pa_ancho-130-mm","12":"pa_ancho-142-mm","13":"pa_color-blanco-negro","14":"pa_color-negro-negro","15":"pa_color-negro-blanco","16":"pa_color-negro-rojo","17":"pa_rail-cromo","19":"first","20":"instock","21":"sale","22":"featured","23":"taxable","24":"shipping-taxable","25":"purchasable","26":"product-type-variable"},"exclude_global_add_ons":[],"addons":[],"_links":{"self":[{"href":"https:\/\/essax.es\/de\/wp-json\/wp\/v2\/product\/99461"}],"collection":[{"href":"https:\/\/essax.es\/de\/wp-json\/wp\/v2\/product"}],"about":[{"href":"https:\/\/essax.es\/de\/wp-json\/wp\/v2\/types\/product"}],"replies":[{"embeddable":true,"href":"https:\/\/essax.es\/de\/wp-json\/wp\/v2\/comments?post=99461"}],"wp:featuredmedia":[{"embeddable":true,"href":"https:\/\/essax.es\/de\/wp-json\/wp\/v2\/media\/101212"}],"wp:attachment":[{"href":"https:\/\/essax.es\/de\/wp-json\/wp\/v2\/media?parent=99461"}],"wp:term":[{"taxonomy":"product_brand","embeddable":true,"href":"https:\/\/essax.es\/de\/wp-json\/wp\/v2\/product_brand?post=99461"},{"taxonomy":"product_cat","embeddable":true,"href":"https:\/\/essax.es\/de\/wp-json\/wp\/v2\/product_cat?post=99461"},{"taxonomy":"product_tag","embeddable":true,"href":"https:\/\/essax.es\/de\/wp-json\/wp\/v2\/product_tag?post=99461"}],"curies":[{"name":"wp","href":"https:\/\/api.w.org\/{rel}","templated":true}]}}