{"id":99495,"date":"2021-10-17T09:53:14","date_gmt":"2021-10-17T09:53:14","guid":{"rendered":"https:\/\/essax.es\/?post_type=product&#038;p=99495"},"modified":"2024-12-09T15:22:48","modified_gmt":"2024-12-09T15:22:48","slug":"shark-aleta-xs-acero","status":"publish","type":"product","link":"https:\/\/essax.es\/de\/product\/shark-aleta-xs-acero","title":{"rendered":"Rennradsattel \u2013 Stahl \u2013 270 gr \u2013 Mod. Shark Fin XS"},"content":{"rendered":"<p><strong><a href=\"https:\/\/essax.es\/wp-content\/uploads\/2020\/07\/essax-shark-3-sillin-saddle.jpg\"><img fetchpriority=\"high\" decoding=\"async\" class=\"alignright size-medium wp-image-99480\" src=\"https:\/\/essax.es\/wp-content\/uploads\/2020\/07\/essax-shark-3-sillin-saddle-300x253.jpg\" alt=\"essax-shark-sillin-bike-saddle-fin\" width=\"300\" height=\"253\" srcset=\"https:\/\/essax.es\/wp-content\/uploads\/2020\/07\/essax-shark-3-sillin-saddle-300x253.jpg 300w, https:\/\/essax.es\/wp-content\/uploads\/2020\/07\/essax-shark-3-sillin-saddle-14x12.jpg 14w, https:\/\/essax.es\/wp-content\/uploads\/2020\/07\/essax-shark-3-sillin-saddle-768x648.jpg 768w, https:\/\/essax.es\/wp-content\/uploads\/2020\/07\/essax-shark-3-sillin-saddle-769x649.jpg 769w, https:\/\/essax.es\/wp-content\/uploads\/2020\/07\/essax-shark-3-sillin-saddle-84x71.jpg 84w, https:\/\/essax.es\/wp-content\/uploads\/2020\/07\/essax-shark-3-sillin-saddle-200x169.jpg 200w, https:\/\/essax.es\/wp-content\/uploads\/2020\/07\/essax-shark-3-sillin-saddle-450x380.jpg 450w, https:\/\/essax.es\/wp-content\/uploads\/2020\/07\/essax-shark-3-sillin-saddle.jpg 800w\" sizes=\"(max-width: 300px) 100vw, 300px\" \/><\/a>Wie kam es dazu?<\/strong><br \/>\nVor sechs Jahren brach Essax mit allen Branchenkonstellationen und ver\u00e4nderte die Art und Weise, den Fahrradsattel zu konzipieren, der sich seit Jahrzehnten nicht weiterentwickelt hatte. Es wurde ein v\u00f6llig neues Produkt auf den Markt gebracht, das weltweit gro\u00dfe Erwartungen geweckt hat (und dies auch weiterhin tut). Noch nie wurde ein Sattel wie dieser hergestellt, \u00fcber den alle reden.<\/p>\n<p>Viele tausend sp\u00e4ter verkaufte Einheiten und viele weitere zufriedene Radfahrer haben uns Recht gegeben und gezeigt, dass es keine einfache Extravaganz war, Aufmerksamkeit zu erregen. Der Hai, es funktioniert.<\/p>\n<p><strong>Wozu dient die Flosse?<\/strong><br \/>\nEs verf\u00fcgt \u00fcber eine zentrale Flosse, die den Schl\u00fcssel zu diesem biomechanischen Set darstellt. Seine Positionierung sagt dem Radfahrer, wie er seine Sitzknochen so positionieren muss, dass er perfekt auf dem Sattel liegt. Das hei\u00dft; Es interagiert mit dem Benutzer, indem es ihm Informationen dar\u00fcber gibt, wie er sitzen soll.<\/p>\n<p>In den Hunderten realen biomechanischen Studien, die w\u00e4hrend der Entwicklung dieses Produkts durchgef\u00fchrt wurden, zeigten die Beweise, dass die \u00fcberwiegende Mehrheit der Radfahrer die Sinneswahrnehmung hatte, gut auf ihren S\u00e4tteln zu sitzen, w\u00e4hrend die Realit\u00e4t zeigte, dass sie normalerweise gedreht waren oder nur einen st\u00fctzten der beiden Sitzbeine. Denn wenn wir im normalen Leben irgendeine Art von Dysmetrie haben, vervielfacht sich diese auf dem Fahrrad, da die beim Treten eingenommene Haltung f\u00fcr den menschlichen K\u00f6rper nicht nat\u00fcrlich ist.<\/p>\n<p>Und als ob das noch nicht genug w\u00e4re: Was urspr\u00fcnglich als therapeutische L\u00f6sung f\u00fcr die Beschwerden Tausender Radfahrer gedacht war, ist zu einem Element geworden, das eine h\u00f6here k\u00f6rperliche Leistungsf\u00e4higkeit erm\u00f6glichen kann, und das nicht, weil es einen neuen St\u00fctzpunkt im Fahrrad gibt, der in Tats\u00e4chlich ist dies nicht der Fall, sondern weil durch die Stabilit\u00e4t der H\u00fcften die Kraft\u00fcbertragung auf die Pedale viel effizienter ist und somit eine h\u00f6here Leistung erzielt wird.<\/p>\n<p><strong>Ist es genehmigt?<\/strong><br \/>\nDer Essax Shark ist patentiert, seine Verwendung bei offiziellen Wettbewerben der UCI (International Cycling Union) ist jedoch nicht gestattet.<\/p>\n<p><strong>Wie wird es platziert?<\/strong><br \/>\nObwohl wir eine Installationsanleitung zur Verf\u00fcgung stellen, empfehlen wir Ihnen, vor dem Kauf zun\u00e4chst einen Fachmann f\u00fcr Biomechanik zu konsultieren, der Sie bei der korrekten Platzierung und Verwendung beraten wird.<\/p>","protected":false},"excerpt":{"rendered":"<p>\u00bfC\u00f3mo surgi\u00f3? Hace seis Essax \u200brompi\u00f3 todos los moldes del sector, cambiando la forma de concebir el sill\u00edn de bicicleta, que llevaba d\u00e9cadas sin evolucionar. Lanz\u00f3 un producto totalmente novedoso que cre\u00f3 (y lo sigue haciendo) una gran expectaci\u00f3n a nivel mundial. Nunca antes se hab\u00eda fabricado un sill\u00edn as\u00ed\u200b, del que todo el mundo [&hellip;]<\/p>","protected":false},"featured_media":99481,"comment_status":"open","ping_status":"closed","template":"","meta":{"inline_featured_image":false},"product_brand":[],"product_cat":[155],"product_tag":[167,165,166],"class_list":{"0":"post-99495","1":"product","2":"type-product","3":"status-publish","4":"has-post-thumbnail","6":"product_cat-biomecanica","7":"product_tag-aleta","8":"product_tag-shark","9":"product_tag-tiburon","10":"pa_ancho-130-mm","11":"pa_ancho-142-mm","12":"pa_color-negro-negro","13":"pa_color-negro-blanco","14":"pa_rail-acero","16":"first","17":"instock","18":"taxable","19":"shipping-taxable","20":"purchasable","21":"product-type-variable"},"exclude_global_add_ons":[],"addons":[],"_links":{"self":[{"href":"https:\/\/essax.es\/de\/wp-json\/wp\/v2\/product\/99495"}],"collection":[{"href":"https:\/\/essax.es\/de\/wp-json\/wp\/v2\/product"}],"about":[{"href":"https:\/\/essax.es\/de\/wp-json\/wp\/v2\/types\/product"}],"replies":[{"embeddable":true,"href":"https:\/\/essax.es\/de\/wp-json\/wp\/v2\/comments?post=99495"}],"wp:featuredmedia":[{"embeddable":true,"href":"https:\/\/essax.es\/de\/wp-json\/wp\/v2\/media\/99481"}],"wp:attachment":[{"href":"https:\/\/essax.es\/de\/wp-json\/wp\/v2\/media?parent=99495"}],"wp:term":[{"taxonomy":"product_brand","embeddable":true,"href":"https:\/\/essax.es\/de\/wp-json\/wp\/v2\/product_brand?post=99495"},{"taxonomy":"product_cat","embeddable":true,"href":"https:\/\/essax.es\/de\/wp-json\/wp\/v2\/product_cat?post=99495"},{"taxonomy":"product_tag","embeddable":true,"href":"https:\/\/essax.es\/de\/wp-json\/wp\/v2\/product_tag?post=99495"}],"curies":[{"name":"wp","href":"https:\/\/api.w.org\/{rel}","templated":true}]}}