{"id":99505,"date":"2020-07-22T10:10:43","date_gmt":"2020-07-22T10:10:43","guid":{"rendered":"https:\/\/essax.es\/?post_type=product&#038;p=99505"},"modified":"2025-09-07T06:31:43","modified_gmt":"2025-09-07T06:31:43","slug":"singel-cromo","status":"publish","type":"product","link":"https:\/\/essax.es\/de\/product\/singel-cromo","title":{"rendered":"Rennradsattel \u2013 Chrom \u2013 220 gr. \u2013 Mod. Singel"},"content":{"rendered":"<p><a href=\"https:\/\/essax.es\/wp-content\/uploads\/2020\/07\/essax-singel-5-sillin-saddle.jpg\"><img fetchpriority=\"high\" decoding=\"async\" class=\"alignright size-medium wp-image-99579\" src=\"https:\/\/essax.es\/wp-content\/uploads\/2020\/07\/essax-singel-5-sillin-saddle-300x253.jpg\" alt=\"essax-singel-sillin-bike-saddle-ciclismo-cycling-rio-miera\" width=\"300\" height=\"253\" srcset=\"https:\/\/essax.es\/wp-content\/uploads\/2020\/07\/essax-singel-5-sillin-saddle-300x253.jpg 300w, https:\/\/essax.es\/wp-content\/uploads\/2020\/07\/essax-singel-5-sillin-saddle-14x12.jpg 14w, https:\/\/essax.es\/wp-content\/uploads\/2020\/07\/essax-singel-5-sillin-saddle-768x648.jpg 768w, https:\/\/essax.es\/wp-content\/uploads\/2020\/07\/essax-singel-5-sillin-saddle-769x649.jpg 769w, https:\/\/essax.es\/wp-content\/uploads\/2020\/07\/essax-singel-5-sillin-saddle-84x71.jpg 84w, https:\/\/essax.es\/wp-content\/uploads\/2020\/07\/essax-singel-5-sillin-saddle-200x169.jpg 200w, https:\/\/essax.es\/wp-content\/uploads\/2020\/07\/essax-singel-5-sillin-saddle-450x380.jpg 450w, https:\/\/essax.es\/wp-content\/uploads\/2020\/07\/essax-singel-5-sillin-saddle.jpg 800w\" sizes=\"(max-width: 300px) 100vw, 300px\" \/><\/a>Wir schreiben das Jahr 2017 und damals hatten wir das Privileg, Mitarbeiter eines der besten Frauenteams des Landes zu sein, dem Lointek-Team. Zu dieser Zeit hatten wir auch ein spezielles Sattelprojekt f\u00fcr Frauen auf dem Tisch, sodass wir nicht viel dar\u00fcber nachgedacht haben, die M\u00e4dchen im Team um Hilfe bei der Entwicklung zu bitten. Und aus dem Ergebnis dieser Zusammenarbeit entstand das Singel-Modell.<\/p>\n<p>Wir ignorierten falsche Mythen \u00fcber die gr\u00f6\u00dfere Breite der Sitzknochen bei Frauen und beschlossen, ein Modell mit einer Standardbreite von 142 mm zu entwickeln. Ja, wir haben andere Aspekte ihrer Physiognomie ber\u00fccksichtigt, die bei herk\u00f6mmlichen S\u00e4tteln schon immer zu Genitalbeschwerden f\u00fchren konnte. Aus diesem Grund haben wir im Singel die Abmessungen des zentralen Kanals sorgf\u00e4ltig untersucht, der den Druck in diesem Bereich teilweise abbauen soll.<\/p>","protected":false},"excerpt":{"rendered":"<p>Der Singel wurde in Zusammenarbeit mit den Radsportlerinnen des professionellen Damenteams Sopela Team entwickelt, die w\u00e4hrend des Entwicklungsprozesses ihre Erfahrungen und Ratschl\u00e4ge einbrachten wir setzen uns.<\/p>\n<p><span style=\"font-size: 14pt;\"><strong>Gewicht: 220 gr.<\/strong><\/span><br \/>\nSchiene: Chrom<\/p>","protected":false},"featured_media":99515,"comment_status":"open","ping_status":"closed","template":"","meta":{"inline_featured_image":false},"product_brand":[],"product_cat":[155,153],"product_tag":[175,176,174],"class_list":{"0":"post-99505","1":"product","2":"type-product","3":"status-publish","4":"has-post-thumbnail","6":"product_cat-biomecanica","7":"product_cat-sillines-carretera","8":"product_tag-carretera","9":"product_tag-femenino","10":"product_tag-singel","11":"pa_ancho-140-mm","12":"pa_color-negro-blanco","13":"pa_rail-cromo","15":"first","16":"instock","17":"taxable","18":"shipping-taxable","19":"purchasable","20":"product-type-variable"},"exclude_global_add_ons":[],"addons":[],"_links":{"self":[{"href":"https:\/\/essax.es\/de\/wp-json\/wp\/v2\/product\/99505"}],"collection":[{"href":"https:\/\/essax.es\/de\/wp-json\/wp\/v2\/product"}],"about":[{"href":"https:\/\/essax.es\/de\/wp-json\/wp\/v2\/types\/product"}],"replies":[{"embeddable":true,"href":"https:\/\/essax.es\/de\/wp-json\/wp\/v2\/comments?post=99505"}],"wp:featuredmedia":[{"embeddable":true,"href":"https:\/\/essax.es\/de\/wp-json\/wp\/v2\/media\/99515"}],"wp:attachment":[{"href":"https:\/\/essax.es\/de\/wp-json\/wp\/v2\/media?parent=99505"}],"wp:term":[{"taxonomy":"product_brand","embeddable":true,"href":"https:\/\/essax.es\/de\/wp-json\/wp\/v2\/product_brand?post=99505"},{"taxonomy":"product_cat","embeddable":true,"href":"https:\/\/essax.es\/de\/wp-json\/wp\/v2\/product_cat?post=99505"},{"taxonomy":"product_tag","embeddable":true,"href":"https:\/\/essax.es\/de\/wp-json\/wp\/v2\/product_tag?post=99505"}],"curies":[{"name":"wp","href":"https:\/\/api.w.org\/{rel}","templated":true}]}}