{"id":99518,"date":"2020-07-22T10:26:23","date_gmt":"2020-07-22T10:26:23","guid":{"rendered":"https:\/\/essax.es\/?post_type=product&#038;p=99518"},"modified":"2024-07-19T19:45:48","modified_gmt":"2024-07-19T19:45:48","slug":"cati-carbono","status":"publish","type":"product","link":"https:\/\/essax.es\/de\/product\/cati-carbono","title":{"rendered":"Rennradsattel \u2013 Carbon \u2013 80 gr \u2013 Mod. Cat\u00ed"},"content":{"rendered":"<p>F\u00fcr Radsportexperten bedeutet Xorret de Cat\u00ed, von einem mythischen Hafen von Alicante zu h\u00f6ren, von seinen Rampen mit bis zu 221 TP3T H\u00f6henmetern, von gro\u00dfartigen Etappen der Vuelta a Espa\u00f1a und von Siegen von Leuten wie AlaPhilippe, Moncouti\u00e9 oder Chava. Aber f\u00fcr diejenigen von uns, die in der N\u00e4he wohnen, ist es noch mehr als das; Es ist unser Gipfel schlechthin, der idealisierte Gipfel und der, mit dem wir am meisten prahlen, wenn wir nach drau\u00dfen gehen.<\/p>\n<p>Mit dieser Kombination von Symbolen und Gef\u00fchlen wollten wir unser Spitzenmodell definieren. Nur 80 gr. aus reinem Nerv, 100% aus Kohlefaser von Hand in Spanien hergestellt. Ein Sattel mit extremer Steifigkeit, der f\u00fcr diejenigen entwickelt wurde, die kein einziges Watt der auf die Pedale ausge\u00fcbten Leistung verlieren m\u00f6chten. Cat\u00ed, der Mythos.<\/p>\n<h4>Innovation und Leichtigkeit<\/h4>\n<p>Der Stra\u00dfensattel Modell Cat\u00ed ist ein wahres Meisterwerk der Technik und des Designs und hat sich mit nur 80 Gramm als der leichteste Fahrradsattel der Welt etabliert. Dieser in Spanien handgefertigte Sattel vereint Handwerkskunst und Spitzentechnologie, um Hochleistungsradfahrern ein Produkt zu bieten, das auf dem Markt seinesgleichen sucht.<\/p>\n<h4>Hochwertige Materialien<\/h4>\n<p>Das Geheimnis der unglaublichen Leichtigkeit des Cat\u00ed-Modells liegt in seiner Vollcarbon-Konstruktion. Dieses Material ist f\u00fcr sein au\u00dfergew\u00f6hnliches Verh\u00e4ltnis von Festigkeit zu Gewicht bekannt und erm\u00f6glicht Radfahrern ein beispielloses Fahrerlebnis. Jedes Detail des Sattels wurde sorgf\u00e4ltig entworfen und hergestellt, um maximale Haltbarkeit ohne unn\u00f6tiges Gewicht zu gew\u00e4hrleisten.<\/p>\n<h4>Aerodynamisches Design<\/h4>\n<p>Der Cat\u00ed ist nicht nur leicht, sondern auch aerodynamisch. Seine Form wurde optimiert, um den Windwiderstand zu minimieren, sodass Fahrer mit weniger Kraftaufwand h\u00f6here Geschwindigkeiten halten k\u00f6nnen. Die Struktur des leichtesten Fahrradsattels ist so konzipiert, dass er ausreichend Halt bietet und gleichzeitig eine effiziente Luftzirkulation erm\u00f6glicht, wodurch die Gesamtleistung des Fahrers verbessert wird.<\/p>\n<h4>Komfort auf jedem Kilometer<\/h4>\n<p>Trotz seines Fokus auf Leichtigkeit und Leistung muss der Cat\u00ed-Sattel keine Abstriche beim Komfort machen. Sein ergonomisches Design ist so konzipiert, dass es sich perfekt an die Anatomie des Radfahrers anpasst, den Druck gleichm\u00e4\u00dfig verteilt und Schmerzpunkte reduziert. Die Flexibilit\u00e4t von Carbon erm\u00f6glicht ein Ma\u00df an D\u00e4mpfung, das den Komfort insbesondere auf langen und anspruchsvollen Strecken verbessert.<\/p>\n<h4>Spanisches Kunsthandwerk<\/h4>\n<p>Jeder Cat\u00ed-Sattel wird in Spanien handgefertigt und garantiert ein Ma\u00df an Qualit\u00e4t und Liebe zum Detail, das nur durch handwerkliches K\u00f6nnen erreicht werden kann. Handwerker nutzen traditionelle Techniken in Kombination mit modernen Technologien, um ein Produkt zu schaffen, das sich nicht nur durch seine Leistung, sondern auch durch seine makellose Verarbeitung auszeichnet. Dieses Streben nach Exzellenz spiegelt sich in jedem Sattel wider und macht den Cat\u00ed zu einer erstklassigen Wahl f\u00fcr die anspruchsvollsten Radfahrer.<\/p>\n<h4>Pr\u00fcfung und Zertifizierung<\/h4>\n<p>Bevor jeder Cat\u00ed-Sattel auf den Markt kommt, durchl\u00e4uft er strenge Qualit\u00e4tspr\u00fcfungen, um sicherzustellen, dass er den h\u00f6chsten Industriestandards entspricht. Von Ausdauertests bis hin zu Komfortbewertungen wird jeder Aspekt des Sattels sorgf\u00e4ltig untersucht, um sicherzustellen, dass er unter allen Bedingungen optimale Leistung liefert.<\/p>\n<h4>Engagement f\u00fcr Innovation<\/h4>\n<p>Bei Essax sind wir der Innovation und kontinuierlichen Verbesserung verpflichtet. Das Cat\u00ed-Modell ist ein Beweis f\u00fcr unser Engagement bei der Entwicklung von Produkten, die die Grenzen des M\u00f6glichen im Radsport erweitern. Mit dem leichtesten Fahrradsattel ist es uns gelungen, ein Werkzeug zu schaffen, das nicht nur das Gewicht des Fahrrads reduziert, sondern auch das Erlebnis des Radfahrers verbessert, sodass er neue Ziele erreichen und seine eigenen Grenzen \u00fcberschreiten kann.<\/p>\n<h4>Abschluss<\/h4>\n<p>Der leichteste Rennradsattel, das Modell Cat\u00ed, repr\u00e4sentiert das Beste spanischer Ingenieurskunst, Design und Handwerkskunst. Mit seinem ultraleichten Gewicht von 80 Gramm, hochwertigen Materialien und ergonomischem Design ist es die ideale Wahl f\u00fcr Radfahrer, die ihre Leistung maximieren m\u00f6chten, ohne auf Komfort zu verzichten. Entdecken Sie den Unterschied, den ein au\u00dfergew\u00f6hnlich leichter, mit h\u00f6chster Pr\u00e4zision gefertigter Sattel im Vergleich zu vergleichbaren Modellen von Selle Italia oder Prologo mit deutlich h\u00f6heren Preisen machen kann.<\/p>\n<p>Bringen Sie Ihr Radfahren auf die n\u00e4chste Stufe mit dem leichtesten Sattel der Welt, dem Modell Cat\u00ed von Essax.<\/p>","protected":false},"excerpt":{"rendered":"<p>Para los entendidos en ciclismo, o\u00edr hablar del Xorret de Cat\u00ed es hacerlo de un puerto m\u00edtico alicantino, de sus rampas de hasta el 22% de desnivel, de grandes etapas de la Vuelta a Espa\u00f1a, de victorias de gente como AlaPhilippe,\u00a0 Moncouti\u00e9 o el Chava. Pero para los que vivimos cerca es todav\u00eda m\u00e1s que [&hellip;]<\/p>","protected":false},"featured_media":99521,"comment_status":"open","ping_status":"closed","template":"","meta":{"inline_featured_image":false},"product_brand":[],"product_cat":[153],"product_tag":[180,182,179,177,181,178],"class_list":{"0":"post-99518","1":"product","2":"type-product","3":"status-publish","4":"has-post-thumbnail","6":"product_cat-sillines-carretera","7":"product_tag-carbon","8":"product_tag-carbon-fiber","9":"product_tag-carbono","10":"product_tag-cati","11":"product_tag-fibra-de-carbono","12":"product_tag-xorret-de-cati","13":"pa_ancho-128-mm","14":"pa_color-negro-blanco","15":"pa_rail-carbono","17":"first","18":"instock","19":"taxable","20":"shipping-taxable","21":"purchasable","22":"product-type-variable"},"exclude_global_add_ons":[],"addons":[],"_links":{"self":[{"href":"https:\/\/essax.es\/de\/wp-json\/wp\/v2\/product\/99518"}],"collection":[{"href":"https:\/\/essax.es\/de\/wp-json\/wp\/v2\/product"}],"about":[{"href":"https:\/\/essax.es\/de\/wp-json\/wp\/v2\/types\/product"}],"replies":[{"embeddable":true,"href":"https:\/\/essax.es\/de\/wp-json\/wp\/v2\/comments?post=99518"}],"wp:featuredmedia":[{"embeddable":true,"href":"https:\/\/essax.es\/de\/wp-json\/wp\/v2\/media\/99521"}],"wp:attachment":[{"href":"https:\/\/essax.es\/de\/wp-json\/wp\/v2\/media?parent=99518"}],"wp:term":[{"taxonomy":"product_brand","embeddable":true,"href":"https:\/\/essax.es\/de\/wp-json\/wp\/v2\/product_brand?post=99518"},{"taxonomy":"product_cat","embeddable":true,"href":"https:\/\/essax.es\/de\/wp-json\/wp\/v2\/product_cat?post=99518"},{"taxonomy":"product_tag","embeddable":true,"href":"https:\/\/essax.es\/de\/wp-json\/wp\/v2\/product_tag?post=99518"}],"curies":[{"name":"wp","href":"https:\/\/api.w.org\/{rel}","templated":true}]}}