{"id":99524,"date":"2021-10-16T10:39:49","date_gmt":"2021-10-16T10:39:49","guid":{"rendered":"https:\/\/essax.es\/?post_type=product&#038;p=99524"},"modified":"2024-06-11T05:57:13","modified_gmt":"2024-06-11T05:57:13","slug":"tudons-carbono","status":"publish","type":"product","link":"https:\/\/essax.es\/de\/product\/tudons-carbono","title":{"rendered":"Rennradsattel \u2013 Carbon \u2013 135 gr \u2013 Mod. Tudons"},"content":{"rendered":"<p>Mit dem Erscheinen der Tudons begannen wir mit dem Brauch, unsere S\u00e4ttel nach mythischen Gipfeln in der Provinz Alicante zu benennen, und zeigten damit eine vollwertige Absichtserkl\u00e4rung: Wir sind stolz darauf, wer wir sind und woher wir kommen.<\/p>\n<p>Fast 10 Jahre nach seiner ersten Markteinf\u00fchrung hat es sich zu einem unserer bekanntesten und kultigsten Modelle entwickelt. Sein Name, sein Logo und seine stilisierte und elegante Form sind bereits Teil der Geschichte der Marke und im kollektiven Ged\u00e4chtnis vieler. Die M\u00f6glichkeit, es nur mit Titan- oder Kohlefaserstangen zu montieren, macht es zu einem der exklusivsten Modelle in unserem Katalog.<\/p>","protected":false},"excerpt":{"rendered":"<p>Con la aparici\u00f3n del Tudons, iniciamos la costumbre de denominar a nuestros sillines con el nombre de cumbres m\u00edticas de la provincia de Alicante, y con ello, mostrar una declaraci\u00f3n de intenciones en toda regla: estamos orgullosos de qui\u00e9nes somos y de d\u00f3nde venimos. Casi 10 a\u00f1os despu\u00e9s de lanzarlo al mercado por primera vez, [&hellip;]<\/p>","protected":false},"featured_media":99534,"comment_status":"open","ping_status":"closed","template":"","meta":{"inline_featured_image":false},"product_brand":[],"product_cat":[158],"product_tag":[175,184,183],"class_list":{"0":"post-99524","1":"product","2":"type-product","3":"status-publish","4":"has-post-thumbnail","6":"product_cat-outlet","7":"product_tag-carretera","8":"product_tag-road","9":"product_tag-tudons","10":"pa_ancho-130-mm","11":"pa_ancho-142-mm","12":"pa_color-blanco-negro","13":"pa_color-negro-negro","14":"pa_rail-carbono","16":"first","17":"instock","18":"sale","19":"taxable","20":"shipping-taxable","21":"purchasable","22":"product-type-variable"},"exclude_global_add_ons":[],"addons":[],"_links":{"self":[{"href":"https:\/\/essax.es\/de\/wp-json\/wp\/v2\/product\/99524"}],"collection":[{"href":"https:\/\/essax.es\/de\/wp-json\/wp\/v2\/product"}],"about":[{"href":"https:\/\/essax.es\/de\/wp-json\/wp\/v2\/types\/product"}],"replies":[{"embeddable":true,"href":"https:\/\/essax.es\/de\/wp-json\/wp\/v2\/comments?post=99524"}],"wp:featuredmedia":[{"embeddable":true,"href":"https:\/\/essax.es\/de\/wp-json\/wp\/v2\/media\/99534"}],"wp:attachment":[{"href":"https:\/\/essax.es\/de\/wp-json\/wp\/v2\/media?parent=99524"}],"wp:term":[{"taxonomy":"product_brand","embeddable":true,"href":"https:\/\/essax.es\/de\/wp-json\/wp\/v2\/product_brand?post=99524"},{"taxonomy":"product_cat","embeddable":true,"href":"https:\/\/essax.es\/de\/wp-json\/wp\/v2\/product_cat?post=99524"},{"taxonomy":"product_tag","embeddable":true,"href":"https:\/\/essax.es\/de\/wp-json\/wp\/v2\/product_tag?post=99524"}],"curies":[{"name":"wp","href":"https:\/\/api.w.org\/{rel}","templated":true}]}}