{"id":99575,"date":"2020-07-23T05:50:31","date_gmt":"2020-07-23T05:50:31","guid":{"rendered":"https:\/\/essax.es\/?post_type=product&#038;p=99575"},"modified":"2024-10-15T12:07:28","modified_gmt":"2024-10-15T12:07:28","slug":"aitana-titanio","status":"publish","type":"product","link":"https:\/\/essax.es\/de\/product\/aitana-titanio","title":{"rendered":"Fahrradsattel \u2013 Titan \u2013 140 gr. \u2013 Mod. Aitana"},"content":{"rendered":"<p><a href=\"https:\/\/essax.es\/wp-content\/uploads\/2020\/07\/essax-aitana-3-sillin-saddle.jpg\"><img fetchpriority=\"high\" decoding=\"async\" class=\"alignright size-medium wp-image-99570\" src=\"https:\/\/essax.es\/wp-content\/uploads\/2020\/07\/essax-aitana-3-sillin-saddle-300x253.jpg\" alt=\"essax-adrenaline-tech-sillin-bike-saddle-ciclismo-cycling\" width=\"300\" height=\"253\" srcset=\"https:\/\/essax.es\/wp-content\/uploads\/2020\/07\/essax-aitana-3-sillin-saddle-300x253.jpg 300w, https:\/\/essax.es\/wp-content\/uploads\/2020\/07\/essax-aitana-3-sillin-saddle-14x12.jpg 14w, https:\/\/essax.es\/wp-content\/uploads\/2020\/07\/essax-aitana-3-sillin-saddle-768x648.jpg 768w, https:\/\/essax.es\/wp-content\/uploads\/2020\/07\/essax-aitana-3-sillin-saddle-769x649.jpg 769w, https:\/\/essax.es\/wp-content\/uploads\/2020\/07\/essax-aitana-3-sillin-saddle-84x71.jpg 84w, https:\/\/essax.es\/wp-content\/uploads\/2020\/07\/essax-aitana-3-sillin-saddle-200x169.jpg 200w, https:\/\/essax.es\/wp-content\/uploads\/2020\/07\/essax-aitana-3-sillin-saddle-450x380.jpg 450w, https:\/\/essax.es\/wp-content\/uploads\/2020\/07\/essax-aitana-3-sillin-saddle.jpg 800w\" sizes=\"(max-width: 300px) 100vw, 300px\" \/><\/a>Ganz in der N\u00e4he der 1.557 Meter, die majest\u00e4tisch das Dach der Provinz Alicante kr\u00f6nen, liegt der Hafen von Aitana, der von der Organisation der Spanien-Rundfahrt als Sonderkategorie angesehen wird. Und um seinem Namen alle Ehre zu machen, wollten wir einen Sattel auf diesem Niveau schaffen.<\/p>\n<p>Reinheit und minimaler Ausdruck nehmen die Form eines ganz besonderen Sattels an, der vom ersten Moment an ohne Schaumstoff konzipiert wurde und nur aus Stangen, Gestell und Futter besteht. Einfachheit und Eleganz sind weitere Synonyme eines superleichten Modells, das viele professionelle Radfahrer und renommierte Biomechaniker aufgrund seiner hervorragenden Anpassungsf\u00e4higkeit an unsere Physiognomie sehr \u00fcberrascht hat.<\/p>","protected":false},"excerpt":{"rendered":"<p>Dieser ultraleichte Sattel wurde f\u00fcr die anspruchsvollsten Kletterer entwickelt und verzichtet auf Polsterung, um das letzte Gramm Gewicht zu reduzieren, w\u00e4hrend er gleichzeitig eine komfortable Ergonomie beibeh\u00e4lt, um stundenlang die h\u00e4rtesten P\u00e4sse zu erklimmen.<\/p>\n<p><span style=\"font-size: 14pt;\"><strong>Gewicht: 140 gr.<\/strong><\/span><br \/>\nSchiene: Titan<\/p>","protected":false},"featured_media":99571,"comment_status":"open","ping_status":"closed","template":"","meta":{"inline_featured_image":false},"product_brand":[],"product_cat":[158],"product_tag":[188,175,184],"class_list":{"0":"post-99575","1":"product","2":"type-product","3":"status-publish","4":"has-post-thumbnail","6":"product_cat-outlet","7":"product_tag-aitana","8":"product_tag-carretera","9":"product_tag-road","10":"pa_ancho-130-mm","11":"pa_ancho-142-mm","12":"pa_color-negro-negro","13":"pa_rail-titanio","15":"first","16":"instock","17":"sale","18":"taxable","19":"shipping-taxable","20":"purchasable","21":"product-type-variable"},"exclude_global_add_ons":[],"addons":[],"_links":{"self":[{"href":"https:\/\/essax.es\/de\/wp-json\/wp\/v2\/product\/99575"}],"collection":[{"href":"https:\/\/essax.es\/de\/wp-json\/wp\/v2\/product"}],"about":[{"href":"https:\/\/essax.es\/de\/wp-json\/wp\/v2\/types\/product"}],"replies":[{"embeddable":true,"href":"https:\/\/essax.es\/de\/wp-json\/wp\/v2\/comments?post=99575"}],"wp:featuredmedia":[{"embeddable":true,"href":"https:\/\/essax.es\/de\/wp-json\/wp\/v2\/media\/99571"}],"wp:attachment":[{"href":"https:\/\/essax.es\/de\/wp-json\/wp\/v2\/media?parent=99575"}],"wp:term":[{"taxonomy":"product_brand","embeddable":true,"href":"https:\/\/essax.es\/de\/wp-json\/wp\/v2\/product_brand?post=99575"},{"taxonomy":"product_cat","embeddable":true,"href":"https:\/\/essax.es\/de\/wp-json\/wp\/v2\/product_cat?post=99575"},{"taxonomy":"product_tag","embeddable":true,"href":"https:\/\/essax.es\/de\/wp-json\/wp\/v2\/product_tag?post=99575"}],"curies":[{"name":"wp","href":"https:\/\/api.w.org\/{rel}","templated":true}]}}