{"id":99599,"date":"2020-07-23T07:56:48","date_gmt":"2020-07-23T07:56:48","guid":{"rendered":"https:\/\/essax.es\/?post_type=product&#038;p=99599"},"modified":"2025-03-31T10:55:42","modified_gmt":"2025-03-31T10:55:42","slug":"adrenaline-xc-carbono","status":"publish","type":"product","link":"https:\/\/essax.es\/de\/product\/adrenaline-xc-carbono","title":{"rendered":"Adrenaline XC Sattel \u2013 Carbon \u2013 135 gr."},"content":{"rendered":"<p>Das Flaggschiff der Marke, das meistverkaufte Modell in unserem Katalog in den 13 Jahren unseres Bestehens, konnte nicht umhin, eine Version f\u00fcr MTB und Gravel zu haben.<\/p>\n<p>Zu der gro\u00dfen Anzahl an Kombinationen in Bezug auf Farben, B\u00fcgel und Breiten m\u00fcssen wir neben einer kontinuierlichen formalen Verbesserung Jahr f\u00fcr Jahr wie bei der Stra\u00dfenversion auch die Kevlar-Seitenverst\u00e4rkungen hinzuf\u00fcgen, um sie vor den unvermeidlichen St\u00fcrzen in diesen Disziplinen zu sch\u00fctzen sorgen f\u00fcr eine l\u00e4ngere Nutzungsdauer.<\/p>\n<p>Ausgestattet mit einem zentralen Kanal, um einen Teil des Drucks abzubauen, den unser Gewicht auf den Dammbereich aus\u00fcbt, ist er in verschiedenen Ausf\u00fchrungen und Reichweiten erh\u00e4ltlich. Aus der Chromstange, mit einem g\u00fcnstigeren Preis und fantastischen 180 gr. vom Gewicht bis hin zur beeindruckenden Kohlefaserversion und ihren spektakul\u00e4ren 135 g.<\/p>","protected":false},"excerpt":{"rendered":"<p>El buque insignia de la marca, el modelo m\u00e1s vendido de nuestro cat\u00e1logo en nuestros 13 a\u00f1os de vida, no pod\u00eda dejar de tener su versi\u00f3n para mtb y gravel. A la gran cantidad de combinaciones en cuanto a colores, varillas y anchos, adem\u00e1s de una continua mejora formal a\u00f1o tras a\u00f1o al igual que [&hellip;]<\/p>","protected":false},"featured_media":99595,"comment_status":"open","ping_status":"closed","template":"","meta":{"inline_featured_image":false},"product_brand":[],"product_cat":[158],"product_tag":[149,189,193,192,191,190],"class_list":{"0":"post-99599","1":"product","2":"type-product","3":"status-publish","4":"has-post-thumbnail","6":"product_cat-outlet","7":"product_tag-adrenaline","8":"product_tag-adrenaline-xc","9":"product_tag-ciclocross","10":"product_tag-gravel","11":"product_tag-mtb","12":"product_tag-xc","13":"pa_ancho-130-mm","14":"pa_ancho-142-mm","15":"pa_color-negro-negro","16":"pa_color-negro-blanco","17":"pa_color-negro-rojo","18":"pa_rail-carbono","20":"first","21":"instock","22":"taxable","23":"shipping-taxable","24":"purchasable","25":"product-type-variable"},"exclude_global_add_ons":[],"addons":[],"_links":{"self":[{"href":"https:\/\/essax.es\/de\/wp-json\/wp\/v2\/product\/99599"}],"collection":[{"href":"https:\/\/essax.es\/de\/wp-json\/wp\/v2\/product"}],"about":[{"href":"https:\/\/essax.es\/de\/wp-json\/wp\/v2\/types\/product"}],"replies":[{"embeddable":true,"href":"https:\/\/essax.es\/de\/wp-json\/wp\/v2\/comments?post=99599"}],"wp:featuredmedia":[{"embeddable":true,"href":"https:\/\/essax.es\/de\/wp-json\/wp\/v2\/media\/99595"}],"wp:attachment":[{"href":"https:\/\/essax.es\/de\/wp-json\/wp\/v2\/media?parent=99599"}],"wp:term":[{"taxonomy":"product_brand","embeddable":true,"href":"https:\/\/essax.es\/de\/wp-json\/wp\/v2\/product_brand?post=99599"},{"taxonomy":"product_cat","embeddable":true,"href":"https:\/\/essax.es\/de\/wp-json\/wp\/v2\/product_cat?post=99599"},{"taxonomy":"product_tag","embeddable":true,"href":"https:\/\/essax.es\/de\/wp-json\/wp\/v2\/product_tag?post=99599"}],"curies":[{"name":"wp","href":"https:\/\/api.w.org\/{rel}","templated":true}]}}