{"id":99615,"date":"2020-07-23T08:10:02","date_gmt":"2020-07-23T08:10:02","guid":{"rendered":"https:\/\/essax.es\/?post_type=product&#038;p=99615"},"modified":"2024-07-22T08:52:59","modified_gmt":"2024-07-22T08:52:59","slug":"extreme-cromo","status":"publish","type":"product","link":"https:\/\/essax.es\/de\/product\/extreme-cromo","title":{"rendered":"Fahrradsattel \u2013 Chrom \u2013 190 gr. \u2013 Mod. Extrem"},"content":{"rendered":"<p>Extreme ist das, was Sie f\u00fcr MTB oder Gravel suchen, wenn Sie ein Modell mit mittlerer D\u00e4mpfung w\u00fcnschen, aber mit allen Weiterentwicklungen, Verbesserungen, Tests und R\u00fcckmeldungen von Profis, die vom \u00fcberlegenen Adrenaline XC-Modell \u00fcbernommen wurden.<\/p>\n<p>Aber lassen Sie sich davon nicht verwirren, denn es handelt sich immer noch um einen sehr technischen und fortschrittlichen Sattel, den viele Radfahrer bei gro\u00dfen Wettk\u00e4mpfen verwenden und der speziell f\u00fcr diejenigen entwickelt wurde, die im Austausch f\u00fcr das Sitzen auf einer etwas leichteren Oberfl\u00e4che etwas Abstriche bei der Leichtigkeit machen . flauschige<\/p>\n<p>Erh\u00e4ltlich in nur einer Version mit Chromstange, die die perfekte Kombination aus gutem Preis und geringem Gewicht darstellt.<\/p>","protected":false},"excerpt":{"rendered":"<p>Extreme es lo que est\u00e1s buscando para mtb o gravel si lo que quieres es un modelo de acolchado medio, pero con todas las evoluciones, mejoras, tests y feedback de los profesionales heredados del modelo superior Adrenaline XC. Pero que todo esto no te confunda, porque sigue trat\u00e1ndose de un sill\u00edn muy t\u00e9cnico y avanzado, [&hellip;]<\/p>","protected":false},"featured_media":99621,"comment_status":"open","ping_status":"closed","template":"","meta":{"inline_featured_image":false},"product_brand":[],"product_cat":[158],"product_tag":[195,194,192,191],"class_list":{"0":"post-99615","1":"product","2":"type-product","3":"status-publish","4":"has-post-thumbnail","6":"product_cat-outlet","7":"product_tag-btt","8":"product_tag-extreme","9":"product_tag-gravel","10":"product_tag-mtb","11":"pa_ancho-132-mm","12":"pa_ancho-142-mm","13":"pa_color-negro-negro","14":"pa_color-negro-blanco","15":"pa_color-negro-rojo","16":"pa_rail-cromo","18":"first","19":"instock","20":"sale","21":"taxable","22":"shipping-taxable","23":"purchasable","24":"product-type-variable"},"exclude_global_add_ons":[],"addons":[],"_links":{"self":[{"href":"https:\/\/essax.es\/de\/wp-json\/wp\/v2\/product\/99615"}],"collection":[{"href":"https:\/\/essax.es\/de\/wp-json\/wp\/v2\/product"}],"about":[{"href":"https:\/\/essax.es\/de\/wp-json\/wp\/v2\/types\/product"}],"replies":[{"embeddable":true,"href":"https:\/\/essax.es\/de\/wp-json\/wp\/v2\/comments?post=99615"}],"wp:featuredmedia":[{"embeddable":true,"href":"https:\/\/essax.es\/de\/wp-json\/wp\/v2\/media\/99621"}],"wp:attachment":[{"href":"https:\/\/essax.es\/de\/wp-json\/wp\/v2\/media?parent=99615"}],"wp:term":[{"taxonomy":"product_brand","embeddable":true,"href":"https:\/\/essax.es\/de\/wp-json\/wp\/v2\/product_brand?post=99615"},{"taxonomy":"product_cat","embeddable":true,"href":"https:\/\/essax.es\/de\/wp-json\/wp\/v2\/product_cat?post=99615"},{"taxonomy":"product_tag","embeddable":true,"href":"https:\/\/essax.es\/de\/wp-json\/wp\/v2\/product_tag?post=99615"}],"curies":[{"name":"wp","href":"https:\/\/api.w.org\/{rel}","templated":true}]}}