{"id":99643,"date":"2020-07-23T08:42:02","date_gmt":"2020-07-23T08:42:02","guid":{"rendered":"https:\/\/essax.es\/?post_type=product&#038;p=99643"},"modified":"2026-03-24T10:44:38","modified_gmt":"2026-03-24T10:44:38","slug":"mx-acero","status":"publish","type":"product","link":"https:\/\/essax.es\/de\/product\/mx-acero","title":{"rendered":"Fahrradsattel \u2013 Stahl \u2013 270 gr. \u2013 Mod. MX"},"content":{"rendered":"<p>Absolut alle von uns, die das Radfahren praktizieren, waren irgendwann einmal neu in diesem Bereich und w\u00fcrden sicherlich mit g\u00fcnstigeren Fahrr\u00e4dern und Komponenten anfangen, die uns aber genauso gl\u00fccklich machten und mit denen wir am Ende des Tages am liebsten in die Pedale traten .worum es geht.<\/p>\n<p>Unter dem Namen MX nennen wir unsere Basismodelle, die speziell f\u00fcr diejenigen entwickelt wurden, die in diesen wunderbaren Sport einsteigen, f\u00fcr die ein h\u00f6heres Gewicht keine Unannehmlichkeiten darstellt oder einfach nur damit der Geldbeutel nicht \u00fcberm\u00e4\u00dfig belastet wird.<\/p>\n<p>Aber seien Sie vorsichtig und lassen Sie sich nicht verwirren, wenn Sie glauben, dass die Qualit\u00e4t darunter leiden wird, denn wie seine \u00e4lteren Br\u00fcder verf\u00fcgt er auch \u00fcber Kevlar-Seitenverst\u00e4rkungen, um ihn vor den unvermeidlichen St\u00fcrzen in diesen Disziplinen zu sch\u00fctzen und ihm eine l\u00e4ngere Lebensdauer zu verleihen .<\/p>\n<p>Die MX werden wie die anderen Spitzenmodelle einzeln in Spanien handgefertigt, sie nutzen die gleichen Verbesserungen und Fortschritte und verf\u00fcgen \u00fcber sehr \u00e4hnliche Komponenten und Materialien. Sie werden Sie \u00fcberraschen!<\/p>","protected":false},"excerpt":{"rendered":"<p>Absolutamente todos los que practicamos ciclismo fuimos en alg\u00fan momento novatos en esto, y seguramente nos iniciar\u00edamos con bicicletas y componentes m\u00e1s econ\u00f3micos, pero que nos hicieron igual de felices y con los que disfrutamos al m\u00e1ximo dando pedales, que es al fin y al cabo de lo que se trata. Bajo el nombre de [&hellip;]<\/p>","protected":false},"featured_media":99645,"comment_status":"open","ping_status":"closed","template":"","meta":{"inline_featured_image":false},"product_brand":[],"product_cat":[158],"product_tag":[195,175,191,196],"class_list":{"0":"post-99643","1":"product","2":"type-product","3":"status-publish","4":"has-post-thumbnail","6":"product_cat-outlet","7":"product_tag-btt","8":"product_tag-carretera","9":"product_tag-mtb","10":"product_tag-mx","11":"pa_ancho-132-mm","12":"pa_ancho-142-mm","13":"pa_color-negro-blanco","14":"pa_rail-acero","16":"first","17":"instock","18":"sale","19":"taxable","20":"shipping-taxable","21":"purchasable","22":"product-type-variable"},"exclude_global_add_ons":[],"addons":[],"_links":{"self":[{"href":"https:\/\/essax.es\/de\/wp-json\/wp\/v2\/product\/99643"}],"collection":[{"href":"https:\/\/essax.es\/de\/wp-json\/wp\/v2\/product"}],"about":[{"href":"https:\/\/essax.es\/de\/wp-json\/wp\/v2\/types\/product"}],"replies":[{"embeddable":true,"href":"https:\/\/essax.es\/de\/wp-json\/wp\/v2\/comments?post=99643"}],"wp:featuredmedia":[{"embeddable":true,"href":"https:\/\/essax.es\/de\/wp-json\/wp\/v2\/media\/99645"}],"wp:attachment":[{"href":"https:\/\/essax.es\/de\/wp-json\/wp\/v2\/media?parent=99643"}],"wp:term":[{"taxonomy":"product_brand","embeddable":true,"href":"https:\/\/essax.es\/de\/wp-json\/wp\/v2\/product_brand?post=99643"},{"taxonomy":"product_cat","embeddable":true,"href":"https:\/\/essax.es\/de\/wp-json\/wp\/v2\/product_cat?post=99643"},{"taxonomy":"product_tag","embeddable":true,"href":"https:\/\/essax.es\/de\/wp-json\/wp\/v2\/product_tag?post=99643"}],"curies":[{"name":"wp","href":"https:\/\/api.w.org\/{rel}","templated":true}]}}