{"id":99667,"date":"2020-07-23T09:16:01","date_gmt":"2020-07-23T09:16:01","guid":{"rendered":"https:\/\/essax.es\/?post_type=product&#038;p=99667"},"modified":"2024-10-14T07:50:07","modified_gmt":"2024-10-14T07:50:07","slug":"oahu-2","status":"publish","type":"product","link":"https:\/\/essax.es\/de\/product\/oahu-2","title":{"rendered":"Oahu-Sattel \u2013 Chrom \u2013 195 gr."},"content":{"rendered":"<p><a href=\"https:\/\/essax.es\/wp-content\/uploads\/2020\/07\/essax-oahu-3-sillin-saddle.jpg\"><img fetchpriority=\"high\" decoding=\"async\" class=\"alignright size-medium wp-image-99656\" src=\"https:\/\/essax.es\/wp-content\/uploads\/2020\/07\/essax-oahu-3-sillin-saddle-300x253.jpg\" alt=\"essax-oahu-sillin-bike-saddle-triathlon-triatlon-ironman\" width=\"300\" height=\"253\" srcset=\"https:\/\/essax.es\/wp-content\/uploads\/2020\/07\/essax-oahu-3-sillin-saddle-300x253.jpg 300w, https:\/\/essax.es\/wp-content\/uploads\/2020\/07\/essax-oahu-3-sillin-saddle-14x12.jpg 14w, https:\/\/essax.es\/wp-content\/uploads\/2020\/07\/essax-oahu-3-sillin-saddle-768x648.jpg 768w, https:\/\/essax.es\/wp-content\/uploads\/2020\/07\/essax-oahu-3-sillin-saddle-769x649.jpg 769w, https:\/\/essax.es\/wp-content\/uploads\/2020\/07\/essax-oahu-3-sillin-saddle-84x71.jpg 84w, https:\/\/essax.es\/wp-content\/uploads\/2020\/07\/essax-oahu-3-sillin-saddle-200x169.jpg 200w, https:\/\/essax.es\/wp-content\/uploads\/2020\/07\/essax-oahu-3-sillin-saddle-450x380.jpg 450w, https:\/\/essax.es\/wp-content\/uploads\/2020\/07\/essax-oahu-3-sillin-saddle.jpg 800w\" sizes=\"(max-width: 300px) 100vw, 300px\" \/><\/a>Am Fu\u00dfe schlafender Vulkane, auf endlosen Stra\u00dfen umgeben von Feldern aus versteinerter Lava und unter der Sonne und Feuchtigkeit der Gerechtigkeit wurde 1978 die Legende des Ironman geboren. Ohne es zu beabsichtigen, war gerade eine neue Sportart erfunden worden; der Triathlon.<\/p>\n<p>Oahu, die hawaiianische Insel, auf der der erste Radsport-Sektor der Geschichte stattfand, ist Namensgeber unseres neuen Sattels f\u00fcr diese Modalit\u00e4t.<\/p>\n<p>Es verf\u00fcgt \u00fcber eine breitere Spitze f\u00fcr eine gr\u00f6\u00dfere St\u00fctzfl\u00e4che in der Aero-Position sowie einen antiprostatischen Spalt in der Spitze, um den Druck im Dammbereich zu verringern.<\/p>\n<p>Getestet von\u00a0<a href=\"http:\/\/www.aero-coach.co.uk\/\" target=\"_blank\" rel=\"noopener\">Aerobus<\/a>, entwickelt von\u00a0<a href=\"http:\/\/custom4.us\/\" target=\"_blank\" rel=\"noopener\">Custom4.us<\/a> und hergestellt von Essax.<\/p>\n<ul class=\"list-style list-style-7 list-style7-1\">\n<li>Er geh\u00f6rt zu den S\u00e4tteln, die aufgrund ihres bisherigen Designs eine gr\u00f6\u00dfere Stabilit\u00e4t des Beckens bieten und so den CDA des Reiters deutlich reduzieren.<\/li>\n<li>Seine innovative ergonomische Form verlangsamt die Rotation des Sitzbeins, ohne \u00fcberm\u00e4\u00dfigen Druck auf den Damm auszu\u00fcben.<\/li>\n<li>Die breitere Spitze mit Anti-Prostata-Kanal erm\u00f6glicht eine optimale klassische Position ohne Kopplung, was die Leistung am Hang verbessert.<\/li>\n<\/ul>","protected":false},"excerpt":{"rendered":"<p>Hergestellt f\u00fcr Triathlon und Zeitfahren, erm\u00f6glicht seine Ergonomie mit einer extrem breiten Nase dem Radfahrer, stundenlang bequem eine gute aerodynamische Position beizubehalten und so die Wattzahl zu maximieren. \u201eMehr Watt, weniger Wind\u201c<\/p>\n<p><span style=\"font-size: 14pt;\"><strong>Gewicht: 195 gr.<\/strong><\/span><br \/>\nSchiene: Chrom<\/p>","protected":false},"featured_media":99664,"comment_status":"open","ping_status":"closed","template":"","meta":{"inline_featured_image":false},"product_brand":[],"product_cat":[156],"product_tag":[198,201,200,199],"class_list":{"0":"post-99667","1":"product","2":"type-product","3":"status-publish","4":"has-post-thumbnail","6":"product_cat-triatlon-contrarreloj","7":"product_tag-oahu","8":"product_tag-tri","9":"product_tag-triathlon","10":"product_tag-triatlon","11":"pa_ancho-140-mm","12":"pa_color-blanco-negro","13":"pa_color-negro-negro","14":"pa_color-negro-blanco","15":"pa_rail-cromo","17":"first","18":"instock","19":"taxable","20":"shipping-taxable","21":"purchasable","22":"product-type-variable"},"exclude_global_add_ons":[],"addons":[],"_links":{"self":[{"href":"https:\/\/essax.es\/de\/wp-json\/wp\/v2\/product\/99667"}],"collection":[{"href":"https:\/\/essax.es\/de\/wp-json\/wp\/v2\/product"}],"about":[{"href":"https:\/\/essax.es\/de\/wp-json\/wp\/v2\/types\/product"}],"replies":[{"embeddable":true,"href":"https:\/\/essax.es\/de\/wp-json\/wp\/v2\/comments?post=99667"}],"wp:featuredmedia":[{"embeddable":true,"href":"https:\/\/essax.es\/de\/wp-json\/wp\/v2\/media\/99664"}],"wp:attachment":[{"href":"https:\/\/essax.es\/de\/wp-json\/wp\/v2\/media?parent=99667"}],"wp:term":[{"taxonomy":"product_brand","embeddable":true,"href":"https:\/\/essax.es\/de\/wp-json\/wp\/v2\/product_brand?post=99667"},{"taxonomy":"product_cat","embeddable":true,"href":"https:\/\/essax.es\/de\/wp-json\/wp\/v2\/product_cat?post=99667"},{"taxonomy":"product_tag","embeddable":true,"href":"https:\/\/essax.es\/de\/wp-json\/wp\/v2\/product_tag?post=99667"}],"curies":[{"name":"wp","href":"https:\/\/api.w.org\/{rel}","templated":true}]}}