{"id":99681,"date":"2020-07-23T09:30:37","date_gmt":"2020-07-23T09:30:37","guid":{"rendered":"https:\/\/essax.es\/?post_type=product&#038;p=99681"},"modified":"2025-10-24T09:22:27","modified_gmt":"2025-10-24T09:22:27","slug":"advance3","status":"publish","type":"product","link":"https:\/\/essax.es\/de\/product\/advance3","title":{"rendered":"Advance3 Sattel \u2013 Stahl \u2013 270 gr."},"content":{"rendered":"<p><a href=\"https:\/\/essax.es\/wp-content\/uploads\/2020\/07\/essax-advance-3-sillin-saddle.jpg\"><img fetchpriority=\"high\" decoding=\"async\" class=\"alignright size-medium wp-image-99684\" src=\"https:\/\/essax.es\/wp-content\/uploads\/2020\/07\/essax-advance-3-sillin-saddle-300x253.jpg\" alt=\"essax-advance-3-sillin-bike-saddle-urban-ciudad-city\" width=\"300\" height=\"253\" srcset=\"https:\/\/essax.es\/wp-content\/uploads\/2020\/07\/essax-advance-3-sillin-saddle-300x253.jpg 300w, https:\/\/essax.es\/wp-content\/uploads\/2020\/07\/essax-advance-3-sillin-saddle-14x12.jpg 14w, https:\/\/essax.es\/wp-content\/uploads\/2020\/07\/essax-advance-3-sillin-saddle-768x648.jpg 768w, https:\/\/essax.es\/wp-content\/uploads\/2020\/07\/essax-advance-3-sillin-saddle-769x649.jpg 769w, https:\/\/essax.es\/wp-content\/uploads\/2020\/07\/essax-advance-3-sillin-saddle-84x71.jpg 84w, https:\/\/essax.es\/wp-content\/uploads\/2020\/07\/essax-advance-3-sillin-saddle-200x169.jpg 200w, https:\/\/essax.es\/wp-content\/uploads\/2020\/07\/essax-advance-3-sillin-saddle-450x380.jpg 450w, https:\/\/essax.es\/wp-content\/uploads\/2020\/07\/essax-advance-3-sillin-saddle.jpg 800w\" sizes=\"(max-width: 300px) 100vw, 300px\" \/><\/a>Weil im Leben nicht alles Geschwindigkeit, Training, Watt und Wettkampf ist, wurde der Advance 3 speziell f\u00fcr diejenigen entwickelt, f\u00fcr die Radfahren ein sporadisches, gem\u00fctliches und entspannendes Vergn\u00fcgen ist.<\/p>\n<p>Er eignet sich f\u00fcr die Stra\u00dfe, den Berg oder zum Wandern und ist ohne Zweifel der vielseitigste Sattel in unserem Katalog. Seine gr\u00f6\u00dfere Auflagefl\u00e4che, die zus\u00e4tzliche Polsterung, die Stahlstange und der reduzierte Preis werden diejenigen begeistern, die ein langlebiges Modell suchen, mit dem sie weiterhin Freude am Treten um des Tretens willen und ohne Ziel haben.<\/p>","protected":false},"excerpt":{"rendered":"<p>Stadt, Berg, Stra\u00dfe ... Advance 3; der vielseitigste Essax-Sattel.<\/p>\n<figure class=\"alignnone\"><\/figure>\n<p><span style=\"font-size: 14pt;\"><strong>Gewicht: 270 gr.<\/strong><\/span><br \/>\nSchiene: Stahl<\/p>","protected":false},"featured_media":99685,"comment_status":"open","ping_status":"closed","template":"","meta":{"inline_featured_image":false},"product_brand":[],"product_cat":[157],"product_tag":[207,209,208,175,191,210,203],"class_list":{"0":"post-99681","1":"product","2":"type-product","3":"status-publish","4":"has-post-thumbnail","6":"product_cat-urban","7":"product_tag-advance","8":"product_tag-advance-3","9":"product_tag-advance3","10":"product_tag-carretera","11":"product_tag-mtb","12":"product_tag-polivalente","13":"product_tag-urban","14":"pa_ancho-135-mm","15":"pa_color-negro-blanco","16":"pa_rail-acero","18":"first","19":"instock","20":"taxable","21":"shipping-taxable","22":"purchasable","23":"product-type-variable"},"exclude_global_add_ons":[],"addons":[],"_links":{"self":[{"href":"https:\/\/essax.es\/de\/wp-json\/wp\/v2\/product\/99681"}],"collection":[{"href":"https:\/\/essax.es\/de\/wp-json\/wp\/v2\/product"}],"about":[{"href":"https:\/\/essax.es\/de\/wp-json\/wp\/v2\/types\/product"}],"replies":[{"embeddable":true,"href":"https:\/\/essax.es\/de\/wp-json\/wp\/v2\/comments?post=99681"}],"wp:featuredmedia":[{"embeddable":true,"href":"https:\/\/essax.es\/de\/wp-json\/wp\/v2\/media\/99685"}],"wp:attachment":[{"href":"https:\/\/essax.es\/de\/wp-json\/wp\/v2\/media?parent=99681"}],"wp:term":[{"taxonomy":"product_brand","embeddable":true,"href":"https:\/\/essax.es\/de\/wp-json\/wp\/v2\/product_brand?post=99681"},{"taxonomy":"product_cat","embeddable":true,"href":"https:\/\/essax.es\/de\/wp-json\/wp\/v2\/product_cat?post=99681"},{"taxonomy":"product_tag","embeddable":true,"href":"https:\/\/essax.es\/de\/wp-json\/wp\/v2\/product_tag?post=99681"}],"curies":[{"name":"wp","href":"https:\/\/api.w.org\/{rel}","templated":true}]}}