{"id":99688,"date":"2020-07-23T14:02:20","date_gmt":"2020-07-23T14:02:20","guid":{"rendered":"https:\/\/essax.es\/?post_type=product&#038;p=99688"},"modified":"2025-10-24T09:22:27","modified_gmt":"2025-10-24T09:22:27","slug":"miura","status":"publish","type":"product","link":"https:\/\/essax.es\/de\/product\/miura","title":{"rendered":"Miura Sattel \u2013 Stahl \u2013 290 gr."},"content":{"rendered":"<p>Unter Spaltleder versteht man die Innenseite eines Leders, also den Teil, der normalerweise nicht sichtbar ist. F\u00fcr viele sein h\u00e4ssliches Gesicht. Seine charakteristische raue, haarige und unregelm\u00e4\u00dfige Oberfl\u00e4che verleiht ihm jedoch genau den Charme des Nicht-Perfekten. Das Interessante daran ist, dass dadurch nie zwei S\u00e4ttel 100% gleich sein werden.<\/p>\n<p>Die Reminiszenzen an den Begriff Miura sind offensichtlich, der f\u00fcr jeden Klasse, Tapferkeit, eigene Pers\u00f6nlichkeit bedeutet. Denn das ist nicht irgendein Sattel.<\/p>","protected":false},"excerpt":{"rendered":"<p>El serraje es la cara interior de una piel, la parte que normalmente no se muestra. Para muchos, su cara fea. Sin embargo, su caracter\u00edstica superficie rugosa, peluda e irregular, le confiere precisamente ese encanto de lo que no es &#8220;perfecto&#8221;. Lo interesante del asunto reside en que gracias a ello, dos sillines no ser\u00e1n [&hellip;]<\/p>","protected":false},"featured_media":99691,"comment_status":"open","ping_status":"closed","template":"","meta":{"inline_featured_image":false},"product_brand":[],"product_cat":[157],"product_tag":[204,205,206,203],"class_list":{"0":"post-99688","1":"product","2":"type-product","3":"status-publish","4":"has-post-thumbnail","6":"product_cat-urban","7":"product_tag-city","8":"product_tag-ciudad","9":"product_tag-miura","10":"product_tag-urban","11":"pa_ancho-132-mm","12":"pa_color-marron","13":"pa_rail-acero","15":"first","16":"instock","17":"taxable","18":"shipping-taxable","19":"purchasable","20":"product-type-variable"},"exclude_global_add_ons":[],"addons":[],"_links":{"self":[{"href":"https:\/\/essax.es\/de\/wp-json\/wp\/v2\/product\/99688"}],"collection":[{"href":"https:\/\/essax.es\/de\/wp-json\/wp\/v2\/product"}],"about":[{"href":"https:\/\/essax.es\/de\/wp-json\/wp\/v2\/types\/product"}],"replies":[{"embeddable":true,"href":"https:\/\/essax.es\/de\/wp-json\/wp\/v2\/comments?post=99688"}],"wp:featuredmedia":[{"embeddable":true,"href":"https:\/\/essax.es\/de\/wp-json\/wp\/v2\/media\/99691"}],"wp:attachment":[{"href":"https:\/\/essax.es\/de\/wp-json\/wp\/v2\/media?parent=99688"}],"wp:term":[{"taxonomy":"product_brand","embeddable":true,"href":"https:\/\/essax.es\/de\/wp-json\/wp\/v2\/product_brand?post=99688"},{"taxonomy":"product_cat","embeddable":true,"href":"https:\/\/essax.es\/de\/wp-json\/wp\/v2\/product_cat?post=99688"},{"taxonomy":"product_tag","embeddable":true,"href":"https:\/\/essax.es\/de\/wp-json\/wp\/v2\/product_tag?post=99688"}],"curies":[{"name":"wp","href":"https:\/\/api.w.org\/{rel}","templated":true}]}}