{"id":99864,"date":"2020-08-03T06:41:56","date_gmt":"2020-08-03T06:41:56","guid":{"rendered":"https:\/\/essax.es\/?post_type=product&#038;p=99864"},"modified":"2024-08-26T08:33:31","modified_gmt":"2024-08-26T08:33:31","slug":"singel-cromo-2","status":"publish","type":"product","link":"https:\/\/essax.es\/de\/product\/singel-cromo-2","title":{"rendered":"Rennradsattel \u2013 Chrom \u2013 220 gr. \u2013 Mod. Singel"},"content":{"rendered":"<p>Wir schreiben das Jahr 2017 und damals hatten wir das Privileg, Mitarbeiter eines der besten Frauenteams des Landes zu sein, dem Lointek-Team. Zu dieser Zeit hatten wir auch ein spezielles Sattelprojekt f\u00fcr Frauen auf dem Tisch, sodass wir nicht viel dar\u00fcber nachgedacht haben, die M\u00e4dchen im Team um Hilfe bei der Entwicklung zu bitten. Und aus dem Ergebnis dieser Zusammenarbeit entstand das Singel-Modell.<\/p>\n<p>Wir ignorierten falsche Mythen \u00fcber die gr\u00f6\u00dfere Breite der Sitzknochen bei Frauen und beschlossen, ein Modell mit einer Standardbreite von 142 mm zu entwickeln. Ja, wir haben andere Aspekte ihrer Physiognomie ber\u00fccksichtigt, die bei herk\u00f6mmlichen S\u00e4tteln schon immer zu Genitalbeschwerden f\u00fchren konnte. Aus diesem Grund haben wir im Singel die Abmessungen des zentralen Kanals sorgf\u00e4ltig untersucht, der den Druck in diesem Bereich teilweise abbauen soll.<\/p>\n<h4>Qualit\u00e4t und Wirtschaftlichkeit im perfekten Einklang<\/h4>\n<p>Wir pr\u00e4sentieren den Rennradsattel \u2013 Chrom \u2013 220 gr. \u2013 Mod. Singel, der g\u00fcnstigste Chromsattel auf dem Markt. Dieses in Spanien handgefertigte Modell kombiniert hochwertige Handwerkskunst mit sorgf\u00e4ltigem Design und bietet ein unvergleichliches Fahrraderlebnis zu einem erschwinglichen Preis.<\/p>\n<h4>Leistung vergleichbar mit Premium-Marken<\/h4>\n<p>Der Singel-Sattel zeichnet sich dadurch aus, dass er die Leistung von Modellen anerkannter Marken wie Selle Italia oder Prologo erreicht, jedoch zu einem Bruchteil der Kosten. Dies ist auf unser Engagement f\u00fcr Exzellenz und Innovation zur\u00fcckzuf\u00fchren, das es uns erm\u00f6glicht, ein Produkt anzubieten, das nicht nur konkurrenzf\u00e4hig ist, sondern die Erwartungen in Bezug auf Komfort, Haltbarkeit und Leistung \u00fcbertrifft.<\/p>\n<h4>Handgefertigt<\/h4>\n<p>Jeder Singel-Sattel wird von erfahrenen Handwerkern in unseren Einrichtungen in Spanien handgefertigt. Dieser manuelle Prozess gew\u00e4hrleistet ein Ma\u00df an Detailgenauigkeit und Sorgfalt, das mit der Massenproduktion nicht erreicht werden kann. Das Ergebnis ist ein Sattel, der nicht nur funktional, sondern auch ein Kunstwerk in Sachen Design und Qualit\u00e4t ist.<\/p>\n<h4>Hochwertige Materialien<\/h4>\n<p>F\u00fcr die Sattelstreben verwenden wir hochfestes Chrom, das ein hervorragendes Verh\u00e4ltnis von Gewicht zu Haltbarkeit bietet. Mit nur 220 Gramm ist der Singel leicht und somit ideal f\u00fcr Rennradfahrer, die ihre Leistung optimieren m\u00f6chten, ohne auf Komfort oder Festigkeit zu verzichten.<\/p>\n<h4>Komfort und Ergonomie<\/h4>\n<p>Das Design des Singel wurde sorgf\u00e4ltig entwickelt, um maximalen Komfort an langen Tagen beim Treten zu bieten. Der hochdichte Schaumstoff passt sich perfekt der Anatomie des Fahrers an, verteilt den Druck gleichm\u00e4\u00dfig und reduziert Schmerzpunkte. Dar\u00fcber hinaus sorgt der rutschfeste Mikrofaserbezug daf\u00fcr, dass Sie jederzeit eine stabile Position behalten.<\/p>\n<h4>Innovation und Technologie<\/h4>\n<p>Der Singel-Sattel bietet nicht nur ein hervorragendes Preis-Leistungs-Verh\u00e4ltnis, er vereint auch die neuesten Innovationen in ergonomischem Design und Materialtechnologie. Die Innenstruktur und die Chromschienen sind so konzipiert, dass sie den anspruchsvollsten Bedingungen standhalten und sicherstellen, dass der Sattel seine Form und Funktionalit\u00e4t im Laufe der Zeit beh\u00e4lt.<\/p>\n<h4>Nachhaltigkeit und Verantwortung<\/h4>\n<p>Mit der Wahl des Singel-Sattels investieren Sie nicht nur in ein hochwertiges Produkt, sondern auch in eine nachhaltigere Option. Unsere lokale Produktion in Spanien reduziert den mit dem Transport verbundenen CO2-Fu\u00dfabdruck und unterst\u00fctzt die lokale Wirtschaft.<\/p>\n<h3>Abschluss<\/h3>\n<p>Der Rennradsattel \u2013 Chrom \u2013 220 gr. \u2013 Mod. Singel ist die perfekte Option f\u00fcr Radfahrer, die ein hochwertiges Produkt ohne die hohen Kosten suchen, die mit Premium-Marken verbunden sind. Mit handwerklicher Fertigung, hochwertigen Materialien und fortschrittlichem ergonomischem Design ist der Singel bereit, Ihr Fahrraderlebnis auf die n\u00e4chste Stufe zu heben. Entdecken Sie mit dem Singel-Sattel die perfekte Balance zwischen Wirtschaftlichkeit und Leistung!<\/p>","protected":false},"excerpt":{"rendered":"<p>Corr\u00eda el a\u00f1o 2017, y ten\u00edamos en ese momento el privilegio de ser colaboradores de uno de los mejores equipos femeninos del pa\u00eds, el Lointek Team. Por esos d\u00edas tambi\u00e9n ten\u00edamos encima de la mesa un proyecto de sill\u00edn espec\u00edfico para mujeres, as\u00ed que no nos lo pensamos mucho a la hora de pedirle ayuda [&hellip;]<\/p>","protected":false},"featured_media":99866,"comment_status":"open","ping_status":"closed","template":"","meta":{"inline_featured_image":false},"product_brand":[],"product_cat":[158],"product_tag":[175,176,174],"class_list":{"0":"post-99864","1":"product","2":"type-product","3":"status-publish","4":"has-post-thumbnail","6":"product_cat-outlet","7":"product_tag-carretera","8":"product_tag-femenino","9":"product_tag-singel","10":"pa_ancho-140-mm","11":"pa_color-blanco-negro","12":"pa_color-negro-blanco","13":"pa_color-negro-rojo","14":"pa_color-rosa","15":"pa_rail-cromo","17":"first","18":"instock","19":"sale","20":"taxable","21":"shipping-taxable","22":"purchasable","23":"product-type-variable"},"exclude_global_add_ons":[],"addons":[],"_links":{"self":[{"href":"https:\/\/essax.es\/de\/wp-json\/wp\/v2\/product\/99864"}],"collection":[{"href":"https:\/\/essax.es\/de\/wp-json\/wp\/v2\/product"}],"about":[{"href":"https:\/\/essax.es\/de\/wp-json\/wp\/v2\/types\/product"}],"replies":[{"embeddable":true,"href":"https:\/\/essax.es\/de\/wp-json\/wp\/v2\/comments?post=99864"}],"wp:featuredmedia":[{"embeddable":true,"href":"https:\/\/essax.es\/de\/wp-json\/wp\/v2\/media\/99866"}],"wp:attachment":[{"href":"https:\/\/essax.es\/de\/wp-json\/wp\/v2\/media?parent=99864"}],"wp:term":[{"taxonomy":"product_brand","embeddable":true,"href":"https:\/\/essax.es\/de\/wp-json\/wp\/v2\/product_brand?post=99864"},{"taxonomy":"product_cat","embeddable":true,"href":"https:\/\/essax.es\/de\/wp-json\/wp\/v2\/product_cat?post=99864"},{"taxonomy":"product_tag","embeddable":true,"href":"https:\/\/essax.es\/de\/wp-json\/wp\/v2\/product_tag?post=99864"}],"curies":[{"name":"wp","href":"https:\/\/api.w.org\/{rel}","templated":true}]}}