{"id":101978,"date":"2022-09-07T07:15:19","date_gmt":"2022-09-07T07:15:19","guid":{"rendered":"https:\/\/essax.es\/?post_type=product&#038;p=101978"},"modified":"2025-10-24T09:22:27","modified_gmt":"2025-10-24T09:22:27","slug":"era-acero","status":"publish","type":"product","link":"https:\/\/essax.es\/en\/product\/era-acero","title":{"rendered":"MTB Bicycle Saddle \u2013 Steel \u2013 280gr \u2013 Mod. Era"},"content":{"rendered":"<p><a href=\"https:\/\/essax.es\/wp-content\/uploads\/2022\/09\/JSG7354-scaled.jpg\"><img fetchpriority=\"high\" decoding=\"async\" class=\"alignright size-medium wp-image-101986\" src=\"https:\/\/essax.es\/wp-content\/uploads\/2022\/09\/JSG7354-300x200.jpg\" alt=\"\" width=\"300\" height=\"200\" \/><\/a>A new era of comfort and performance. Thanks to our new Era saddle, you will go as fast on the uphills as on the downhills. With its new ergonomic design and its rear part created to offer greater grip and stability, you will have control of the bicycle in any situation.<\/p>\n<p>The new Era saddle has been designed to improve your EMTB and MTB outings, in addition to being perfect for Gravel thanks to its high level of comfort. Finally, the 155mm version offers great comfort for your urban routes.<\/p>","protected":false},"excerpt":{"rendered":"<p>Una nueva era de confort y rendimiento. Gracias a nuestro nuevo sill\u00edn Era, ir\u00e1s tan r\u00e1pido en las subidas como en las bajadas. Con su nuevo dise\u00f1o ergon\u00f3mico y su parte trasera creada para ofrecer un mayor agarre y estabilidad, tendr\u00e1s el control de la bicicleta en cualquier situaci\u00f3n. El nuevo sill\u00edn Era ha sido [&hellip;]<\/p>","protected":false},"featured_media":101979,"comment_status":"open","ping_status":"closed","template":"","meta":{"inline_featured_image":false},"product_brand":[],"product_cat":[153,608,609,154],"product_tag":[288,328,287,191],"class_list":{"0":"post-101978","1":"product","2":"type-product","3":"status-publish","4":"has-post-thumbnail","6":"product_cat-sillines-carretera","7":"product_cat-sillin-carretera-era","8":"product_cat-sillin-mtb-era","9":"product_cat-mtb-gravel","10":"product_tag-emtb","11":"product_tag-era","12":"product_tag-montana","13":"product_tag-mtb","14":"pa_ancho-145-mm","15":"pa_ancho-155-mm","16":"pa_color-negro-negro","17":"pa_rail-acero","19":"first","20":"instock","21":"taxable","22":"shipping-taxable","23":"purchasable","24":"product-type-variable"},"exclude_global_add_ons":[],"addons":[],"_links":{"self":[{"href":"https:\/\/essax.es\/en\/wp-json\/wp\/v2\/product\/101978"}],"collection":[{"href":"https:\/\/essax.es\/en\/wp-json\/wp\/v2\/product"}],"about":[{"href":"https:\/\/essax.es\/en\/wp-json\/wp\/v2\/types\/product"}],"replies":[{"embeddable":true,"href":"https:\/\/essax.es\/en\/wp-json\/wp\/v2\/comments?post=101978"}],"wp:featuredmedia":[{"embeddable":true,"href":"https:\/\/essax.es\/en\/wp-json\/wp\/v2\/media\/101979"}],"wp:attachment":[{"href":"https:\/\/essax.es\/en\/wp-json\/wp\/v2\/media?parent=101978"}],"wp:term":[{"taxonomy":"product_brand","embeddable":true,"href":"https:\/\/essax.es\/en\/wp-json\/wp\/v2\/product_brand?post=101978"},{"taxonomy":"product_cat","embeddable":true,"href":"https:\/\/essax.es\/en\/wp-json\/wp\/v2\/product_cat?post=101978"},{"taxonomy":"product_tag","embeddable":true,"href":"https:\/\/essax.es\/en\/wp-json\/wp\/v2\/product_tag?post=101978"}],"curies":[{"name":"wp","href":"https:\/\/api.w.org\/{rel}","templated":true}]}}