{"id":102005,"date":"2022-09-12T06:56:15","date_gmt":"2022-09-12T06:56:15","guid":{"rendered":"https:\/\/essax.es\/?post_type=product&#038;p=102005"},"modified":"2026-04-22T04:45:22","modified_gmt":"2026-04-22T04:45:22","slug":"aitana-cromo","status":"publish","type":"product","link":"https:\/\/essax.es\/en\/product\/aitana-cromo","title":{"rendered":"Road Bicycle Saddle \u2013 Chrome \u2013 170 gr \u2013 Mod. Aitana"},"content":{"rendered":"<p><a href=\"https:\/\/essax.es\/wp-content\/uploads\/2021\/11\/equipo-essax.jpg\"><img fetchpriority=\"high\" decoding=\"async\" class=\"alignright size-medium wp-image-101582\" src=\"https:\/\/essax.es\/wp-content\/uploads\/2021\/11\/equipo-essax-235x300.jpg\" alt=\"\" width=\"235\" height=\"300\" srcset=\"https:\/\/essax.es\/wp-content\/uploads\/2021\/11\/equipo-essax-235x300.jpg 235w, https:\/\/essax.es\/wp-content\/uploads\/2021\/11\/equipo-essax-9x12.jpg 9w, https:\/\/essax.es\/wp-content\/uploads\/2021\/11\/equipo-essax-768x979.jpg 768w, https:\/\/essax.es\/wp-content\/uploads\/2021\/11\/equipo-essax-769x980.jpg 769w, https:\/\/essax.es\/wp-content\/uploads\/2021\/11\/equipo-essax-84x107.jpg 84w, https:\/\/essax.es\/wp-content\/uploads\/2021\/11\/equipo-essax-200x255.jpg 200w, https:\/\/essax.es\/wp-content\/uploads\/2021\/11\/equipo-essax-450x574.jpg 450w, https:\/\/essax.es\/wp-content\/uploads\/2021\/11\/equipo-essax-600x765.jpg 600w, https:\/\/essax.es\/wp-content\/uploads\/2021\/11\/equipo-essax-620x790.jpg 620w, https:\/\/essax.es\/wp-content\/uploads\/2021\/11\/equipo-essax.jpg 800w\" sizes=\"(max-width: 235px) 100vw, 235px\" \/><\/a><\/p>\n<p>Introducing our new Aitana saddle: the maximum expression of speed and unattainable performance.<\/p>\n<p>Thanks to its new carbon construction and ultralight materials, you will barely notice it is on your bike. This saddle is designed for those looking for the perfect balance between lightness and resistance, allowing you to reach your maximum potential with each pedal stroke. The weight reduction does not compromise its durability, ensuring that the Aitana saddle accompanies you in all your cycling challenges.<\/p>\n<p>But to obtain this high performance, we have not forgotten comfort and ergonomics. The new Aitana saddle maintains the ergonomic characteristics of its predecessors, allowing you to ride a bike long distances without problems or discomfort. Its design includes a central channel that promotes oxygen flow, minimizing pressure and preventing numbness, so you can perform at your best for longer. Additionally, its carefully designed profile and advanced materials provide excellent weight distribution and cushioning, reducing fatigue and increasing your comfort on any terrain.<\/p>\n<p>The Aitana saddle not only offers you speed and performance, but also an unparalleled cycling experience. The combination of cutting-edge technology and attention to detail makes this saddle an unbeatable option for the most demanding cyclists.<\/p>\n<p>Rivals won&#039;t see you pass. With the Aitana saddle, you will always be one step ahead, enjoying every kilometer with the confidence that you have the best under you. Transform every outing into an opportunity to push your limits and discover new frontiers with the Aitana saddle from Essax.<\/p>","protected":false},"excerpt":{"rendered":"<p>Presentamos nuestro nuevo sill\u00edn Aitana: la m\u00e1xima expresi\u00f3n de velocidad y rendimiento inalcanzable. Gracias a su nueva construcci\u00f3n en carbono y materiales ultraligeros, apenas notar\u00e1s que est\u00e1 en tu bicicleta. Este sill\u00edn est\u00e1 dise\u00f1ado para aquellos que buscan el equilibrio perfecto entre ligereza y resistencia, permiti\u00e9ndote alcanzar tu m\u00e1ximo potencial en cada pedalada. La reducci\u00f3n [&hellip;]<\/p>","protected":false},"featured_media":102082,"comment_status":"open","ping_status":"closed","template":"","meta":{"inline_featured_image":false},"product_brand":[],"product_cat":[600,153,245],"product_tag":[188,179,175,330,284,331,184],"class_list":{"0":"post-102005","1":"product","2":"type-product","3":"status-publish","4":"has-post-thumbnail","6":"product_cat-sillin-carretera-aitana","7":"product_cat-sillines-carretera","8":"product_cat-essax-destacados","9":"product_tag-aitana","10":"product_tag-carbono","11":"product_tag-carretera","12":"product_tag-chrome","13":"product_tag-cromo","14":"product_tag-light","15":"product_tag-road","16":"pa_ancho-140-mm","17":"pa_color-negro-negro","18":"pa_rail-cromo","20":"first","21":"instock","22":"taxable","23":"shipping-taxable","24":"purchasable","25":"product-type-simple"},"exclude_global_add_ons":[],"addons":[],"_links":{"self":[{"href":"https:\/\/essax.es\/en\/wp-json\/wp\/v2\/product\/102005"}],"collection":[{"href":"https:\/\/essax.es\/en\/wp-json\/wp\/v2\/product"}],"about":[{"href":"https:\/\/essax.es\/en\/wp-json\/wp\/v2\/types\/product"}],"replies":[{"embeddable":true,"href":"https:\/\/essax.es\/en\/wp-json\/wp\/v2\/comments?post=102005"}],"wp:featuredmedia":[{"embeddable":true,"href":"https:\/\/essax.es\/en\/wp-json\/wp\/v2\/media\/102082"}],"wp:attachment":[{"href":"https:\/\/essax.es\/en\/wp-json\/wp\/v2\/media?parent=102005"}],"wp:term":[{"taxonomy":"product_brand","embeddable":true,"href":"https:\/\/essax.es\/en\/wp-json\/wp\/v2\/product_brand?post=102005"},{"taxonomy":"product_cat","embeddable":true,"href":"https:\/\/essax.es\/en\/wp-json\/wp\/v2\/product_cat?post=102005"},{"taxonomy":"product_tag","embeddable":true,"href":"https:\/\/essax.es\/en\/wp-json\/wp\/v2\/product_tag?post=102005"}],"curies":[{"name":"wp","href":"https:\/\/api.w.org\/{rel}","templated":true}]}}