{"id":99495,"date":"2021-10-17T09:53:14","date_gmt":"2021-10-17T09:53:14","guid":{"rendered":"https:\/\/essax.es\/?post_type=product&#038;p=99495"},"modified":"2024-12-09T15:22:48","modified_gmt":"2024-12-09T15:22:48","slug":"shark-aleta-xs-acero","status":"publish","type":"product","link":"https:\/\/essax.es\/en\/product\/shark-aleta-xs-acero","title":{"rendered":"Road bike saddle \u2013 Steel \u2013 270 gr \u2013 Mod. Shark Fin XS"},"content":{"rendered":"<p><strong><a href=\"https:\/\/essax.es\/wp-content\/uploads\/2020\/07\/essax-shark-3-sillin-saddle.jpg\"><img fetchpriority=\"high\" decoding=\"async\" class=\"alignright size-medium wp-image-99480\" src=\"https:\/\/essax.es\/wp-content\/uploads\/2020\/07\/essax-shark-3-sillin-saddle-300x253.jpg\" alt=\"essax-shark-sillin-bike-saddle-fin\" width=\"300\" height=\"253\" srcset=\"https:\/\/essax.es\/wp-content\/uploads\/2020\/07\/essax-shark-3-sillin-saddle-300x253.jpg 300w, https:\/\/essax.es\/wp-content\/uploads\/2020\/07\/essax-shark-3-sillin-saddle-14x12.jpg 14w, https:\/\/essax.es\/wp-content\/uploads\/2020\/07\/essax-shark-3-sillin-saddle-768x648.jpg 768w, https:\/\/essax.es\/wp-content\/uploads\/2020\/07\/essax-shark-3-sillin-saddle-769x649.jpg 769w, https:\/\/essax.es\/wp-content\/uploads\/2020\/07\/essax-shark-3-sillin-saddle-84x71.jpg 84w, https:\/\/essax.es\/wp-content\/uploads\/2020\/07\/essax-shark-3-sillin-saddle-200x169.jpg 200w, https:\/\/essax.es\/wp-content\/uploads\/2020\/07\/essax-shark-3-sillin-saddle-450x380.jpg 450w, https:\/\/essax.es\/wp-content\/uploads\/2020\/07\/essax-shark-3-sillin-saddle.jpg 800w\" sizes=\"(max-width: 300px) 100vw, 300px\" \/><\/a>How did it come about?<\/strong><br \/>\nSix years ago Essax broke all the molds of the sector, changing the way of conceiving the bicycle saddle, which had not evolved for decades. It launched a completely new product that created (and continues to do so) great expectations worldwide. A saddle like this, which everyone talks about, had never been made before.<\/p>\n<p>Many thousands of units sold later, and many more satisfied cyclists, have proven us right and have shown that it was not a simple extravagance to attract attention. The Shark, it works.<\/p>\n<p><strong>What is the fin for?<\/strong><br \/>\nIt is provided with a central fin, which is the key to this biomechanical set. Its positioning tells the cyclist how to position their sit bones so that they are perfectly supported on the saddle. That is to say; It interacts with the user by giving them information on how they should sit.<\/p>\n<p>In the hundreds of real biomechanical studies carried out during the development of this product, the evidence told us that the vast majority of cyclists had the sensory perception of being well placed on their saddles, when reality showed that they were usually turned or only supported one of the two ischiums. Because if we have some type of dysmetria in normal life, it is multiplied on the bike, since the posture adopted to pedal is not natural for the human body.<\/p>\n<p>And if that were not enough, what was initially intended to be a therapeutic solution to the discomfort of thousands of cyclists, has become an element that can allow greater physical performance, and not because there is a new support point in the bike, which in fact is not such, but because by giving stability to the hips, the transmission of force to the pedals is much more efficient, therefore achieving greater performance.<\/p>\n<p><strong>Is it approved?<\/strong><br \/>\nThe Essax Shark is patented, although its use in official UCI (International Cycling Union) competitions is not permitted.<\/p>\n<p><strong>How is it placed?<\/strong><br \/>\nAlthough we provide an installation guide, before purchasing it we advise you to first consult a biomechanics professional, who will advise you on its correct placement and use.<\/p>","protected":false},"excerpt":{"rendered":"<p>\u00bfC\u00f3mo surgi\u00f3? Hace seis Essax \u200brompi\u00f3 todos los moldes del sector, cambiando la forma de concebir el sill\u00edn de bicicleta, que llevaba d\u00e9cadas sin evolucionar. Lanz\u00f3 un producto totalmente novedoso que cre\u00f3 (y lo sigue haciendo) una gran expectaci\u00f3n a nivel mundial. Nunca antes se hab\u00eda fabricado un sill\u00edn as\u00ed\u200b, del que todo el mundo [&hellip;]<\/p>","protected":false},"featured_media":99481,"comment_status":"open","ping_status":"closed","template":"","meta":{"inline_featured_image":false},"product_brand":[],"product_cat":[155],"product_tag":[167,165,166],"class_list":{"0":"post-99495","1":"product","2":"type-product","3":"status-publish","4":"has-post-thumbnail","6":"product_cat-biomecanica","7":"product_tag-aleta","8":"product_tag-shark","9":"product_tag-tiburon","10":"pa_ancho-130-mm","11":"pa_ancho-142-mm","12":"pa_color-negro-negro","13":"pa_color-negro-blanco","14":"pa_rail-acero","16":"first","17":"instock","18":"taxable","19":"shipping-taxable","20":"purchasable","21":"product-type-variable"},"exclude_global_add_ons":[],"addons":[],"_links":{"self":[{"href":"https:\/\/essax.es\/en\/wp-json\/wp\/v2\/product\/99495"}],"collection":[{"href":"https:\/\/essax.es\/en\/wp-json\/wp\/v2\/product"}],"about":[{"href":"https:\/\/essax.es\/en\/wp-json\/wp\/v2\/types\/product"}],"replies":[{"embeddable":true,"href":"https:\/\/essax.es\/en\/wp-json\/wp\/v2\/comments?post=99495"}],"wp:featuredmedia":[{"embeddable":true,"href":"https:\/\/essax.es\/en\/wp-json\/wp\/v2\/media\/99481"}],"wp:attachment":[{"href":"https:\/\/essax.es\/en\/wp-json\/wp\/v2\/media?parent=99495"}],"wp:term":[{"taxonomy":"product_brand","embeddable":true,"href":"https:\/\/essax.es\/en\/wp-json\/wp\/v2\/product_brand?post=99495"},{"taxonomy":"product_cat","embeddable":true,"href":"https:\/\/essax.es\/en\/wp-json\/wp\/v2\/product_cat?post=99495"},{"taxonomy":"product_tag","embeddable":true,"href":"https:\/\/essax.es\/en\/wp-json\/wp\/v2\/product_tag?post=99495"}],"curies":[{"name":"wp","href":"https:\/\/api.w.org\/{rel}","templated":true}]}}