{"id":99540,"date":"2020-07-22T11:01:28","date_gmt":"2020-07-22T11:01:28","guid":{"rendered":"https:\/\/essax.es\/?post_type=product&#038;p=99540"},"modified":"2024-07-22T08:51:47","modified_gmt":"2024-07-22T08:51:47","slug":"tudons-titanio","status":"publish","type":"product","link":"https:\/\/essax.es\/en\/product\/tudons-titanio","title":{"rendered":"Bicycle Saddle \u2013 Titanium \u2013 155 gr. \u2013 Mod. Tudons"},"content":{"rendered":"<p>With the appearance of the Tudons, we began the custom of naming our saddles after mythical peaks in the province of Alicante, and with this, showing a full-fledged declaration of intentions: we are proud of who we are and where we come from.<\/p>\n<p>Almost 10 years after launching it on the market for the first time, it has become one of our most well-known and iconic models. Its name, its logo, and its stylized and elegant shape are already part of the history of the brand and the collective memory of many. The possibility of mounting it only with titanium or carbon fiber rods makes it one of the most exclusive models in our catalog.<\/p>","protected":false},"excerpt":{"rendered":"<p>Con la aparici\u00f3n del Tudons, iniciamos la costumbre de denominar a nuestros sillines con el nombre de cumbres m\u00edticas de la provincia de Alicante, y con ello, mostrar una declaraci\u00f3n de intenciones en toda regla: estamos orgullosos de qui\u00e9nes somos y de d\u00f3nde venimos. Casi 10 a\u00f1os despu\u00e9s de lanzarlo al mercado por primera vez, [&hellip;]<\/p>","protected":false},"featured_media":99537,"comment_status":"open","ping_status":"closed","template":"","meta":{"inline_featured_image":false},"product_brand":[],"product_cat":[158],"product_tag":[175,184,183],"class_list":{"0":"post-99540","1":"product","2":"type-product","3":"status-publish","4":"has-post-thumbnail","6":"product_cat-outlet","7":"product_tag-carretera","8":"product_tag-road","9":"product_tag-tudons","10":"pa_ancho-130-mm","11":"pa_ancho-142-mm","12":"pa_color-blanco-negro","13":"pa_color-negro-negro","14":"pa_rail-titanio","16":"first","17":"outofstock","18":"sale","19":"taxable","20":"shipping-taxable","21":"purchasable","22":"product-type-variable"},"exclude_global_add_ons":[],"addons":[],"_links":{"self":[{"href":"https:\/\/essax.es\/en\/wp-json\/wp\/v2\/product\/99540"}],"collection":[{"href":"https:\/\/essax.es\/en\/wp-json\/wp\/v2\/product"}],"about":[{"href":"https:\/\/essax.es\/en\/wp-json\/wp\/v2\/types\/product"}],"replies":[{"embeddable":true,"href":"https:\/\/essax.es\/en\/wp-json\/wp\/v2\/comments?post=99540"}],"wp:featuredmedia":[{"embeddable":true,"href":"https:\/\/essax.es\/en\/wp-json\/wp\/v2\/media\/99537"}],"wp:attachment":[{"href":"https:\/\/essax.es\/en\/wp-json\/wp\/v2\/media?parent=99540"}],"wp:term":[{"taxonomy":"product_brand","embeddable":true,"href":"https:\/\/essax.es\/en\/wp-json\/wp\/v2\/product_brand?post=99540"},{"taxonomy":"product_cat","embeddable":true,"href":"https:\/\/essax.es\/en\/wp-json\/wp\/v2\/product_cat?post=99540"},{"taxonomy":"product_tag","embeddable":true,"href":"https:\/\/essax.es\/en\/wp-json\/wp\/v2\/product_tag?post=99540"}],"curies":[{"name":"wp","href":"https:\/\/api.w.org\/{rel}","templated":true}]}}