{"id":99599,"date":"2020-07-23T07:56:48","date_gmt":"2020-07-23T07:56:48","guid":{"rendered":"https:\/\/essax.es\/?post_type=product&#038;p=99599"},"modified":"2025-03-31T10:55:42","modified_gmt":"2025-03-31T10:55:42","slug":"adrenaline-xc-carbono","status":"publish","type":"product","link":"https:\/\/essax.es\/en\/product\/adrenaline-xc-carbono","title":{"rendered":"Adrenaline XC Saddle \u2013 Carbon \u2013 135 gr."},"content":{"rendered":"<p>The brand&#039;s flagship, the best-selling model in our catalog in our 13 years of existence, could not fail to have its version for mtb and gravel.<\/p>\n<p>To the large number of combinations in terms of colors, temples and widths, in addition to a continuous formal improvement year after year like the road version, we must add the Kevlar side reinforcements, to protect it from the inevitable falls in these disciplines. and provide a longer useful life.<\/p>\n<p>Equipped with a central channel to release part of the pressure that our weight exerts on the perineal area, it is provided with different versions and ranges. From the chrome rod, with a lower price and a fantastic 180 gr. of weight, to the impressive carbon fiber version and its spectacular 135 gr.<\/p>","protected":false},"excerpt":{"rendered":"<p>El buque insignia de la marca, el modelo m\u00e1s vendido de nuestro cat\u00e1logo en nuestros 13 a\u00f1os de vida, no pod\u00eda dejar de tener su versi\u00f3n para mtb y gravel. A la gran cantidad de combinaciones en cuanto a colores, varillas y anchos, adem\u00e1s de una continua mejora formal a\u00f1o tras a\u00f1o al igual que [&hellip;]<\/p>","protected":false},"featured_media":99595,"comment_status":"open","ping_status":"closed","template":"","meta":{"inline_featured_image":false},"product_brand":[],"product_cat":[158],"product_tag":[149,189,193,192,191,190],"class_list":{"0":"post-99599","1":"product","2":"type-product","3":"status-publish","4":"has-post-thumbnail","6":"product_cat-outlet","7":"product_tag-adrenaline","8":"product_tag-adrenaline-xc","9":"product_tag-ciclocross","10":"product_tag-gravel","11":"product_tag-mtb","12":"product_tag-xc","13":"pa_ancho-130-mm","14":"pa_ancho-142-mm","15":"pa_color-negro-negro","16":"pa_color-negro-blanco","17":"pa_color-negro-rojo","18":"pa_rail-carbono","20":"first","21":"instock","22":"taxable","23":"shipping-taxable","24":"purchasable","25":"product-type-variable"},"exclude_global_add_ons":[],"addons":[],"_links":{"self":[{"href":"https:\/\/essax.es\/en\/wp-json\/wp\/v2\/product\/99599"}],"collection":[{"href":"https:\/\/essax.es\/en\/wp-json\/wp\/v2\/product"}],"about":[{"href":"https:\/\/essax.es\/en\/wp-json\/wp\/v2\/types\/product"}],"replies":[{"embeddable":true,"href":"https:\/\/essax.es\/en\/wp-json\/wp\/v2\/comments?post=99599"}],"wp:featuredmedia":[{"embeddable":true,"href":"https:\/\/essax.es\/en\/wp-json\/wp\/v2\/media\/99595"}],"wp:attachment":[{"href":"https:\/\/essax.es\/en\/wp-json\/wp\/v2\/media?parent=99599"}],"wp:term":[{"taxonomy":"product_brand","embeddable":true,"href":"https:\/\/essax.es\/en\/wp-json\/wp\/v2\/product_brand?post=99599"},{"taxonomy":"product_cat","embeddable":true,"href":"https:\/\/essax.es\/en\/wp-json\/wp\/v2\/product_cat?post=99599"},{"taxonomy":"product_tag","embeddable":true,"href":"https:\/\/essax.es\/en\/wp-json\/wp\/v2\/product_tag?post=99599"}],"curies":[{"name":"wp","href":"https:\/\/api.w.org\/{rel}","templated":true}]}}