{"id":99615,"date":"2020-07-23T08:10:02","date_gmt":"2020-07-23T08:10:02","guid":{"rendered":"https:\/\/essax.es\/?post_type=product&#038;p=99615"},"modified":"2024-07-22T08:52:59","modified_gmt":"2024-07-22T08:52:59","slug":"extreme-cromo","status":"publish","type":"product","link":"https:\/\/essax.es\/en\/product\/extreme-cromo","title":{"rendered":"Bicycle Saddle \u2013 Chrome \u2013 190 gr. \u2013 Mod. Extreme"},"content":{"rendered":"<p>Extreme is what you are looking for for mtb or gravel if what you want is a medium cushioning model, but with all the evolutions, improvements, tests and feedback from professionals inherited from the superior Adrenaline XC model.<\/p>\n<p>But don&#039;t let all this confuse you, because it is still a very technical and advanced saddle, which many cyclists use in large competitions, and which is especially designed for those who penalize lightness a little in exchange for sitting on a slightly lighter surface. fluffy<\/p>\n<p>Available in only one version with a chrome rod, which is the perfect combination of good price and low weight.<\/p>","protected":false},"excerpt":{"rendered":"<p>Extreme es lo que est\u00e1s buscando para mtb o gravel si lo que quieres es un modelo de acolchado medio, pero con todas las evoluciones, mejoras, tests y feedback de los profesionales heredados del modelo superior Adrenaline XC. Pero que todo esto no te confunda, porque sigue trat\u00e1ndose de un sill\u00edn muy t\u00e9cnico y avanzado, [&hellip;]<\/p>","protected":false},"featured_media":99621,"comment_status":"open","ping_status":"closed","template":"","meta":{"inline_featured_image":false},"product_brand":[],"product_cat":[158],"product_tag":[195,194,192,191],"class_list":{"0":"post-99615","1":"product","2":"type-product","3":"status-publish","4":"has-post-thumbnail","6":"product_cat-outlet","7":"product_tag-btt","8":"product_tag-extreme","9":"product_tag-gravel","10":"product_tag-mtb","11":"pa_ancho-132-mm","12":"pa_ancho-142-mm","13":"pa_color-negro-negro","14":"pa_color-negro-blanco","15":"pa_color-negro-rojo","16":"pa_rail-cromo","18":"first","19":"instock","20":"sale","21":"taxable","22":"shipping-taxable","23":"purchasable","24":"product-type-variable"},"exclude_global_add_ons":[],"addons":[],"_links":{"self":[{"href":"https:\/\/essax.es\/en\/wp-json\/wp\/v2\/product\/99615"}],"collection":[{"href":"https:\/\/essax.es\/en\/wp-json\/wp\/v2\/product"}],"about":[{"href":"https:\/\/essax.es\/en\/wp-json\/wp\/v2\/types\/product"}],"replies":[{"embeddable":true,"href":"https:\/\/essax.es\/en\/wp-json\/wp\/v2\/comments?post=99615"}],"wp:featuredmedia":[{"embeddable":true,"href":"https:\/\/essax.es\/en\/wp-json\/wp\/v2\/media\/99621"}],"wp:attachment":[{"href":"https:\/\/essax.es\/en\/wp-json\/wp\/v2\/media?parent=99615"}],"wp:term":[{"taxonomy":"product_brand","embeddable":true,"href":"https:\/\/essax.es\/en\/wp-json\/wp\/v2\/product_brand?post=99615"},{"taxonomy":"product_cat","embeddable":true,"href":"https:\/\/essax.es\/en\/wp-json\/wp\/v2\/product_cat?post=99615"},{"taxonomy":"product_tag","embeddable":true,"href":"https:\/\/essax.es\/en\/wp-json\/wp\/v2\/product_tag?post=99615"}],"curies":[{"name":"wp","href":"https:\/\/api.w.org\/{rel}","templated":true}]}}