{"id":99671,"date":"2020-07-23T09:20:57","date_gmt":"2020-07-23T09:20:57","guid":{"rendered":"https:\/\/essax.es\/?post_type=product&#038;p=99671"},"modified":"2025-10-24T09:22:27","modified_gmt":"2025-10-24T09:22:27","slug":"malmo","status":"publish","type":"product","link":"https:\/\/essax.es\/en\/product\/malmo","title":{"rendered":"Malm\u00f6 saddle \u2013 Steel \u2013 320 gr."},"content":{"rendered":"<p><a href=\"https:\/\/essax.es\/wp-content\/uploads\/2020\/07\/essax-malmo-3-sillin-saddle.jpg\"><img fetchpriority=\"high\" decoding=\"async\" class=\"alignright size-medium wp-image-99674\" src=\"https:\/\/essax.es\/wp-content\/uploads\/2020\/07\/essax-malmo-3-sillin-saddle-300x253.jpg\" alt=\"essax-malmo-sillin-bike-saddle-urban-ciudad-city\" width=\"300\" height=\"253\" srcset=\"https:\/\/essax.es\/wp-content\/uploads\/2020\/07\/essax-malmo-3-sillin-saddle-300x253.jpg 300w, https:\/\/essax.es\/wp-content\/uploads\/2020\/07\/essax-malmo-3-sillin-saddle-14x12.jpg 14w, https:\/\/essax.es\/wp-content\/uploads\/2020\/07\/essax-malmo-3-sillin-saddle-768x648.jpg 768w, https:\/\/essax.es\/wp-content\/uploads\/2020\/07\/essax-malmo-3-sillin-saddle-769x649.jpg 769w, https:\/\/essax.es\/wp-content\/uploads\/2020\/07\/essax-malmo-3-sillin-saddle-84x71.jpg 84w, https:\/\/essax.es\/wp-content\/uploads\/2020\/07\/essax-malmo-3-sillin-saddle-200x169.jpg 200w, https:\/\/essax.es\/wp-content\/uploads\/2020\/07\/essax-malmo-3-sillin-saddle-450x380.jpg 450w, https:\/\/essax.es\/wp-content\/uploads\/2020\/07\/essax-malmo-3-sillin-saddle.jpg 800w\" sizes=\"(max-width: 300px) 100vw, 300px\" \/><\/a>That Sweden is an example in terms of raising awareness among its inhabitants about reducing pollution and using bicycles in urban environments is nothing new.<\/p>\n<p>More specifically, Malm\u00f6, the third largest city, takes the cake with its more than 400 km of cycle paths, and its urban center designed by and for pedaling. Not in vain is the <em>7th in the international ranking of \u201cBike Cities of the World\u201d.<\/em><\/p>\n<p>As a tribute to this great city, we created the most padded and widest saddle in our catalogue, designed to provide the greatest possible comfort on those short trips in the city, on urban and folding bicycles.<\/p>\n<p>The city is yours!<\/p>","protected":false},"excerpt":{"rendered":"<p>Que Suecia es un ejemplo en cuanto a la concienciaci\u00f3n de sus habitantes sobre la reducci\u00f3n de la contaminaci\u00f3n y el uso de la bicicleta en el medio urbano, no es ninguna novedad. M\u00e1s concretamente, Malm\u00f6, la 3\u00aa ciudad en tama\u00f1o, se lleva la palma con sus m\u00e1s de 400 km de ciclov\u00edas, y su [&hellip;]<\/p>","protected":false},"featured_media":99675,"comment_status":"open","ping_status":"closed","template":"","meta":{"inline_featured_image":false},"product_brand":[],"product_cat":[157],"product_tag":[204,205,202,203],"class_list":{"0":"post-99671","1":"product","2":"type-product","3":"status-publish","4":"has-post-thumbnail","6":"product_cat-urban","7":"product_tag-city","8":"product_tag-ciudad","9":"product_tag-malmo","10":"product_tag-urban","11":"pa_ancho-148-mm","12":"pa_color-marron","13":"pa_color-negro-negro","14":"pa_rail-acero","16":"first","17":"instock","18":"taxable","19":"shipping-taxable","20":"purchasable","21":"product-type-variable"},"exclude_global_add_ons":[],"addons":[],"_links":{"self":[{"href":"https:\/\/essax.es\/en\/wp-json\/wp\/v2\/product\/99671"}],"collection":[{"href":"https:\/\/essax.es\/en\/wp-json\/wp\/v2\/product"}],"about":[{"href":"https:\/\/essax.es\/en\/wp-json\/wp\/v2\/types\/product"}],"replies":[{"embeddable":true,"href":"https:\/\/essax.es\/en\/wp-json\/wp\/v2\/comments?post=99671"}],"wp:featuredmedia":[{"embeddable":true,"href":"https:\/\/essax.es\/en\/wp-json\/wp\/v2\/media\/99675"}],"wp:attachment":[{"href":"https:\/\/essax.es\/en\/wp-json\/wp\/v2\/media?parent=99671"}],"wp:term":[{"taxonomy":"product_brand","embeddable":true,"href":"https:\/\/essax.es\/en\/wp-json\/wp\/v2\/product_brand?post=99671"},{"taxonomy":"product_cat","embeddable":true,"href":"https:\/\/essax.es\/en\/wp-json\/wp\/v2\/product_cat?post=99671"},{"taxonomy":"product_tag","embeddable":true,"href":"https:\/\/essax.es\/en\/wp-json\/wp\/v2\/product_tag?post=99671"}],"curies":[{"name":"wp","href":"https:\/\/api.w.org\/{rel}","templated":true}]}}