{"id":99877,"date":"2020-08-03T06:58:03","date_gmt":"2020-08-03T06:58:03","guid":{"rendered":"https:\/\/essax.es\/?post_type=product&#038;p=99877"},"modified":"2024-07-22T08:51:29","modified_gmt":"2024-07-22T08:51:29","slug":"mx-r-acero-2","status":"publish","type":"product","link":"https:\/\/essax.es\/en\/product\/mx-r-acero-2","title":{"rendered":"Bicycle Saddle \u2013 Steel \u2013 270 gr. \u2013 Mod. MX R"},"content":{"rendered":"<p>Absolutely all of us who practice cycling were at some point new to this, and we would surely start with cheaper bicycles and components, but which made us just as happy and with which we enjoyed pedaling the most, which is at the end of the day. what its about.<\/p>\n<p>Under the name MX we call our basic models, designed especially for those who are starting out in this wonderful sport, for whom greater weight is not an inconvenience, or simply so that their pockets do not suffer excessively.<\/p>\n<p>But be careful, don&#039;t be confused if you think that the quality is going to suffer. The MX, like the other higher-end models, are handcrafted in Spain, one by one, they draw on the same improvements and advances, and have very similar components and materials. They will surprise you!<\/p>","protected":false},"excerpt":{"rendered":"<p>Absolutamente todos los que practicamos ciclismo fuimos en alg\u00fan momento novatos en esto, y seguramente nos iniciar\u00edamos con bicicletas y componentes m\u00e1s econ\u00f3micos, pero que nos hicieron igual de felices y con los que disfrutamos al m\u00e1ximo dando pedales, que es al fin y al cabo de lo que se trata. Bajo el nombre de [&hellip;]<\/p>","protected":false},"featured_media":99879,"comment_status":"open","ping_status":"closed","template":"","meta":{"inline_featured_image":false},"product_brand":[],"product_cat":[158],"product_tag":[175,196,197,184],"class_list":{"0":"post-99877","1":"product","2":"type-product","3":"status-publish","4":"has-post-thumbnail","6":"product_cat-outlet","7":"product_tag-carretera","8":"product_tag-mx","9":"product_tag-mx-r","10":"product_tag-road","11":"pa_ancho-132-mm","12":"pa_color-blanco-negro","13":"pa_rail-acero","15":"first","16":"instock","17":"sale","18":"taxable","19":"shipping-taxable","20":"purchasable","21":"product-type-variable"},"exclude_global_add_ons":[],"addons":[],"_links":{"self":[{"href":"https:\/\/essax.es\/en\/wp-json\/wp\/v2\/product\/99877"}],"collection":[{"href":"https:\/\/essax.es\/en\/wp-json\/wp\/v2\/product"}],"about":[{"href":"https:\/\/essax.es\/en\/wp-json\/wp\/v2\/types\/product"}],"replies":[{"embeddable":true,"href":"https:\/\/essax.es\/en\/wp-json\/wp\/v2\/comments?post=99877"}],"wp:featuredmedia":[{"embeddable":true,"href":"https:\/\/essax.es\/en\/wp-json\/wp\/v2\/media\/99879"}],"wp:attachment":[{"href":"https:\/\/essax.es\/en\/wp-json\/wp\/v2\/media?parent=99877"}],"wp:term":[{"taxonomy":"product_brand","embeddable":true,"href":"https:\/\/essax.es\/en\/wp-json\/wp\/v2\/product_brand?post=99877"},{"taxonomy":"product_cat","embeddable":true,"href":"https:\/\/essax.es\/en\/wp-json\/wp\/v2\/product_cat?post=99877"},{"taxonomy":"product_tag","embeddable":true,"href":"https:\/\/essax.es\/en\/wp-json\/wp\/v2\/product_tag?post=99877"}],"curies":[{"name":"wp","href":"https:\/\/api.w.org\/{rel}","templated":true}]}}