{"id":100794,"date":"2020-09-03T10:12:03","date_gmt":"2020-09-03T10:12:03","guid":{"rendered":"https:\/\/essax.es\/?page_id=100794"},"modified":"2024-01-24T10:51:27","modified_gmt":"2024-01-24T10:51:27","slug":"guia-para-elegir-sillin","status":"publish","type":"page","link":"https:\/\/essax.es\/fr\/guia-para-elegir-sillin","title":{"rendered":"Guide pour choisir une selle"},"content":{"rendered":"<p>Choisir la bonne taille lorsque nous achetons un v\u00e9lo est quelque chose que nous avons compl\u00e8tement int\u00e9rioris\u00e9, sachant l&#039;importance que cela implique plus tard lors de l&#039;utilisation. Mais on ne peut pas en dire autant de la selle, un composant que beaucoup consid\u00e8rent secondaire, et dont beaucoup ignorent m\u00eame qu&#039;il peut \u00eatre achet\u00e9 en diff\u00e9rentes largeurs.<\/p>\n<p>M\u00eame si nous n&#039;en sommes pas pleinement conscients, lorsque nous pratiquons le cyclisme, nous soutenons le 60% avec notre poids sur la selle, ce qui, ajout\u00e9 \u00e0 son utilisation continue pendant des heures, rend absolument essentiel de s\u00e9lectionner avec soin celui qui nous convient le mieux.<\/p>\n<p><strong>Ne nous trompons pas ; Il n\u2019existe AUCUNE selle id\u00e9ale qui convienne \u00e0 tout le monde. C&#039;est une l\u00e9gende urbaine.<\/strong> Un m\u00eame mod\u00e8le peut \u00eatre le favori pour certains, et un v\u00e9ritable support \u00e0 torture pour d&#039;autres, pour la simple raison que tous les corps ne sont pas pareils. C&#039;est l\u00e0 que notre physionomie, notre utilisation et notre posture lors du p\u00e9dalage nous donneront suffisamment d&#039;informations pour faire notre choix.<\/p>\n<p><span style=\"font-size: 18pt;\"><strong>La largeur des selles<\/strong><\/span><\/p>\n<p>L&#039;utilisation d&#039;une selle trop \u00e9troite peut provoquer une pression excessive dans la zone p\u00e9rin\u00e9ale, avec pour cons\u00e9quence une interruption du flux sanguin. Mais un v\u00e9lo trop large provoquera des frictions qui rendront notre p\u00e9dalage beaucoup plus inconfortable et inefficace. Solution? D\u00e9terminez notre largeur id\u00e9ale.<\/p>\n<p>La principal raz\u00f3n para decantar nuestra elecci\u00f3n vendr\u00e1 marcada por nuestro ancho de isquiones, aunque no deberemos dejar de lado otros factores como el tipo de uso que le demos al sill\u00edn (carretera,mtb,triatl\u00f3n\u2026), y la postura que solemos adoptar cuando montamos en v\u00e9lo.<\/p>\n<p><span style=\"font-size: 18pt;\"><strong>Que sont les ischions ?<\/strong><\/span><\/p>\n<p><a href=\"https:\/\/essax.es\/wp-content\/uploads\/2020\/10\/isquiones-sillines-essax-01.jpg\"><img fetchpriority=\"high\" decoding=\"async\" class=\"aligncenter wp-image-100836 size-full\" src=\"https:\/\/essax.es\/wp-content\/uploads\/2020\/10\/isquiones-sillines-essax-01.jpg\" alt=\"\" width=\"596\" height=\"674\" srcset=\"https:\/\/essax.es\/wp-content\/uploads\/2020\/10\/isquiones-sillines-essax-01.jpg 596w, https:\/\/essax.es\/wp-content\/uploads\/2020\/10\/isquiones-sillines-essax-01-11x12.jpg 11w, https:\/\/essax.es\/wp-content\/uploads\/2020\/10\/isquiones-sillines-essax-01-265x300.jpg 265w, https:\/\/essax.es\/wp-content\/uploads\/2020\/10\/isquiones-sillines-essax-01-84x95.jpg 84w, https:\/\/essax.es\/wp-content\/uploads\/2020\/10\/isquiones-sillines-essax-01-200x226.jpg 200w, https:\/\/essax.es\/wp-content\/uploads\/2020\/10\/isquiones-sillines-essax-01-450x509.jpg 450w\" sizes=\"(max-width: 596px) 100vw, 596px\" \/><\/a>Les os ischiens sont situ\u00e9s dans la partie inf\u00e9rieure de la hanche et sont charg\u00e9s de soutenir notre corps lorsque nous sommes assis, en plus d&#039;\u00eatre unis \u00e0 l&#039;ilion et au pubis pour cr\u00e9er l&#039;ensemble de la hanche.<\/p>\n<p>Ces derniers sont tr\u00e8s sujets aux dommages et aux blessures, il est donc essentiel de veiller \u00e0 ce que le soutien des ischions soit parfait, en particulier chez les cyclistes qui s&#039;entra\u00eenent sur de nombreux kilom\u00e8tres.<\/p>\n<p><span style=\"font-size: 18pt;\"><strong>Comment sont mesur\u00e9s les ischions ?<\/strong><\/span><\/p>\n<p>Bien qu&#039;un technicien biom\u00e9canique soit la meilleure option pour conna\u00eetre la largeur de vos ischions, nous allons vous apprendre une m\u00e9thode maison, mais assez pr\u00e9cise, que nous pouvons r\u00e9aliser \u00e0 la maison avec des mat\u00e9riaux que nous pouvons tous avoir sous la main.<\/p>\n<p><a href=\"https:\/\/essax.es\/wp-content\/uploads\/2020\/10\/herramientas-medicion-isquiones-essax.jpg\"><img decoding=\"async\" class=\"size-full wp-image-100839 aligncenter\" src=\"https:\/\/essax.es\/wp-content\/uploads\/2020\/10\/herramientas-medicion-isquiones-essax.jpg\" alt=\"\" width=\"789\" height=\"149\" srcset=\"https:\/\/essax.es\/wp-content\/uploads\/2020\/10\/herramientas-medicion-isquiones-essax.jpg 789w, https:\/\/essax.es\/wp-content\/uploads\/2020\/10\/herramientas-medicion-isquiones-essax-18x3.jpg 18w, https:\/\/essax.es\/wp-content\/uploads\/2020\/10\/herramientas-medicion-isquiones-essax-300x57.jpg 300w, https:\/\/essax.es\/wp-content\/uploads\/2020\/10\/herramientas-medicion-isquiones-essax-768x145.jpg 768w, https:\/\/essax.es\/wp-content\/uploads\/2020\/10\/herramientas-medicion-isquiones-essax-769x145.jpg 769w, https:\/\/essax.es\/wp-content\/uploads\/2020\/10\/herramientas-medicion-isquiones-essax-84x16.jpg 84w, https:\/\/essax.es\/wp-content\/uploads\/2020\/10\/herramientas-medicion-isquiones-essax-200x38.jpg 200w, https:\/\/essax.es\/wp-content\/uploads\/2020\/10\/herramientas-medicion-isquiones-essax-450x85.jpg 450w\" sizes=\"(max-width: 789px) 100vw, 789px\" \/><\/a>Nous avons besoin des \u00e9l\u00e9ments suivants\u00a0:<\/p>\n<p>\u00b7 Un morceau de carton ondul\u00e9 (celui avec la couche centrale ondul\u00e9e)<\/p>\n<p>\u00b7 Craie blanche<\/p>\n<p>\u00b7 Stylo ou crayon<\/p>\n<p>\u00b7        Une r\u00e8gle<\/p>\n<p>Avec tout cela, nous proc\u00e9dons comme suit :<\/p>\n<p><strong>1.<\/strong>\u00a0\u00a0\u00a0\u00a0\u00a0\u00a0 Id\u00e9alement, nous devrions faire le test en portant des collants de cyclisme, qui sont un mat\u00e9riau tr\u00e8s fin, et qui aideront sans aucun doute \u00e0 mieux refl\u00e9ter les marques sur nos ischions sur le carton.<\/p>\n<p><strong>2.<\/strong>\u00a0\u00a0\u00a0\u00a0\u00a0\u00a0 Nous pla\u00e7ons le morceau de carton sur une chaise ou un tabouret, en tenant compte du fait qu&#039;il s&#039;agit d&#039;une surface compl\u00e8tement plane et dure.<br \/>\n<strong><br \/>\n3.<\/strong>\u00a0\u00a0\u00a0\u00a0\u00a0\u00a0 Asseyez-vous sur le morceau de carton, gardez le dos droit et soulevez vos orteils. Maintenez cette posture pendant au moins quelques minutes.<\/p>\n<p><strong><a href=\"https:\/\/essax.es\/wp-content\/uploads\/2020\/10\/prueba-isquiones-essax.jpg\"><img decoding=\"async\" class=\"aligncenter wp-image-100841 size-medium\" src=\"https:\/\/essax.es\/wp-content\/uploads\/2020\/10\/prueba-isquiones-essax-137x300.jpg\" alt=\"\" width=\"137\" height=\"300\" srcset=\"https:\/\/essax.es\/wp-content\/uploads\/2020\/10\/prueba-isquiones-essax-137x300.jpg 137w, https:\/\/essax.es\/wp-content\/uploads\/2020\/10\/prueba-isquiones-essax-5x12.jpg 5w, https:\/\/essax.es\/wp-content\/uploads\/2020\/10\/prueba-isquiones-essax-84x183.jpg 84w, https:\/\/essax.es\/wp-content\/uploads\/2020\/10\/prueba-isquiones-essax-200x437.jpg 200w, https:\/\/essax.es\/wp-content\/uploads\/2020\/10\/prueba-isquiones-essax.jpg 266w\" sizes=\"(max-width: 137px) 100vw, 137px\" \/><\/a><\/strong><\/p>\n<p><strong>4.<\/strong>\u00a0\u00a0\u00a0\u00a0\u00a0\u00a0 Colorez le carton avec de la craie blanche. Avec cela, vous percevrez d\u00e9j\u00e0 les deux marques qui auront \u00e9t\u00e9 laiss\u00e9es lors du soutien des ischions.<\/p>\n<p><strong><a href=\"https:\/\/essax.es\/wp-content\/uploads\/2020\/10\/prueba-isquiones-essax-2.jpg\"><img loading=\"lazy\" decoding=\"async\" class=\"aligncenter wp-image-100843 size-medium\" src=\"https:\/\/essax.es\/wp-content\/uploads\/2020\/10\/prueba-isquiones-essax-2-300x271.jpg\" alt=\"\" width=\"300\" height=\"271\" srcset=\"https:\/\/essax.es\/wp-content\/uploads\/2020\/10\/prueba-isquiones-essax-2-300x271.jpg 300w, https:\/\/essax.es\/wp-content\/uploads\/2020\/10\/prueba-isquiones-essax-2-13x12.jpg 13w, https:\/\/essax.es\/wp-content\/uploads\/2020\/10\/prueba-isquiones-essax-2-84x76.jpg 84w, https:\/\/essax.es\/wp-content\/uploads\/2020\/10\/prueba-isquiones-essax-2-200x181.jpg 200w, https:\/\/essax.es\/wp-content\/uploads\/2020\/10\/prueba-isquiones-essax-2-450x407.jpg 450w, https:\/\/essax.es\/wp-content\/uploads\/2020\/10\/prueba-isquiones-essax-2.jpg 490w\" sizes=\"(max-width: 300px) 100vw, 300px\" \/><\/a><\/strong><\/p>\n<p>5. Dessinez un point dans la zone centrale de chacune des deux marques. Enfin, mesurez la distance entre les deux points. Avec le r\u00e9sultat obtenu, rendez-vous dans le tableau ci-dessous pour conna\u00eetre quelle est votre largeur de selle id\u00e9ale.<\/p>\n<p><a href=\"https:\/\/essax.es\/wp-content\/uploads\/2020\/10\/guia-tallas-sillines-essax-04.jpg\"><img loading=\"lazy\" decoding=\"async\" class=\"aligncenter size-full wp-image-100844\" src=\"https:\/\/essax.es\/wp-content\/uploads\/2020\/10\/guia-tallas-sillines-essax-04.jpg\" alt=\"\" width=\"843\" height=\"596\" srcset=\"https:\/\/essax.es\/wp-content\/uploads\/2020\/10\/guia-tallas-sillines-essax-04.jpg 843w, https:\/\/essax.es\/wp-content\/uploads\/2020\/10\/guia-tallas-sillines-essax-04-18x12.jpg 18w, https:\/\/essax.es\/wp-content\/uploads\/2020\/10\/guia-tallas-sillines-essax-04-300x212.jpg 300w, https:\/\/essax.es\/wp-content\/uploads\/2020\/10\/guia-tallas-sillines-essax-04-768x543.jpg 768w, https:\/\/essax.es\/wp-content\/uploads\/2020\/10\/guia-tallas-sillines-essax-04-769x544.jpg 769w, https:\/\/essax.es\/wp-content\/uploads\/2020\/10\/guia-tallas-sillines-essax-04-84x59.jpg 84w, https:\/\/essax.es\/wp-content\/uploads\/2020\/10\/guia-tallas-sillines-essax-04-200x141.jpg 200w, https:\/\/essax.es\/wp-content\/uploads\/2020\/10\/guia-tallas-sillines-essax-04-450x318.jpg 450w\" sizes=\"(max-width: 843px) 100vw, 843px\" \/><\/a><\/p>","protected":false},"excerpt":{"rendered":"<p>Elegir la talla correcta cuando compramos una bicicleta es algo que tenemos totalmente interiorizado, sabedores de la importancia que ello conlleva posteriormente durante su uso. Pero no podemos decir lo mismo sobre el sill\u00edn, un componente que muchos consideran secundario, y del que incluso muchos desconocen que se puede comprar con diferentes anchos. Aunque no [&hellip;]<\/p>","protected":false},"author":1,"featured_media":0,"parent":0,"menu_order":0,"comment_status":"closed","ping_status":"closed","template":"","meta":{"inline_featured_image":false,"footnotes":""},"class_list":["post-100794","page","type-page","status-publish","hentry"],"_links":{"self":[{"href":"https:\/\/essax.es\/fr\/wp-json\/wp\/v2\/pages\/100794"}],"collection":[{"href":"https:\/\/essax.es\/fr\/wp-json\/wp\/v2\/pages"}],"about":[{"href":"https:\/\/essax.es\/fr\/wp-json\/wp\/v2\/types\/page"}],"author":[{"embeddable":true,"href":"https:\/\/essax.es\/fr\/wp-json\/wp\/v2\/users\/1"}],"replies":[{"embeddable":true,"href":"https:\/\/essax.es\/fr\/wp-json\/wp\/v2\/comments?post=100794"}],"version-history":[{"count":16,"href":"https:\/\/essax.es\/fr\/wp-json\/wp\/v2\/pages\/100794\/revisions"}],"predecessor-version":[{"id":100858,"href":"https:\/\/essax.es\/fr\/wp-json\/wp\/v2\/pages\/100794\/revisions\/100858"}],"wp:attachment":[{"href":"https:\/\/essax.es\/fr\/wp-json\/wp\/v2\/media?parent=100794"}],"curies":[{"name":"wp","href":"https:\/\/api.w.org\/{rel}","templated":true}]}}