{"id":103490,"date":"2024-01-20T12:54:27","date_gmt":"2024-01-20T12:54:27","guid":{"rendered":"https:\/\/essax.es\/?page_id=103490"},"modified":"2025-04-14T13:05:10","modified_gmt":"2025-04-14T13:05:10","slug":"aviso-legal","status":"publish","type":"page","link":"https:\/\/essax.es\/fr\/aviso-legal","title":{"rendered":"Avis juridique"},"content":{"rendered":"<p>El presente aviso legal regula el uso del servicio prestado por ZYKLOO BUSINESS S.L. bajo su marca comercial Essax, en esta p\u00e1gina web, www.essax.es, con usted, el usuario que accede a \u00e9l.<\/p>\n<p><strong>PROPRI\u00c9T\u00c9 DU SITE WEB<\/strong><br \/>\nZYKLOO BUSINESS S.L., en cumplimiento de la ley 34\/2002, de 11 de julio, de Servicios de la Sociedad de la Informaci\u00f3n y Comercio Electr\u00f3nico (LSSI), le informa de los siguientes datos de titularidad del sitio web:<\/p>\n<p>Denominaci\u00f3n social: ZYKLOO BUSINESS S.L<br \/>\nCIF: B75437707<br \/>\nDomicilio social: Calle Lope de Vega, 48, Nave C, 03630 Sax (Alicante)<br \/>\nNum\u00e9ro de t\u00e9l\u00e9phone : 966 967 620<br \/>\nCourriel : info@essax.es<br \/>\nSite Internet : www.essax.es<\/p>\n<p><strong>OBJET<\/strong><br \/>\nZYKLOO BUSINESS S.L., informa que la p\u00e1gina web www.essax.es tiene como objeto informar al p\u00fablico general de los productos y servicios que realiza, utilizando esta p\u00e1gina para poder recibir solicitudes de compra de dichos productos.<\/p>\n<p><strong>LIENS VERS DES PAGES EXTERNES<\/strong><br \/>\nSur le site Essax, il peut y avoir des liens vers des pages de tiers. Essax n&#039;a aucun contr\u00f4le sur ces pages tierces, elle n&#039;est donc pas responsable du contenu, des services ou des liens qu&#039;elles proposent. L&#039;utilisateur sera responsable \u00e0 ses propres risques des connexions qu&#039;il effectue vers des sites tiers \u00e0 partir de la page Essax.<\/p>\n<p><strong>LOPD \u2013 POLITIQUE DE CONFIDENTIALIT\u00c9 DES DONN\u00c9ES PERSONNELLES<\/strong><br \/>\nEn cumplimiento de lo establecido en la Ley Org\u00e1nica 15\/1999, de 13 de diciembre, de Protecci\u00f3n de Datos de Car\u00e1cter Personal, ZYKLOO BUSINESS S.L. informa a sus clientes de que cuantos datos personales le faciliten ser\u00e1n incluidos en un fichero automatizado de datos de car\u00e1cter personal, creado y mantenido bajo la responsabilidad de ZYKLOO BUSINESS S.L..<\/p>\n<p>Le but de ce fichier est de faciliter le traitement des commandes et l&#039;envoi d&#039;offres commerciales, si l&#039;utilisateur l&#039;indique lors du processus d&#039;inscription ou d&#039;achat de produits, \u00e0 l&#039;avenir sur des produits et services susceptibles d&#039;int\u00e9resser nos clients.<\/p>\n<p>ZYKLOO BUSINESS S.L. garantiza la seguridad y confidencialidad de los datos facilitados. De este modo, se compromete al cumplimiento de su obligaci\u00f3n de secreto de los datos de car\u00e1cter personal y de su deber de guardarlos y adoptar todas las medidas necesarias para evitar su alteraci\u00f3n, p\u00e9rdida, tratamiento o uso no autorizado. Por lo tanto, toda la informaci\u00f3n sobre nuestros clientes no ser\u00e1 utilizada con prop\u00f3sitos comerciales ni ser\u00e1 cedida a terceros.<\/p>\n<p>Les clients d&#039;Essax peuvent \u00e0 tout moment exercer leurs droits d&#039;acc\u00e8s, de rectification, annulation et opposition, en le communiquant par email info@essax.es<\/p>\n<p><strong>PROPRI\u00c9T\u00c9 INTELLECTUELLE<\/strong><br \/>\nTodos los derechos de propiedad intelectual de los dise\u00f1os gr\u00e1ficos, textos, im\u00e1genes, aplicaciones software y dem\u00e1s contenidos de esta p\u00e1gina web son titularidad exclusiva de ZYKLOO BUSINESS S.L. o dispone de acuerdos con terceros mediante los cuales dispone de derechos su uso. Por lo tanto queda prohibida la reproducci\u00f3n, distribuci\u00f3n, transformaci\u00f3n y comunicaci\u00f3n p\u00fablica total o parcial de la p\u00e1gina web y de sus contenidos en otras p\u00e1ginas web, redes telem\u00e1ticas, medios o soportes anal\u00f3gicos, digitales o de cualquier otro tipo sin la autorizaci\u00f3n previa y por escrito de ZYKLOO BUSINESS S.L. y en su caso de terceros colaboradores.<\/p>\n<p>Tous les noms commerciaux ou marques de toute nature publi\u00e9s sur ce site Internet sont la propri\u00e9t\u00e9 de leurs propri\u00e9taires et sont prot\u00e9g\u00e9s par la loi.<\/p>\n<p><strong>MODIFICATIONS<\/strong><br \/>\nZYKLOO BUSINESS S.L. se reserva el derecho a actualizar, a\u00f1adir, modificar o suprimir cualquier contenido, informaci\u00f3n y servicio en la p\u00e1gina web como considere oportuno en cualquier momento sin previo aviso as\u00ed como a modificar los t\u00e9rminos y modificaciones de uso de la p\u00e1gina web.<\/p>\n<p><strong>CONDITION D&#039;UTILISATION<\/strong><br \/>\nIl vous est express\u00e9ment interdit, en tant qu&#039;utilisateur, d&#039;utiliser ce site Internet et les services propos\u00e9s de mani\u00e8re contraire \u00e0 la bonne foi, et notamment de mani\u00e8re non exhaustive.<\/p>\n<p>L&#039;utilisation contraire aux lois espagnoles, aux r\u00e9glementations de l&#039;Union europ\u00e9enne ou qui porte atteinte aux droits de tiers ou \u00e0 toute action portant atteinte \u00e0 la vie priv\u00e9e des personnes.<\/p>\n<p>La publication d&#039;informations sur d&#039;autres sites Internet, r\u00e9seaux t\u00e9l\u00e9matiques, m\u00e9dias analogiques ou num\u00e9riques faisant r\u00e9f\u00e9rence \u00e0 ce site Internet avec un contenu violent, obsc\u00e8ne, injurieux, ill\u00e9gal, racial, x\u00e9nophobe ou diffamatoire.<\/p>\n<p>L&#039;utilisation de messages ou de communications dans tout format ou support au nom d&#039;Essax.<\/p>\n<p>Spammer ou envoyer des e-mails massifs ind\u00e9sirables contre les serveurs sur lesquels se trouve le site Web ou vers des adresses e-mail Essax.<\/p>\n<p>Vous vous abstiendrez d&#039;utiliser les services du site Web \u00e0 des fins ou des effets ill\u00e9gaux, ou qui pourraient de quelque mani\u00e8re que ce soit endommager, d\u00e9sactiver, surcharger ou emp\u00eacher l&#039;utilisation normale des services offerts sur ce site Web.<\/p>\n<p><strong>RESPONSABILIT\u00c9S<\/strong><br \/>\nZYKLOO BUSINESS S.L. no se responsabiliza del mal funcionamiento de las l\u00edneas telef\u00f3nicas por las que se realizan las conexiones a internet.<\/p>\n<p>ZYKLOO BUSINESS S.L. no puede garantizar que la disponibilidad del servicio y de la p\u00e1gina web ser\u00e1 continua e ininterrumpida debido a problemas de la red de internet o en los servidores en los que se aloja la p\u00e1gina web.<\/p>\n<p>ZYKLOO BUSINESS S.L. no garantiza la inexistencia de errores en el acceso al sitio web, su contenidos, ni que \u00e9ste se encuentre actualizado aunque desarrollar\u00e1 sus mejores esfuerzos para evitarlos, subsanarlos o actualizarlos. Las fotos y especificaciones incluidas en este cat\u00e1logo online est\u00e1n sujetas a modificaciones sin previo aviso.<\/p>\n<p>ZYKLOO BUSINESS S.L. no se hace responsable de los posibles errores de seguridad que se puedan producir ni de los posibles da\u00f1os que puedan causarse en los sistemas inform\u00e1ticos del usuario, los ficheros almacenados en el mismo, como consecuencia de la presencia de virus en el ordenador del usuario utilizado para el uso de los servicios ofrecidos en esta p\u00e1gina web, de un mal funcionamiento del navegador o del uso de versiones no actualizadas de los mismos.<\/p>","protected":false},"excerpt":{"rendered":"<p>El presente aviso legal regula el uso del servicio prestado por ZYKLOO BUSINESS S.L. bajo su marca comercial Essax, en esta p\u00e1gina web, www.essax.es, con usted, el usuario que accede a \u00e9l. TITULARIDAD DEL SITIO WEB ZYKLOO BUSINESS S.L., en cumplimiento de la ley 34\/2002, de 11 de julio, de Servicios de la Sociedad de [&hellip;]<\/p>","protected":false},"author":1,"featured_media":0,"parent":0,"menu_order":0,"comment_status":"closed","ping_status":"closed","template":"","meta":{"inline_featured_image":false,"footnotes":""},"class_list":["post-103490","page","type-page","status-publish","hentry"],"_links":{"self":[{"href":"https:\/\/essax.es\/fr\/wp-json\/wp\/v2\/pages\/103490"}],"collection":[{"href":"https:\/\/essax.es\/fr\/wp-json\/wp\/v2\/pages"}],"about":[{"href":"https:\/\/essax.es\/fr\/wp-json\/wp\/v2\/types\/page"}],"author":[{"embeddable":true,"href":"https:\/\/essax.es\/fr\/wp-json\/wp\/v2\/users\/1"}],"replies":[{"embeddable":true,"href":"https:\/\/essax.es\/fr\/wp-json\/wp\/v2\/comments?post=103490"}],"version-history":[{"count":3,"href":"https:\/\/essax.es\/fr\/wp-json\/wp\/v2\/pages\/103490\/revisions"}],"predecessor-version":[{"id":104416,"href":"https:\/\/essax.es\/fr\/wp-json\/wp\/v2\/pages\/103490\/revisions\/104416"}],"wp:attachment":[{"href":"https:\/\/essax.es\/fr\/wp-json\/wp\/v2\/media?parent=103490"}],"curies":[{"name":"wp","href":"https:\/\/api.w.org\/{rel}","templated":true}]}}