{"id":100017,"date":"2020-08-10T07:31:20","date_gmt":"2020-08-10T07:31:20","guid":{"rendered":"https:\/\/essax.es\/?post_type=product&#038;p=100017"},"modified":"2024-07-22T08:51:02","modified_gmt":"2024-07-22T08:51:02","slug":"fxd-acero","status":"publish","type":"product","link":"https:\/\/essax.es\/fr\/product\/fxd-acero","title":{"rendered":"Selle de v\u00e9lo \u2013 Acier \u2013 280 gr. \u2013Mod.FXD"},"content":{"rendered":"<p>Si vous souhaitez passer inaper\u00e7u, nous sommes d\u00e9sol\u00e9s, mais ce n&#039;est pas votre selle. Au contraire, si vous souhaitez valoriser votre style, et en faire une extension de votre personnalit\u00e9, vous avez mis le doigt sur la t\u00eate. Sp\u00e9cialement con\u00e7u pour un usage urbain.<\/p>","protected":false},"excerpt":{"rendered":"<p>Si vous souhaitez passer inaper\u00e7u, nous sommes d\u00e9sol\u00e9s, mais ce n&#039;est pas votre selle. Au contraire, si vous souhaitez valoriser votre style, et en faire une extension de votre personnalit\u00e9, vous avez mis le doigt sur la t\u00eate. Sp\u00e9cialement con\u00e7u pour un usage urbain.<\/p>","protected":false},"featured_media":100019,"comment_status":"open","ping_status":"closed","template":"","meta":{"inline_featured_image":false},"product_brand":[],"product_cat":[158],"product_tag":[175,204,227,226,228,225,203],"class_list":{"0":"post-100017","1":"product","2":"type-product","3":"status-publish","4":"has-post-thumbnail","6":"product_cat-outlet","7":"product_tag-carretera","8":"product_tag-city","9":"product_tag-fixed-gear","10":"product_tag-fixie","11":"product_tag-fucsia","12":"product_tag-fxd","13":"product_tag-urban","14":"pa_ancho-135-mm","15":"pa_color-rosa","16":"pa_rail-acero","18":"first","19":"instock","20":"sale","21":"taxable","22":"shipping-taxable","23":"purchasable","24":"product-type-variable"},"exclude_global_add_ons":[],"addons":[],"_links":{"self":[{"href":"https:\/\/essax.es\/fr\/wp-json\/wp\/v2\/product\/100017"}],"collection":[{"href":"https:\/\/essax.es\/fr\/wp-json\/wp\/v2\/product"}],"about":[{"href":"https:\/\/essax.es\/fr\/wp-json\/wp\/v2\/types\/product"}],"replies":[{"embeddable":true,"href":"https:\/\/essax.es\/fr\/wp-json\/wp\/v2\/comments?post=100017"}],"wp:featuredmedia":[{"embeddable":true,"href":"https:\/\/essax.es\/fr\/wp-json\/wp\/v2\/media\/100019"}],"wp:attachment":[{"href":"https:\/\/essax.es\/fr\/wp-json\/wp\/v2\/media?parent=100017"}],"wp:term":[{"taxonomy":"product_brand","embeddable":true,"href":"https:\/\/essax.es\/fr\/wp-json\/wp\/v2\/product_brand?post=100017"},{"taxonomy":"product_cat","embeddable":true,"href":"https:\/\/essax.es\/fr\/wp-json\/wp\/v2\/product_cat?post=100017"},{"taxonomy":"product_tag","embeddable":true,"href":"https:\/\/essax.es\/fr\/wp-json\/wp\/v2\/product_tag?post=100017"}],"curies":[{"name":"wp","href":"https:\/\/api.w.org\/{rel}","templated":true}]}}