{"id":100040,"date":"2020-08-10T08:02:27","date_gmt":"2020-08-10T08:02:27","guid":{"rendered":"https:\/\/essax.es\/?post_type=product&#038;p=100040"},"modified":"2024-09-15T09:30:17","modified_gmt":"2024-09-15T09:30:17","slug":"adrenaline-r-fluor-limited-edition-cromo","status":"publish","type":"product","link":"https:\/\/essax.es\/fr\/product\/adrenaline-r-fluor-limited-edition-cromo","title":{"rendered":"Selle de v\u00e9lo de route \u2013 Chrome \u2013 180 gr. \u2013 Mod.Adr\u00e9naline R Fluor \u00c9dition Limit\u00e9e"},"content":{"rendered":"<p>Nous sommes sans aucun doute confront\u00e9s au produit phare de la marque, le mod\u00e8le le plus vendu de notre catalogue au cours de nos 13 ann\u00e9es d&#039;existence, et de loin.<\/p>\n<p>Son grand nombre de combinaisons en termes de couleurs, branches et largeurs, en plus d&#039;une am\u00e9lioration formelle continue ann\u00e9e apr\u00e8s ann\u00e9e, ont fait de l&#039;Adrenaline R la selle pr\u00e9f\u00e9r\u00e9e de la 99% des cyclistes et des \u00e9quipes sponsoris\u00e9s tout au long de cette p\u00e9riode ; il doit y avoir une raison\u2026<\/p>\n<p>La Fluor Limited Edition \u00e9tait une gamme de selles tr\u00e8s sp\u00e9ciale qui a eu un grand impact \u00e0 l&#039;\u00e9poque dans diff\u00e9rents m\u00e9dias. Toutes derni\u00e8res unit\u00e9s ! Ne manquez pas le v\u00f4tre !<\/p>\n<h4>La selle chrom\u00e9e la plus vendue du march\u00e9, d\u00e9sormais en \u00e9ditions limit\u00e9es<\/h4>\n<p>Il <strong>Selle Adrenaline R Fluor \u00c9dition Limit\u00e9e<\/strong> C&#039;est le r\u00e9sultat de la combinaison parfaite entre innovation, qualit\u00e9 et style. Fabriqu\u00e9e \u00e0 la main en Espagne, cette selle repr\u00e9sente l&#039;aboutissement d&#039;ann\u00e9es d&#039;exp\u00e9rience et de d\u00e9vouement dans la fabrication de composants de v\u00e9lo haute performance.<\/p>\n<h4>Des fonctionnalit\u00e9s haut de gamme<\/h4>\n<p>Pesant seulement 180 grammes, l&#039;Adrenaline R Fluor Limited Edition rivalise avec les mod\u00e8les les plus prestigieux et les plus chers de marques telles que Selle Italia et Prologo, offrant les m\u00eames fonctionnalit\u00e9s \u00e0 un prix beaucoup plus accessible. Son design ergonomique et les mat\u00e9riaux de haute qualit\u00e9 utilis\u00e9s dans sa fabrication garantissent une exp\u00e9rience cycliste confortable et efficace.<\/p>\n<h4>Conception et mat\u00e9riaux<\/h4>\n<p>L&#039;Adrenaline R Fluor Limited Edition se distingue non seulement par sa l\u00e9g\u00e8ret\u00e9, mais aussi par sa robustesse et sa durabilit\u00e9. Les rails chrom\u00e9s offrent une excellente r\u00e9sistance et flexibilit\u00e9, tandis que la housse en microfibre antid\u00e9rapante assure une position stable et confortable tout au long du parcours.<\/p>\n<h4>\u00c9dition limit\u00e9e<\/h4>\n<p>Cette \u00e9dition limit\u00e9e de l&#039;Adrenaline R Fluor est une opportunit\u00e9 unique pour les cyclistes \u00e0 la recherche d&#039;une selle exclusive et de qualit\u00e9. Avec peu d&#039;unit\u00e9s \u00e0 vendre, ce mod\u00e8le devient une pi\u00e8ce convoit\u00e9e par les amateurs et professionnels du cyclisme. Son design de couleur fluorescente ajoute non seulement une touche de style et de distinction, mais am\u00e9liore \u00e9galement la visibilit\u00e9 et la s\u00e9curit\u00e9 sur la route.<\/p>\n<h4>Fabriqu\u00e9 en Espagne<\/h4>\n<p>Chaque selle Adrenaline R Fluor Limited Edition est fabriqu\u00e9e \u00e0 la main en Espagne, selon les normes de qualit\u00e9 les plus \u00e9lev\u00e9es. Ce processus artisanal garantit une attention m\u00e9ticuleuse \u00e0 chaque d\u00e9tail, aboutissant \u00e0 un produit final qui d\u00e9passe les attentes des cyclistes les plus exigeants.<\/p>\n<h4>Confort et performances<\/h4>\n<p>L&#039;Adrenaline R Fluor est con\u00e7ue pour offrir un confort sup\u00e9rieur lors des sorties les plus longues et les plus exigeantes. La mousse haute densit\u00e9 s&#039;adapte \u00e0 l&#039;anatomie du cycliste, r\u00e9partissant uniform\u00e9ment la pression et r\u00e9duisant les points douloureux. De plus, sa conception ergonomique et a\u00e9rodynamique permet une plus grande efficacit\u00e9 de p\u00e9dalage, am\u00e9liorant ainsi les performances \u00e0 chaque kilom\u00e8tre.<\/p>\n<h4>Comparaison avec les grandes marques<\/h4>\n<p>Malgr\u00e9 son prix comp\u00e9titif, l&#039;Adrenaline R Fluor Limited Edition n&#039;a rien \u00e0 envier aux mod\u00e8les Selle Italia ou Prologo. En fait, sa combinaison de l\u00e9g\u00e8ret\u00e9, de durabilit\u00e9 et de confort en fait une option privil\u00e9gi\u00e9e parmi les cyclistes qui recherchent le meilleur sans avoir \u00e0 payer plus.<\/p>\n<h3>conclusion<\/h3>\n<p>Si vous recherchez une selle alliant qualit\u00e9, exclusivit\u00e9 et performance, la <strong>Adr\u00e9naline R Fluor \u00c9dition Limit\u00e9e<\/strong> C&#039;est le choix parfait. Profitez de cette opportunit\u00e9 unique et obtenez l&#039;une des derni\u00e8res selles disponibles dans cette \u00e9dition limit\u00e9e. Ne manquez pas l&#039;occasion d&#039;am\u00e9liorer votre exp\u00e9rience sur deux roues avec une selle fabriqu\u00e9e \u00e0 la main en Espagne, con\u00e7ue pour \u00e9galer et surpasser les mod\u00e8les les plus chers du march\u00e9. Choisissez Adrenaline R Fluor Limited Edition et faites passer votre cyclisme au niveau sup\u00e9rieur !<\/p>","protected":false},"excerpt":{"rendered":"<p>Nous sommes sans aucun doute confront\u00e9s au produit phare de la marque, le mod\u00e8le le plus vendu de notre catalogue au cours de nos 13 ann\u00e9es d&#039;existence, et de loin. Son grand nombre de combinaisons en termes de couleurs, branches et largeurs, en plus d&#039;une am\u00e9lioration formelle continue ann\u00e9e apr\u00e8s ann\u00e9e, ont fait de l&#039;Adrenaline [\u2026]<\/p>","protected":false},"featured_media":100043,"comment_status":"open","ping_status":"closed","template":"","meta":{"inline_featured_image":false},"product_brand":[],"product_cat":[158],"product_tag":[149,150,231,230,232,152,151],"class_list":{"0":"post-100040","1":"product","2":"type-product","3":"status-publish","4":"has-post-thumbnail","6":"product_cat-outlet","7":"product_tag-adrenaline","8":"product_tag-adrenaline-r","9":"product_tag-amarillo","10":"product_tag-fluor","11":"product_tag-fluor-limited-edition","12":"product_tag-road-saddle","13":"product_tag-sillin-carretera","14":"pa_ancho-130-mm","15":"pa_ancho-142-mm","16":"pa_color-amarillo","17":"pa_rail-cromo","19":"first","20":"instock","21":"sale","22":"taxable","23":"shipping-taxable","24":"purchasable","25":"product-type-variable"},"exclude_global_add_ons":[],"addons":[],"_links":{"self":[{"href":"https:\/\/essax.es\/fr\/wp-json\/wp\/v2\/product\/100040"}],"collection":[{"href":"https:\/\/essax.es\/fr\/wp-json\/wp\/v2\/product"}],"about":[{"href":"https:\/\/essax.es\/fr\/wp-json\/wp\/v2\/types\/product"}],"replies":[{"embeddable":true,"href":"https:\/\/essax.es\/fr\/wp-json\/wp\/v2\/comments?post=100040"}],"wp:featuredmedia":[{"embeddable":true,"href":"https:\/\/essax.es\/fr\/wp-json\/wp\/v2\/media\/100043"}],"wp:attachment":[{"href":"https:\/\/essax.es\/fr\/wp-json\/wp\/v2\/media?parent=100040"}],"wp:term":[{"taxonomy":"product_brand","embeddable":true,"href":"https:\/\/essax.es\/fr\/wp-json\/wp\/v2\/product_brand?post=100040"},{"taxonomy":"product_cat","embeddable":true,"href":"https:\/\/essax.es\/fr\/wp-json\/wp\/v2\/product_cat?post=100040"},{"taxonomy":"product_tag","embeddable":true,"href":"https:\/\/essax.es\/fr\/wp-json\/wp\/v2\/product_tag?post=100040"}],"curies":[{"name":"wp","href":"https:\/\/api.w.org\/{rel}","templated":true}]}}