{"id":100057,"date":"2020-08-10T08:41:32","date_gmt":"2020-08-10T08:41:32","guid":{"rendered":"https:\/\/essax.es\/?post_type=product&#038;p=100057"},"modified":"2025-02-02T09:42:39","modified_gmt":"2025-02-02T09:42:39","slug":"extreme-cromo-nobuck","status":"publish","type":"product","link":"https:\/\/essax.es\/fr\/product\/extreme-cromo-nobuck","title":{"rendered":"Selle de v\u00e9lo \u2013 Chrome \u2013 Nubuck \u2013 190 gr. \u2013Mod.Extr\u00eame"},"content":{"rendered":"<p>Extreme est ce que vous recherchez pour le VTT ou le gravel si vous souhaitez un mod\u00e8le \u00e0 amortissement moyen, mais avec toutes les \u00e9volutions, am\u00e9liorations, tests et retours de professionnels h\u00e9rit\u00e9s du mod\u00e8le sup\u00e9rieur Adrenaline XC.<\/p>\n<p>Mais que tout cela ne vous embrouille pas, car il s&#039;agit toujours d&#039;une selle tr\u00e8s technique et avanc\u00e9e, que de nombreux cyclistes utilisent dans les grandes comp\u00e9titions, et qui est sp\u00e9cialement con\u00e7ue pour ceux qui p\u00e9nalisent un peu la l\u00e9g\u00e8ret\u00e9 en \u00e9change de s&#039;asseoir sur une surface l\u00e9g\u00e8rement plus l\u00e9g\u00e8re. . duveteux<\/p>","protected":false},"excerpt":{"rendered":"<p>Extreme es lo que est\u00e1s buscando para mtb o gravel si lo que quieres es un modelo de acolchado medio, pero con todas las evoluciones, mejoras, tests y feedback de los profesionales heredados del modelo superior Adrenaline XC. Pero que todo esto no te confunda, porque sigue trat\u00e1ndose de un sill\u00edn muy t\u00e9cnico y avanzado, [&hellip;]<\/p>","protected":false},"featured_media":100067,"comment_status":"open","ping_status":"closed","template":"","meta":{"inline_featured_image":false},"product_brand":[],"product_cat":[158],"product_tag":[195,194,192,191],"class_list":{"0":"post-100057","1":"product","2":"type-product","3":"status-publish","4":"has-post-thumbnail","6":"product_cat-outlet","7":"product_tag-btt","8":"product_tag-extreme","9":"product_tag-gravel","10":"product_tag-mtb","11":"pa_ancho-132-mm","12":"pa_ancho-142-mm","13":"pa_color-amarillo","14":"pa_rail-cromo","16":"first","17":"outofstock","18":"sale","19":"taxable","20":"shipping-taxable","21":"purchasable","22":"product-type-variable"},"exclude_global_add_ons":[],"addons":[],"_links":{"self":[{"href":"https:\/\/essax.es\/fr\/wp-json\/wp\/v2\/product\/100057"}],"collection":[{"href":"https:\/\/essax.es\/fr\/wp-json\/wp\/v2\/product"}],"about":[{"href":"https:\/\/essax.es\/fr\/wp-json\/wp\/v2\/types\/product"}],"replies":[{"embeddable":true,"href":"https:\/\/essax.es\/fr\/wp-json\/wp\/v2\/comments?post=100057"}],"wp:featuredmedia":[{"embeddable":true,"href":"https:\/\/essax.es\/fr\/wp-json\/wp\/v2\/media\/100067"}],"wp:attachment":[{"href":"https:\/\/essax.es\/fr\/wp-json\/wp\/v2\/media?parent=100057"}],"wp:term":[{"taxonomy":"product_brand","embeddable":true,"href":"https:\/\/essax.es\/fr\/wp-json\/wp\/v2\/product_brand?post=100057"},{"taxonomy":"product_cat","embeddable":true,"href":"https:\/\/essax.es\/fr\/wp-json\/wp\/v2\/product_cat?post=100057"},{"taxonomy":"product_tag","embeddable":true,"href":"https:\/\/essax.es\/fr\/wp-json\/wp\/v2\/product_tag?post=100057"}],"curies":[{"name":"wp","href":"https:\/\/api.w.org\/{rel}","templated":true}]}}