{"id":100090,"date":"2020-08-10T09:03:41","date_gmt":"2020-08-10T09:03:41","guid":{"rendered":"https:\/\/essax.es\/?post_type=product&#038;p=100090"},"modified":"2024-11-04T09:52:30","modified_gmt":"2024-11-04T09:52:30","slug":"adrenaline-xc-fluor-limited-edition-titanio","status":"publish","type":"product","link":"https:\/\/essax.es\/fr\/product\/adrenaline-xc-fluor-limited-edition-titanio","title":{"rendered":"Selle de v\u00e9lo \u2013 Titane \u2013 155 gr. \u2013 Mod.Adr\u00e9naline XC Fluor \u00c9dition Limit\u00e9e"},"content":{"rendered":"<p>Le produit phare de la marque, mod\u00e8le le plus vendu de notre catalogue au cours de nos 13 ann\u00e9es d&#039;existence, ne pouvait manquer d&#039;avoir sa version pour vtt et gravel.<\/p>\n<p>Au grand nombre de combinaisons en termes de couleurs, de branches et de largeurs, en plus d&#039;une am\u00e9lioration formelle continue ann\u00e9e apr\u00e8s ann\u00e9e comme la version route, il faut ajouter les renforts lat\u00e9raux en Kevlar, pour le prot\u00e9ger des chutes in\u00e9vitables dans ces disciplines et. offrir une dur\u00e9e de vie utile plus longue.<\/p>\n<p>La Fluor Limited Edition \u00e9tait une gamme de selles tr\u00e8s sp\u00e9ciale qui a eu un grand impact \u00e0 l&#039;\u00e9poque dans diff\u00e9rents m\u00e9dias. Toutes derni\u00e8res unit\u00e9s ! Ne manquez pas le v\u00f4tre !<\/p>","protected":false},"excerpt":{"rendered":"<p>El buque insignia de la marca, el modelo m\u00e1s vendido de nuestro cat\u00e1logo en nuestros 13 a\u00f1os de vida, no pod\u00eda dejar de tener su versi\u00f3n para mtb y gravel. A la gran cantidad de combinaciones en cuanto a colores, varillas y anchos, adem\u00e1s de una continua mejora formal a\u00f1o tras a\u00f1o al igual que [&hellip;]<\/p>","protected":false},"featured_media":100100,"comment_status":"open","ping_status":"closed","template":"","meta":{"inline_featured_image":false},"product_brand":[],"product_cat":[158],"product_tag":[149,189,193,230,232,192,191,190],"class_list":{"0":"post-100090","1":"product","2":"type-product","3":"status-publish","4":"has-post-thumbnail","6":"product_cat-outlet","7":"product_tag-adrenaline","8":"product_tag-adrenaline-xc","9":"product_tag-ciclocross","10":"product_tag-fluor","11":"product_tag-fluor-limited-edition","12":"product_tag-gravel","13":"product_tag-mtb","14":"product_tag-xc","15":"pa_ancho-130-mm","16":"pa_ancho-142-mm","17":"pa_color-amarillo","18":"pa_color-naranja","19":"pa_color-verde","20":"pa_rail-titanio","22":"first","23":"instock","24":"sale","25":"taxable","26":"shipping-taxable","27":"purchasable","28":"product-type-variable"},"exclude_global_add_ons":[],"addons":[],"_links":{"self":[{"href":"https:\/\/essax.es\/fr\/wp-json\/wp\/v2\/product\/100090"}],"collection":[{"href":"https:\/\/essax.es\/fr\/wp-json\/wp\/v2\/product"}],"about":[{"href":"https:\/\/essax.es\/fr\/wp-json\/wp\/v2\/types\/product"}],"replies":[{"embeddable":true,"href":"https:\/\/essax.es\/fr\/wp-json\/wp\/v2\/comments?post=100090"}],"wp:featuredmedia":[{"embeddable":true,"href":"https:\/\/essax.es\/fr\/wp-json\/wp\/v2\/media\/100100"}],"wp:attachment":[{"href":"https:\/\/essax.es\/fr\/wp-json\/wp\/v2\/media?parent=100090"}],"wp:term":[{"taxonomy":"product_brand","embeddable":true,"href":"https:\/\/essax.es\/fr\/wp-json\/wp\/v2\/product_brand?post=100090"},{"taxonomy":"product_cat","embeddable":true,"href":"https:\/\/essax.es\/fr\/wp-json\/wp\/v2\/product_cat?post=100090"},{"taxonomy":"product_tag","embeddable":true,"href":"https:\/\/essax.es\/fr\/wp-json\/wp\/v2\/product_tag?post=100090"}],"curies":[{"name":"wp","href":"https:\/\/api.w.org\/{rel}","templated":true}]}}