{"id":101634,"date":"2022-01-27T07:04:24","date_gmt":"2022-01-27T07:04:24","guid":{"rendered":"https:\/\/essax.es\/?post_type=product&#038;p=101634"},"modified":"2026-04-22T04:46:33","modified_gmt":"2026-04-22T04:46:33","slug":"eon-cromo","status":"publish","type":"product","link":"https:\/\/essax.es\/fr\/product\/eon-cromo","title":{"rendered":"Selle de v\u00e9lo route\/VTT \u2013 Chrome \u2013 200 gr \u2013 Mod."},"content":{"rendered":"<p><a href=\"https:\/\/essax.es\/wp-content\/uploads\/2022\/01\/JSG7368-scaled.jpg\"><img fetchpriority=\"high\" decoding=\"async\" class=\"alignright size-medium wp-image-101997\" src=\"https:\/\/essax.es\/wp-content\/uploads\/2022\/01\/JSG7368-200x300.jpg\" alt=\"\" width=\"200\" height=\"300\" \/><\/a>Dans la mythologie grecque, Aeon est le dieu de l&#039;\u00e9ternit\u00e9, qui ne contemple pas d&#039;objectifs ou de plans, mais promeut plut\u00f4t une action qui a un sens en soi. Le \u00ab\u00a0maintenant\u00a0\u00bb. Le \u00ab fais-le \u00bb. Il commence&quot;. Ce n\u2019est pas en vain qu\u2019il est le dieu que Machado invoque en disant : \u00ab Marcheur, il n\u2019y a pas de chemin, le chemin se fait en marchant \u00bb.<\/p>\n<p>Et le nom choisi pour notre nouvelle selle n&#039;est pas un hasard. E\u00f3n est con\u00e7u pour vous, quel que soit votre sexe, votre niveau ou votre discipline cycliste. Il s\u2019adresse \u00e0 ceux pour qui la fin n\u2019est pas aussi importante que le chemin parcouru avant d\u2019y parvenir.<\/p>\n<p>E\u00f3n est l&#039;un des mod\u00e8les les plus avanc\u00e9s sortis de notre usine \u00e0 ce jour, qui a n\u00e9cessit\u00e9 des centaines d&#039;\u00e9tudes biom\u00e9caniques, de traces de pression, de tests de qualit\u00e9 et de tests de comp\u00e9tition. Son design et son ergonomie ont \u00e9t\u00e9 minutieusement \u00e9tudi\u00e9s depuis deux ans pour s&#039;adapter \u00e0 tout type de physionomie. Le grand d\u00e9fi de son d\u00e9veloppement a \u00e9t\u00e9 d&#039;assurer une bonne circulation sanguine dans la zone p\u00e9rin\u00e9ale pendant le p\u00e9dalage. Ceci a \u00e9t\u00e9 r\u00e9alis\u00e9 en combinant une plus grande largeur (145 mm) pour une meilleure r\u00e9partition du poids, une longueur de selle plus courte, l&#039;espace central et l&#039;ensemble du canal longitudinal.<\/p>","protected":false},"excerpt":{"rendered":"<p>En la mitolog\u00eda griega, E\u00f3n es el dios de la eternidad, que no contempla ni los objetivos ni los planes, sino que promueve la acci\u00f3n que tenga sentido en s\u00ed misma. El &#8220;ahora&#8221;. El &#8220;hazlo&#8221;. El &#8220;empieza&#8221;. No en vano, es el dios que invocaba Machado en aquel &#8220;Caminante no hay camino, se hace camino [&hellip;]<\/p>","protected":false},"featured_media":101992,"comment_status":"open","ping_status":"closed","template":"","meta":{"inline_featured_image":false},"product_brand":[],"product_cat":[153,245,599,154],"product_tag":[284,281,282,152,151],"class_list":{"0":"post-101634","1":"product","2":"type-product","3":"status-publish","4":"has-post-thumbnail","6":"product_cat-sillines-carretera","7":"product_cat-essax-destacados","8":"product_cat-sillin-carretera-eon","9":"product_cat-mtb-gravel","10":"product_tag-cromo","11":"product_tag-eon","12":"product_tag-essax-eon","13":"product_tag-road-saddle","14":"product_tag-sillin-carretera","15":"pa_ancho-145-mm","16":"pa_ancho-155-mm","17":"pa_color-negro-negro","18":"pa_rail-cromo","20":"first","21":"instock","22":"featured","23":"taxable","24":"shipping-taxable","25":"purchasable","26":"product-type-variable"},"exclude_global_add_ons":[],"addons":[],"_links":{"self":[{"href":"https:\/\/essax.es\/fr\/wp-json\/wp\/v2\/product\/101634"}],"collection":[{"href":"https:\/\/essax.es\/fr\/wp-json\/wp\/v2\/product"}],"about":[{"href":"https:\/\/essax.es\/fr\/wp-json\/wp\/v2\/types\/product"}],"replies":[{"embeddable":true,"href":"https:\/\/essax.es\/fr\/wp-json\/wp\/v2\/comments?post=101634"}],"wp:featuredmedia":[{"embeddable":true,"href":"https:\/\/essax.es\/fr\/wp-json\/wp\/v2\/media\/101992"}],"wp:attachment":[{"href":"https:\/\/essax.es\/fr\/wp-json\/wp\/v2\/media?parent=101634"}],"wp:term":[{"taxonomy":"product_brand","embeddable":true,"href":"https:\/\/essax.es\/fr\/wp-json\/wp\/v2\/product_brand?post=101634"},{"taxonomy":"product_cat","embeddable":true,"href":"https:\/\/essax.es\/fr\/wp-json\/wp\/v2\/product_cat?post=101634"},{"taxonomy":"product_tag","embeddable":true,"href":"https:\/\/essax.es\/fr\/wp-json\/wp\/v2\/product_tag?post=101634"}],"curies":[{"name":"wp","href":"https:\/\/api.w.org\/{rel}","templated":true}]}}