{"id":101644,"date":"2022-01-27T09:16:51","date_gmt":"2022-01-27T09:16:51","guid":{"rendered":"https:\/\/essax.es\/?post_type=product&#038;p=101644"},"modified":"2024-10-14T07:49:33","modified_gmt":"2024-10-14T07:49:33","slug":"maigmo-evo-cromo","status":"publish","type":"product","link":"https:\/\/essax.es\/fr\/product\/maigmo-evo-cromo","title":{"rendered":"Selle de v\u00e9lo VTT \u2013 Chrome \u2013 214 gr \u2013 Mod."},"content":{"rendered":"<p><img fetchpriority=\"high\" decoding=\"async\" class=\"alignright size-medium wp-image-101643\" src=\"https:\/\/essax.es\/wp-content\/uploads\/2022\/01\/essax-maigmo-evo-sillin-saddle-4-300x253.jpg\" alt=\"essax maigmo evo sillin saddle 4\" width=\"300\" height=\"253\" srcset=\"https:\/\/essax.es\/wp-content\/uploads\/2022\/01\/essax-maigmo-evo-sillin-saddle-4-300x253.jpg 300w, https:\/\/essax.es\/wp-content\/uploads\/2022\/01\/essax-maigmo-evo-sillin-saddle-4-14x12.jpg 14w, https:\/\/essax.es\/wp-content\/uploads\/2022\/01\/essax-maigmo-evo-sillin-saddle-4-768x648.jpg 768w, https:\/\/essax.es\/wp-content\/uploads\/2022\/01\/essax-maigmo-evo-sillin-saddle-4-769x649.jpg 769w, https:\/\/essax.es\/wp-content\/uploads\/2022\/01\/essax-maigmo-evo-sillin-saddle-4-84x71.jpg 84w, https:\/\/essax.es\/wp-content\/uploads\/2022\/01\/essax-maigmo-evo-sillin-saddle-4-200x169.jpg 200w, https:\/\/essax.es\/wp-content\/uploads\/2022\/01\/essax-maigmo-evo-sillin-saddle-4-450x380.jpg 450w, https:\/\/essax.es\/wp-content\/uploads\/2022\/01\/essax-maigmo-evo-sillin-saddle-4.jpg 800w\" sizes=\"(max-width: 300px) 100vw, 300px\" \/>Chaque jour, nous nous rendons \u00e0 nos bureaux, nous avons la chance de voir \u00e0 travers les fen\u00eatres des vues impressionnantes sur le parc naturel du massif de Maigm\u00f3, un colosse omnipr\u00e9sent dans une grande partie de la province d&#039;Alicante, sur les pentes et les sentiers duquel nous profitons chaque jour de notre passion. . en VTT dans un emplacement totalement privil\u00e9gi\u00e9.<\/p>\n<p>C&#039;est pr\u00e9cis\u00e9ment ici que, ces derniers mois, nous avons test\u00e9 et d\u00e9velopp\u00e9 notre nouveau mod\u00e8le Maigm\u00f3 EVO. Une selle sp\u00e9cialement con\u00e7ue pour la pratique du VTTAE, une discipline cycliste qui a connu une v\u00e9ritable explosion du nombre de pratiquants ces derni\u00e8res ann\u00e9es, attir\u00e9s par cette aide suppl\u00e9mentaire que leur apporte le moteur \u00e9lectrique pour profiter beaucoup plus longtemps des p\u00e9dales.<\/p>\n<p>Ce temps plus long sur le v\u00e9lo a encourag\u00e9 ses utilisateurs \u00e0 oser affronter des rampes de plus en plus raides et exigeantes ; facteurs qui ont d\u00e9termin\u00e9 que nous avons cr\u00e9\u00e9 une conception avec une partie plus haute, avec une rampe de support qui permet d&#039;\u00e9conomiser de la force et d&#039;\u00e9viter de glisser vers l&#039;arri\u00e8re sur ce type de terrain.<\/p>","protected":false},"excerpt":{"rendered":"<p>Chaque jour, nous nous rendons \u00e0 nos bureaux, nous avons la chance de voir \u00e0 travers les fen\u00eatres des vues impressionnantes sur le parc naturel du massif de Maigm\u00f3, un colosse omnipr\u00e9sent dans une grande partie de la province d&#039;Alicante, sur les pentes et les sentiers duquel nous profitons chaque jour de notre passion. . en VTT dans un emplacement totalement privil\u00e9gi\u00e9. [\u2026]<\/p>","protected":false},"featured_media":101639,"comment_status":"open","ping_status":"closed","template":"","meta":{"inline_featured_image":false},"product_brand":[],"product_cat":[158],"product_tag":[288,285,286,287,191],"class_list":{"0":"post-101644","1":"product","2":"type-product","3":"status-publish","4":"has-post-thumbnail","6":"product_cat-outlet","7":"product_tag-emtb","8":"product_tag-maigmo","9":"product_tag-maigmo-evo","10":"product_tag-montana","11":"product_tag-mtb","12":"pa_ancho-135-mm","13":"pa_color-negro-negro","14":"pa_rail-cromo","16":"first","17":"instock","18":"sale","19":"taxable","20":"shipping-taxable","21":"purchasable","22":"product-type-simple"},"exclude_global_add_ons":[],"addons":[],"_links":{"self":[{"href":"https:\/\/essax.es\/fr\/wp-json\/wp\/v2\/product\/101644"}],"collection":[{"href":"https:\/\/essax.es\/fr\/wp-json\/wp\/v2\/product"}],"about":[{"href":"https:\/\/essax.es\/fr\/wp-json\/wp\/v2\/types\/product"}],"replies":[{"embeddable":true,"href":"https:\/\/essax.es\/fr\/wp-json\/wp\/v2\/comments?post=101644"}],"wp:featuredmedia":[{"embeddable":true,"href":"https:\/\/essax.es\/fr\/wp-json\/wp\/v2\/media\/101639"}],"wp:attachment":[{"href":"https:\/\/essax.es\/fr\/wp-json\/wp\/v2\/media?parent=101644"}],"wp:term":[{"taxonomy":"product_brand","embeddable":true,"href":"https:\/\/essax.es\/fr\/wp-json\/wp\/v2\/product_brand?post=101644"},{"taxonomy":"product_cat","embeddable":true,"href":"https:\/\/essax.es\/fr\/wp-json\/wp\/v2\/product_cat?post=101644"},{"taxonomy":"product_tag","embeddable":true,"href":"https:\/\/essax.es\/fr\/wp-json\/wp\/v2\/product_tag?post=101644"}],"curies":[{"name":"wp","href":"https:\/\/api.w.org\/{rel}","templated":true}]}}