{"id":101666,"date":"2022-02-23T17:30:10","date_gmt":"2022-02-23T17:30:10","guid":{"rendered":"https:\/\/essax.es\/product\/import-placeholder-for-101196"},"modified":"2026-04-03T09:16:18","modified_gmt":"2026-04-03T09:16:18","slug":"boira-plus-cromo-190-gr","status":"publish","type":"product","link":"https:\/\/essax.es\/fr\/product\/boira-plus-cromo-190-gr","title":{"rendered":"Boira Plus &#8211; Cromo &#8211; 190 gr"},"content":{"rendered":"<p><strong><span style=\"font-size: 18pt;\">\u00bfPor qu\u00e9 un sill\u00edn sin punta?<br \/>\n<\/span><\/strong><br \/>\nCualquier persona que utiliza la bicicleta bicicleta, por ocio, para un uso deportivo o como parte de su trabajo, puede estar en riesgo de sufrir entumecimiento genital o problemas sexuales o de salud reproductiva m\u00e1s graves debido a la presi\u00f3n que el sill\u00edn de la bicicleta tradicional ejerce en la ingle (perineo).<\/p>\n<p>Numerosos estudios realizados por instituciones de reconocido prestigio, han demostrado la eficacia de los sillines de bicicleta sin punta (o nariz) para reducir la presi\u00f3n en la ingle y mejorar la salud. Aunque la mayor\u00eda de las personas a los que van destinados son hombres, estudios recientes parecen indicar que las mujeres tambi\u00e9n podr\u00edan beneficiarse de los sillines sin punta.<\/p>\n<p>Un claro ejemplo es el del Instituto Nacional para la Seguridad y Salud Ocupacional (NIOSH en sus siglas en ingl\u00e9s), una agencia federal de los Estados Unidos encargada de realizar investigaciones y recomendaciones para la prevenci\u00f3n de enfermedades y lesiones relacionadas con el trabajo.<\/p>\n<p>Ante casos de trabajadores que usan la bicicleta como parte de su trabajo, y que pod\u00edan estar en riesgo de sufrir entumecimiento genital o problemas sexuales o de salud reproductiva m\u00e1s graves debido a la presi\u00f3n que el sill\u00edn de la bicicleta tradicional ejerce en la ingle, realiz\u00f3 en el a\u00f1o 2009 el <a href=\"https:\/\/duopower.es\/prevenir-entumecimiento-genital-disfuncion-sexual\" target=\"_blank\" rel=\"noopener\">siguiente estudio<\/a> que avala el uso de sillines sin punta.<\/p>","protected":false},"excerpt":{"rendered":"<p>\u00bfPor qu\u00e9 un sill\u00edn sin punta? Cualquier persona que utiliza la bicicleta bicicleta, por ocio, para un uso deportivo o como parte de su trabajo, puede estar en riesgo de sufrir entumecimiento genital o problemas sexuales o de salud reproductiva m\u00e1s graves debido a la presi\u00f3n que el sill\u00edn de la bicicleta tradicional ejerce en [&hellip;]<\/p>","protected":false},"featured_media":101689,"comment_status":"open","ping_status":"closed","template":"","meta":{"inline_featured_image":false},"product_brand":[],"product_cat":[617,619,621],"product_tag":[305,307,306,308,152,151],"class_list":{"0":"post-101666","1":"product","2":"type-product","3":"status-publish","4":"has-post-thumbnail","6":"product_cat-carretera","7":"product_cat-mtb-gravel-doupower-sillin-sin-punta","8":"product_cat-urban-doupower-sillin-sin-punta","9":"product_tag-boira","10":"product_tag-boira-plus","11":"product_tag-duopower-boira","12":"product_tag-duopower-boira-plus","13":"product_tag-road-saddle","14":"product_tag-sillin-carretera","15":"pa_ancho-132-mm","16":"pa_color-negro-negro","17":"pa_rail-cromo","19":"first","20":"instock","21":"taxable","22":"shipping-taxable","23":"purchasable","24":"product-type-variable"},"exclude_global_add_ons":[],"addons":[],"_links":{"self":[{"href":"https:\/\/essax.es\/fr\/wp-json\/wp\/v2\/product\/101666"}],"collection":[{"href":"https:\/\/essax.es\/fr\/wp-json\/wp\/v2\/product"}],"about":[{"href":"https:\/\/essax.es\/fr\/wp-json\/wp\/v2\/types\/product"}],"replies":[{"embeddable":true,"href":"https:\/\/essax.es\/fr\/wp-json\/wp\/v2\/comments?post=101666"}],"wp:featuredmedia":[{"embeddable":true,"href":"https:\/\/essax.es\/fr\/wp-json\/wp\/v2\/media\/101689"}],"wp:attachment":[{"href":"https:\/\/essax.es\/fr\/wp-json\/wp\/v2\/media?parent=101666"}],"wp:term":[{"taxonomy":"product_brand","embeddable":true,"href":"https:\/\/essax.es\/fr\/wp-json\/wp\/v2\/product_brand?post=101666"},{"taxonomy":"product_cat","embeddable":true,"href":"https:\/\/essax.es\/fr\/wp-json\/wp\/v2\/product_cat?post=101666"},{"taxonomy":"product_tag","embeddable":true,"href":"https:\/\/essax.es\/fr\/wp-json\/wp\/v2\/product_tag?post=101666"}],"curies":[{"name":"wp","href":"https:\/\/api.w.org\/{rel}","templated":true}]}}