{"id":101985,"date":"2022-09-07T07:33:16","date_gmt":"2022-09-07T07:33:16","guid":{"rendered":"https:\/\/essax.es\/?post_type=product&#038;p=101985"},"modified":"2025-09-01T01:05:45","modified_gmt":"2025-09-01T01:05:45","slug":"era-cromo","status":"publish","type":"product","link":"https:\/\/essax.es\/fr\/product\/era-cromo","title":{"rendered":"Sill\u00edn Biclicleta MTB &#8211; Cromo &#8211; 215 gr &#8211; Mod. Era"},"content":{"rendered":"<p><a href=\"https:\/\/essax.es\/wp-content\/uploads\/2022\/09\/JSG7354-scaled.jpg\"><img fetchpriority=\"high\" decoding=\"async\" class=\"alignright size-medium wp-image-101986\" src=\"https:\/\/essax.es\/wp-content\/uploads\/2022\/09\/JSG7354-300x200.jpg\" alt=\"\" width=\"300\" height=\"200\" \/><\/a>Une nouvelle \u00e8re de confort et de performance. Gr\u00e2ce \u00e0 notre nouvelle selle Era, vous irez aussi vite dans les mont\u00e9es que dans les descentes. Avec son nouveau design ergonomique et sa partie arri\u00e8re cr\u00e9\u00e9e pour offrir une meilleure adh\u00e9rence et stabilit\u00e9, vous aurez le contr\u00f4le du v\u00e9lo dans toutes les situations.<\/p>\n<p>La nouvelle selle Era a \u00e9t\u00e9 con\u00e7ue pour am\u00e9liorer vos sorties EMTB et VTT, en plus d&#039;\u00eatre parfaite pour le Gravel gr\u00e2ce \u00e0 son haut niveau de confort. Enfin, la version 155 mm offre un grand confort pour vos d\u00e9placements urbains.<\/p>","protected":false},"excerpt":{"rendered":"<p>Una nueva era de confort y rendimiento. Gracias a nuestro nuevo sill\u00edn Era, ir\u00e1s tan r\u00e1pido en las subidas como en las bajadas. Con su nuevo dise\u00f1o ergon\u00f3mico y su parte trasera creada para ofrecer un mayor agarre y estabilidad, tendr\u00e1s el control de la bicicleta en cualquier situaci\u00f3n. El nuevo sill\u00edn Era ha sido [&hellip;]<\/p>","protected":false},"featured_media":101979,"comment_status":"open","ping_status":"closed","template":"","meta":{"inline_featured_image":false},"product_brand":[],"product_cat":[153,608,609,154],"product_tag":[288,328,287,191],"class_list":{"0":"post-101985","1":"product","2":"type-product","3":"status-publish","4":"has-post-thumbnail","6":"product_cat-sillines-carretera","7":"product_cat-sillin-carretera-era","8":"product_cat-sillin-mtb-era","9":"product_cat-mtb-gravel","10":"product_tag-emtb","11":"product_tag-era","12":"product_tag-montana","13":"product_tag-mtb","14":"pa_ancho-145-mm","15":"pa_ancho-155-mm","16":"pa_color-negro-negro","17":"pa_rail-cromo","19":"first","20":"instock","21":"taxable","22":"shipping-taxable","23":"purchasable","24":"product-type-variable"},"exclude_global_add_ons":[],"addons":[],"_links":{"self":[{"href":"https:\/\/essax.es\/fr\/wp-json\/wp\/v2\/product\/101985"}],"collection":[{"href":"https:\/\/essax.es\/fr\/wp-json\/wp\/v2\/product"}],"about":[{"href":"https:\/\/essax.es\/fr\/wp-json\/wp\/v2\/types\/product"}],"replies":[{"embeddable":true,"href":"https:\/\/essax.es\/fr\/wp-json\/wp\/v2\/comments?post=101985"}],"wp:featuredmedia":[{"embeddable":true,"href":"https:\/\/essax.es\/fr\/wp-json\/wp\/v2\/media\/101979"}],"wp:attachment":[{"href":"https:\/\/essax.es\/fr\/wp-json\/wp\/v2\/media?parent=101985"}],"wp:term":[{"taxonomy":"product_brand","embeddable":true,"href":"https:\/\/essax.es\/fr\/wp-json\/wp\/v2\/product_brand?post=101985"},{"taxonomy":"product_cat","embeddable":true,"href":"https:\/\/essax.es\/fr\/wp-json\/wp\/v2\/product_cat?post=101985"},{"taxonomy":"product_tag","embeddable":true,"href":"https:\/\/essax.es\/fr\/wp-json\/wp\/v2\/product_tag?post=101985"}],"curies":[{"name":"wp","href":"https:\/\/api.w.org\/{rel}","templated":true}]}}