{"id":102012,"date":"2022-09-12T07:15:14","date_gmt":"2022-09-12T07:15:14","guid":{"rendered":"https:\/\/essax.es\/?post_type=product&#038;p=102012"},"modified":"2024-12-10T10:02:43","modified_gmt":"2024-12-10T10:02:43","slug":"aitana-titanio-2","status":"publish","type":"product","link":"https:\/\/essax.es\/fr\/product\/aitana-titanio-2","title":{"rendered":"Sill\u00edn Bicicleta Carretera &#8211; Titanio &#8211; 140 gr &#8211; Mod. Aitana"},"content":{"rendered":"<p><a href=\"https:\/\/essax.es\/wp-content\/uploads\/2021\/11\/equipo-essax.jpg\"><img fetchpriority=\"high\" decoding=\"async\" class=\"alignright size-medium wp-image-101582\" src=\"https:\/\/essax.es\/wp-content\/uploads\/2021\/11\/equipo-essax-235x300.jpg\" alt=\"\" width=\"235\" height=\"300\" srcset=\"https:\/\/essax.es\/wp-content\/uploads\/2021\/11\/equipo-essax-235x300.jpg 235w, https:\/\/essax.es\/wp-content\/uploads\/2021\/11\/equipo-essax-9x12.jpg 9w, https:\/\/essax.es\/wp-content\/uploads\/2021\/11\/equipo-essax-768x979.jpg 768w, https:\/\/essax.es\/wp-content\/uploads\/2021\/11\/equipo-essax-769x980.jpg 769w, https:\/\/essax.es\/wp-content\/uploads\/2021\/11\/equipo-essax-84x107.jpg 84w, https:\/\/essax.es\/wp-content\/uploads\/2021\/11\/equipo-essax-200x255.jpg 200w, https:\/\/essax.es\/wp-content\/uploads\/2021\/11\/equipo-essax-450x574.jpg 450w, https:\/\/essax.es\/wp-content\/uploads\/2021\/11\/equipo-essax-600x765.jpg 600w, https:\/\/essax.es\/wp-content\/uploads\/2021\/11\/equipo-essax-620x790.jpg 620w, https:\/\/essax.es\/wp-content\/uploads\/2021\/11\/equipo-essax.jpg 800w\" sizes=\"(max-width: 235px) 100vw, 235px\" \/><\/a><\/p>\n<p>Pr\u00e9sentation de notre nouvelle selle Aitana : l&#039;expression maximale de la vitesse et des performances inaccessibles.<\/p>\n<p>Gr\u00e2ce \u00e0 sa nouvelle construction en carbone et \u00e0 ses mat\u00e9riaux ultral\u00e9gers, vous le remarquerez \u00e0 peine sur votre v\u00e9lo. Cette selle est con\u00e7ue pour ceux qui recherchent l&#039;\u00e9quilibre parfait entre l\u00e9g\u00e8ret\u00e9 et r\u00e9sistance, vous permettant d&#039;atteindre votre potentiel maximum \u00e0 chaque coup de p\u00e9dale. La r\u00e9duction de poids ne compromet pas sa durabilit\u00e9, garantissant que la selle Aitana vous accompagne dans tous vos d\u00e9fis cyclistes.<\/p>\n<p>Mais pour obtenir ces hautes performances, nous n&#039;avons pas oubli\u00e9 le confort et l&#039;ergonomie. La nouvelle selle Aitana conserve les caract\u00e9ristiques ergonomiques de ses pr\u00e9d\u00e9cesseurs, vous permettant de parcourir de longues distances \u00e0 v\u00e9lo sans probl\u00e8mes ni inconfort. Sa conception comprend un canal central qui favorise le flux d&#039;oxyg\u00e8ne, minimise la pression et pr\u00e9vient les engourdissements, afin que vous puissiez donner le meilleur de vous-m\u00eame plus longtemps. De plus, son profil soigneusement con\u00e7u et ses mat\u00e9riaux avanc\u00e9s offrent une excellente r\u00e9partition du poids et un excellent amorti, r\u00e9duisant ainsi la fatigue et augmentant votre confort sur tous les terrains.<\/p>\n<p>La selle Aitana vous offre non seulement vitesse et performance, mais aussi une exp\u00e9rience cycliste sans pr\u00e9c\u00e9dent. La combinaison d&#039;une technologie de pointe et d&#039;une attention port\u00e9e aux d\u00e9tails fait de cette selle une option imbattable pour les cyclistes les plus exigeants.<\/p>\n<p>Vos rivaux ne vous verront pas passer. Avec la selle Aitana, vous aurez toujours une longueur d&#039;avance, profitant de chaque kilom\u00e8tre avec la certitude d&#039;avoir le meilleur sous vous. Transformez chaque sortie en une opportunit\u00e9 de repousser vos limites et de d\u00e9couvrir de nouvelles fronti\u00e8res avec la selle Aitana d&#039;Essax.<\/p>","protected":false},"excerpt":{"rendered":"<p>Presentamos nuestro nuevo sill\u00edn Aitana: la m\u00e1xima expresi\u00f3n de velocidad y rendimiento inalcanzable. Gracias a su nueva construcci\u00f3n en carbono y materiales ultraligeros, apenas notar\u00e1s que est\u00e1 en tu bicicleta. Este sill\u00edn est\u00e1 dise\u00f1ado para aquellos que buscan el equilibrio perfecto entre ligereza y resistencia, permiti\u00e9ndote alcanzar tu m\u00e1ximo potencial en cada pedalada. La reducci\u00f3n [&hellip;]<\/p>","protected":false},"featured_media":102082,"comment_status":"open","ping_status":"closed","template":"","meta":{"inline_featured_image":false},"product_brand":[],"product_cat":[600,153],"product_tag":[175,334,331,333,184,332],"class_list":{"0":"post-102012","1":"product","2":"type-product","3":"status-publish","4":"has-post-thumbnail","6":"product_cat-sillin-carretera-aitana","7":"product_cat-sillines-carretera","8":"product_tag-carretera","9":"product_tag-ligero","10":"product_tag-light","11":"product_tag-performance","12":"product_tag-road","13":"product_tag-titanio","15":"first","16":"outofstock","17":"taxable","18":"shipping-taxable","19":"purchasable","20":"product-type-simple"},"exclude_global_add_ons":[],"addons":[],"_links":{"self":[{"href":"https:\/\/essax.es\/fr\/wp-json\/wp\/v2\/product\/102012"}],"collection":[{"href":"https:\/\/essax.es\/fr\/wp-json\/wp\/v2\/product"}],"about":[{"href":"https:\/\/essax.es\/fr\/wp-json\/wp\/v2\/types\/product"}],"replies":[{"embeddable":true,"href":"https:\/\/essax.es\/fr\/wp-json\/wp\/v2\/comments?post=102012"}],"wp:featuredmedia":[{"embeddable":true,"href":"https:\/\/essax.es\/fr\/wp-json\/wp\/v2\/media\/102082"}],"wp:attachment":[{"href":"https:\/\/essax.es\/fr\/wp-json\/wp\/v2\/media?parent=102012"}],"wp:term":[{"taxonomy":"product_brand","embeddable":true,"href":"https:\/\/essax.es\/fr\/wp-json\/wp\/v2\/product_brand?post=102012"},{"taxonomy":"product_cat","embeddable":true,"href":"https:\/\/essax.es\/fr\/wp-json\/wp\/v2\/product_cat?post=102012"},{"taxonomy":"product_tag","embeddable":true,"href":"https:\/\/essax.es\/fr\/wp-json\/wp\/v2\/product_tag?post=102012"}],"curies":[{"name":"wp","href":"https:\/\/api.w.org\/{rel}","templated":true}]}}