{"id":102014,"date":"2022-09-12T08:57:01","date_gmt":"2022-09-12T08:57:01","guid":{"rendered":"https:\/\/essax.es\/?post_type=product&#038;p=102014"},"modified":"2026-03-24T10:39:40","modified_gmt":"2026-03-24T10:39:40","slug":"iris-acero","status":"publish","type":"product","link":"https:\/\/essax.es\/fr\/product\/iris-acero","title":{"rendered":"Sill\u00edn Bicicleta Carretera \/ MTB &#8211; Acero &#8211; 280gr &#8211; Mod. Iris"},"content":{"rendered":"<p><a href=\"https:\/\/essax.es\/wp-content\/uploads\/2021\/11\/x-sauce.jpg\"><img fetchpriority=\"high\" decoding=\"async\" class=\"alignright size-medium wp-image-101586\" src=\"https:\/\/essax.es\/wp-content\/uploads\/2021\/11\/x-sauce-235x300.jpg\" alt=\"\" width=\"235\" height=\"300\" srcset=\"https:\/\/essax.es\/wp-content\/uploads\/2021\/11\/x-sauce-235x300.jpg 235w, https:\/\/essax.es\/wp-content\/uploads\/2021\/11\/x-sauce-9x12.jpg 9w, https:\/\/essax.es\/wp-content\/uploads\/2021\/11\/x-sauce-768x979.jpg 768w, https:\/\/essax.es\/wp-content\/uploads\/2021\/11\/x-sauce-769x980.jpg 769w, https:\/\/essax.es\/wp-content\/uploads\/2021\/11\/x-sauce-84x107.jpg 84w, https:\/\/essax.es\/wp-content\/uploads\/2021\/11\/x-sauce-200x255.jpg 200w, https:\/\/essax.es\/wp-content\/uploads\/2021\/11\/x-sauce-450x574.jpg 450w, https:\/\/essax.es\/wp-content\/uploads\/2021\/11\/x-sauce-600x765.jpg 600w, https:\/\/essax.es\/wp-content\/uploads\/2021\/11\/x-sauce-620x790.jpg 620w, https:\/\/essax.es\/wp-content\/uploads\/2021\/11\/x-sauce.jpg 800w\" sizes=\"(max-width: 235px) 100vw, 235px\" \/><\/a><\/p>\n<p>Confort maximal. La nouvelle selle Iris est bas\u00e9e sur la m\u00eame structure que sa s\u0153ur Aitana, mais avec le r\u00e9glage du confort port\u00e9 au plus haut niveau. M\u00e9ticuleusement con\u00e7u pour offrir une exp\u00e9rience cycliste sup\u00e9rieure, l&#039;Iris est le r\u00e9sultat d&#039;un processus de d\u00e9veloppement ax\u00e9 sur l&#039;utilisateur et d&#039;une analyse d\u00e9taill\u00e9e des besoins de nos cyclistes.<\/p>\n<p>L&#039;id\u00e9e de l&#039;Iris est n\u00e9e apr\u00e8s avoir \u00e9cout\u00e9 les \u00e9normes retours de nos clients et athl\u00e8tes, qui recherchent une selle confortable pour de longues journ\u00e9es \u00e0 v\u00e9lo, que ce soit lors de sorties entre amis et en famille ou lors de voyages solitaires. Sans renoncer aux caract\u00e9ristiques ergonomiques avanc\u00e9es qui caract\u00e9risent la version routi\u00e8re, l&#039;Iris int\u00e8gre des am\u00e9liorations significatives pour maximiser le confort sans compromettre les performances.<\/p>\n<p>Avec des r\u00e9sultats incroyables chez les enfants comme chez les adultes, la selle Iris s&#039;adapte parfaitement \u00e0 tous les \u00e2ges et niveaux d&#039;exp\u00e9rience. Sa conception polyvalente et ergonomique en fait un choix id\u00e9al pour tout type de cycliste, offrant un confort exceptionnel \u00e0 chaque coup de p\u00e9dale.<\/p>\n<p>Id\u00e9ale aussi bien pour la montagne que pour les routes, l&#039;Iris est la selle la plus ergonomique et la plus polyvalente de notre gamme. Sa structure robuste et l\u00e9g\u00e8re, combin\u00e9e \u00e0 des mat\u00e9riaux de haute qualit\u00e9, garantit durabilit\u00e9 et r\u00e9sistance, tandis que sa conception soigneusement con\u00e7ue assure une r\u00e9partition uniforme du poids, r\u00e9duisant les points de pression et \u00e9vitant l&#039;inconfort lors de longs trajets.<\/p>\n<p>L&#039;Iris n&#039;est pas seulement une am\u00e9lioration du confort, mais aussi de la performance. Sa forme innovante et son rembourrage optimis\u00e9 permettent une plus grande libert\u00e9 de mouvement et une meilleure posture, r\u00e9sultant en une exp\u00e9rience cycliste plus efficace et plus agr\u00e9able. Que vous affrontiez des terrains accident\u00e9s en montagne ou que vous parcouriez de longues distances sur route, l&#039;Iris vous offre le soutien dont vous avez besoin pour surmonter tous les d\u00e9fis.<\/p>\n<p>La nouvelle selle Iris d&#039;Essax est sans aucun doute un investissement dans la qualit\u00e9 et le confort. Avec lui, vous ne pouvez pas vous tromper. C&#039;est l&#039;option parfaite pour ceux qui recherchent le meilleur en mati\u00e8re d&#039;ergonomie, de polyvalence et de performances lors de leurs aventures \u00e0 v\u00e9lo.<\/p>","protected":false},"excerpt":{"rendered":"<p>M\u00e1ximo confort. El nuevo sill\u00edn Iris est\u00e1 basado en la misma estructura que su hermano Aitana, pero con el ajuste de comodidad llevado al m\u00e1ximo nivel. Dise\u00f1ado meticulosamente para ofrecer una experiencia de ciclismo superior, el Iris es el resultado de un proceso de desarrollo centrado en el usuario y en el an\u00e1lisis detallado de [&hellip;]<\/p>","protected":false},"featured_media":102097,"comment_status":"open","ping_status":"closed","template":"","meta":{"inline_featured_image":false},"product_brand":[],"product_cat":[153,602,604,154],"product_tag":[340,175,337,339,338,287,184,336],"class_list":{"0":"post-102014","1":"product","2":"type-product","3":"status-publish","4":"has-post-thumbnail","6":"product_cat-sillines-carretera","7":"product_cat-sillin-carretera-iris","8":"product_cat-mtb-gravel-iris","9":"product_cat-mtb-gravel","10":"product_tag-acero","11":"product_tag-carretera","12":"product_tag-confort","13":"product_tag-fec","14":"product_tag-iris","15":"product_tag-montana","16":"product_tag-road","17":"product_tag-tmb","19":"first","20":"instock","21":"taxable","22":"shipping-taxable","23":"purchasable","24":"product-type-simple"},"exclude_global_add_ons":[],"addons":[],"_links":{"self":[{"href":"https:\/\/essax.es\/fr\/wp-json\/wp\/v2\/product\/102014"}],"collection":[{"href":"https:\/\/essax.es\/fr\/wp-json\/wp\/v2\/product"}],"about":[{"href":"https:\/\/essax.es\/fr\/wp-json\/wp\/v2\/types\/product"}],"replies":[{"embeddable":true,"href":"https:\/\/essax.es\/fr\/wp-json\/wp\/v2\/comments?post=102014"}],"wp:featuredmedia":[{"embeddable":true,"href":"https:\/\/essax.es\/fr\/wp-json\/wp\/v2\/media\/102097"}],"wp:attachment":[{"href":"https:\/\/essax.es\/fr\/wp-json\/wp\/v2\/media?parent=102014"}],"wp:term":[{"taxonomy":"product_brand","embeddable":true,"href":"https:\/\/essax.es\/fr\/wp-json\/wp\/v2\/product_brand?post=102014"},{"taxonomy":"product_cat","embeddable":true,"href":"https:\/\/essax.es\/fr\/wp-json\/wp\/v2\/product_cat?post=102014"},{"taxonomy":"product_tag","embeddable":true,"href":"https:\/\/essax.es\/fr\/wp-json\/wp\/v2\/product_tag?post=102014"}],"curies":[{"name":"wp","href":"https:\/\/api.w.org\/{rel}","templated":true}]}}