{"id":102028,"date":"2022-09-12T09:51:30","date_gmt":"2022-09-12T09:51:30","guid":{"rendered":"https:\/\/essax.es\/?post_type=product&#038;p=102028"},"modified":"2025-10-24T09:22:31","modified_gmt":"2025-10-24T09:22:31","slug":"tudons-carbono-3","status":"publish","type":"product","link":"https:\/\/essax.es\/fr\/product\/tudons-carbono-3","title":{"rendered":"Selle de v\u00e9lo route\/VTT \u2013 Carbone \u2013 155gr \u2013 Mod."},"content":{"rendered":"<p><a href=\"https:\/\/essax.es\/wp-content\/uploads\/2022\/09\/JSG7385-scaled.jpg\"><img fetchpriority=\"high\" decoding=\"async\" class=\"alignright wp-image-102022\" src=\"https:\/\/essax.es\/wp-content\/uploads\/2022\/09\/JSG7385-300x200.jpg\" alt=\"\" width=\"500\" height=\"333\" \/><\/a><\/p>\n<p>Robuste et polyvalent. Ce sont les normes que nous avons utilis\u00e9es pour d\u00e9velopper la nouvelle selle Tudons.<\/p>\n<p>La nouvelle selle Tudons est si polyvalente que nous l&#039;avons test\u00e9e sur diff\u00e9rents types de v\u00e9los : EMTB, Gravel, Trekking et Road, obtenant des r\u00e9sultats incroyables dans chacun d&#039;eux. Quel que soit le terrain ou la modalit\u00e9, le Tudons s&#039;est av\u00e9r\u00e9 \u00eatre un compagnon fiable, s&#039;adaptant parfaitement aux diff\u00e9rents besoins et styles de conduite.<\/p>\n<p>En nous appuyant sur les bases ergonomiques de ses fr\u00e8res et s\u0153urs, nous avons ins\u00e9r\u00e9 une partie centrale couverte qui offre tous les avantages ergonomiques essentiels. Cet ajout optimise non seulement le confort en r\u00e9duisant les points de pression, mais contribue \u00e9galement \u00e0 une meilleure ventilation et circulation de l&#039;air, cruciales pour les longues journ\u00e9es de conduite.<\/p>\n<p>De plus, nous avons am\u00e9lior\u00e9 la r\u00e9sistance et la durabilit\u00e9 de la selle, en utilisant des mat\u00e9riaux de haute qualit\u00e9 et des techniques de fabrication avanc\u00e9es. Le r\u00e9sultat est une selle qui offre non seulement des performances sup\u00e9rieures en termes de confort et d&#039;ergonomie, mais qui r\u00e9siste \u00e9galement aux conditions les plus exigeantes et \u00e0 une utilisation intensive sans compromettre son int\u00e9grit\u00e9.<\/p>\n<p>Les Tudons peuvent devenir la seule selle dont vous avez besoin, quelle que soit la modalit\u00e9 que vous pratiquez. Sa conception robuste et son adaptabilit\u00e9 exceptionnelle vous garantissent d&#039;\u00eatre toujours pr\u00eat \u00e0 relever n&#039;importe quel d\u00e9fi, que ce soit lors d&#039;une aventure tout-terrain, d&#039;un itin\u00e9raire longue distance ou d&#039;une promenade tranquille en ville. Avec la selle Tudons, confort, r\u00e9sistance et polyvalence sont garantis \u00e0 chaque coup de p\u00e9dale.<\/p>","protected":false},"excerpt":{"rendered":"<p>Robusto y vers\u00e1til. Esas fueron las normas que utilizamos para desarrollar el nuevo sill\u00edn Tudons. El nuevo sill\u00edn Tudons es tan vers\u00e1til que lo hemos probado en diferentes tipos de bicicletas: EMTB&#8217;s, Gravel, Trekking y Carretera, obteniendo resultados incre\u00edbles en cada una de ellas. No importa el terreno o la modalidad, el Tudons ha demostrado [&hellip;]<\/p>","protected":false},"featured_media":102091,"comment_status":"open","ping_status":"closed","template":"","meta":{"inline_featured_image":false},"product_brand":[],"product_cat":[153,154,601,603],"product_tag":[],"class_list":{"0":"post-102028","1":"product","2":"type-product","3":"status-publish","4":"has-post-thumbnail","6":"product_cat-sillines-carretera","7":"product_cat-mtb-gravel","8":"product_cat-sillin-carretera-tudons","9":"product_cat-mtb-gravel-tudons","10":"pa_ancho-140-mm","11":"pa_color-negro-negro","12":"pa_rail-carbono","14":"first","15":"instock","16":"taxable","17":"shipping-taxable","18":"purchasable","19":"product-type-simple"},"exclude_global_add_ons":[],"addons":[],"_links":{"self":[{"href":"https:\/\/essax.es\/fr\/wp-json\/wp\/v2\/product\/102028"}],"collection":[{"href":"https:\/\/essax.es\/fr\/wp-json\/wp\/v2\/product"}],"about":[{"href":"https:\/\/essax.es\/fr\/wp-json\/wp\/v2\/types\/product"}],"replies":[{"embeddable":true,"href":"https:\/\/essax.es\/fr\/wp-json\/wp\/v2\/comments?post=102028"}],"wp:featuredmedia":[{"embeddable":true,"href":"https:\/\/essax.es\/fr\/wp-json\/wp\/v2\/media\/102091"}],"wp:attachment":[{"href":"https:\/\/essax.es\/fr\/wp-json\/wp\/v2\/media?parent=102028"}],"wp:term":[{"taxonomy":"product_brand","embeddable":true,"href":"https:\/\/essax.es\/fr\/wp-json\/wp\/v2\/product_brand?post=102028"},{"taxonomy":"product_cat","embeddable":true,"href":"https:\/\/essax.es\/fr\/wp-json\/wp\/v2\/product_cat?post=102028"},{"taxonomy":"product_tag","embeddable":true,"href":"https:\/\/essax.es\/fr\/wp-json\/wp\/v2\/product_tag?post=102028"}],"curies":[{"name":"wp","href":"https:\/\/api.w.org\/{rel}","templated":true}]}}